{"id":158,"date":"2018-04-05T18:59:26","date_gmt":"2018-04-05T18:59:26","guid":{"rendered":"https:\/\/vsv-ijmuiden.nl\/kwaliteit\/"},"modified":"2026-03-26T16:42:25","modified_gmt":"2026-03-26T15:42:25","slug":"qualitaet","status":"publish","type":"page","link":"https:\/\/vsv-ijmuiden.nl\/de\/qualitaet\/","title":{"rendered":"Qualit\u00e4t"},"content":{"rendered":"<div id='layer_slider_1'  class='avia-layerslider main_color avia-shadow  avia-builder-el-0  el_before_av_two_third  avia-builder-el-first  container_wrap fullsize'  style='height: 231px; max-width: 1100px; margin: 0 auto;'  ><\/div><div id='after_layer_slider_1'  class='main_color av_default_container_wrap container_wrap fullsize'  ><div class='container av-section-cont-open' ><div class='template-page content  av-content-full alpha units'><div class='post-entry post-entry-type-page post-entry-158'><div class='entry-content-wrapper clearfix'>\n\n<style type=\"text\/css\" data-created_by=\"avia_inline_auto\" id=\"style-css-av-ea0e-856854e876cc62d7e763252eba6a93c0\">\n.flex_column.av-ea0e-856854e876cc62d7e763252eba6a93c0{\nborder-radius:0px 0px 0px 0px;\npadding:0px 0px 0px 0px;\n}\n<\/style>\n<div  class='flex_column av-ea0e-856854e876cc62d7e763252eba6a93c0 av_two_third  avia-builder-el-1  el_after_av_layerslider  el_before_av_one_third  avia-builder-el-first  first flex_column_div av-zero-column-padding  '     ><section  class='av_textblock_section av-jsvns97a-9569547fbb91bac696db904bbcb50a4a '   itemscope=\"itemscope\" itemtype=\"https:\/\/schema.org\/CreativeWork\" ><div class='avia_textblock'  itemprop=\"text\" ><h2 class=\"shortcode_h2\">Qualit\u00e4t<\/h2>\n<p>VSV garantiert die Lebensmittelqualit\u00e4ts- und -sicherheitskette. VSV wurde nach BRC, IFS, MSC und ASC zertifiziert. Die Zertifizierungen werden jedes Jahr \u00fcberpr\u00fcft.<\/p>\n<p>VSV misst der Hygiene hohe Bedeutung bei. So werden unter anderem jede Woche Proben verschiedener Fischsorten genommen. Diese werden in einem qualifizierten externen Labor mikrobiologisch analysiert. Der Fisch wird entsprechend den Kundenw\u00fcnschen verpackt. Wir verwenden vor allem EPS (Polystyrol)-Verpackungen und daneben seit kurzem 100 % recycelbares PP (Polypropylen).<\/p>\n<\/div><\/section><br \/>\n\n<style type=\"text\/css\" data-created_by=\"avia_inline_auto\" id=\"style-css-av-3juqu-db1311f687981dcd18c5130353eb7252\">\n#top .hr.hr-invisible.av-3juqu-db1311f687981dcd18c5130353eb7252{\nheight:30px;\n}\n<\/style>\n<div  class='hr av-3juqu-db1311f687981dcd18c5130353eb7252 hr-invisible  avia-builder-el-3  el_after_av_textblock  el_before_av_textblock '><span class='hr-inner '><span class=\"hr-inner-style\"><\/span><\/span><\/div><br \/>\n<section  class='av_textblock_section av-tofuu-9f3ea9fd28cdcbda0a708c1fd5a6c19c '   itemscope=\"itemscope\" itemtype=\"https:\/\/schema.org\/CreativeWork\" ><div class='avia_textblock'  itemprop=\"text\" ><h3>Zertifizierungen<\/h3>\n<\/div><\/section><br \/>\n\n<style type=\"text\/css\" data-created_by=\"avia_inline_auto\" id=\"style-css-av-li79i-6fb83a35fd230a786c13da957ad6d50b\">\n#top .hr.hr-invisible.av-li79i-6fb83a35fd230a786c13da957ad6d50b{\nheight:10px;\n}\n<\/style>\n<div  class='hr av-li79i-6fb83a35fd230a786c13da957ad6d50b hr-invisible  avia-builder-el-5  el_after_av_textblock  el_before_av_textblock '><span class='hr-inner '><span class=\"hr-inner-style\"><\/span><\/span><\/div><br \/>\n<section  class='av_textblock_section av-6okm6-7d599e5d9a5c4aad778595edca05a6ab '   itemscope=\"itemscope\" itemtype=\"https:\/\/schema.org\/CreativeWork\" ><div class='avia_textblock'  itemprop=\"text\" ><p><img loading=\"lazy\" decoding=\"async\" class=\"alignnone wp-image-7388 \" src=\"https:\/\/vsv-ijmuiden.nl\/wp-content\/uploads\/2026\/03\/BRCGS_CERT_FOOD_LOGO_RGB-300x226.png\" alt=\"\" width=\"93\" height=\"70\" srcset=\"https:\/\/vsv-ijmuiden.nl\/wp-content\/uploads\/2026\/03\/BRCGS_CERT_FOOD_LOGO_RGB-300x226.png 300w, https:\/\/vsv-ijmuiden.nl\/wp-content\/uploads\/2026\/03\/BRCGS_CERT_FOOD_LOGO_RGB.png 690w\" sizes=\"auto, (max-width: 93px) 100vw, 93px\" \/>\u00a0\u00a0<img loading=\"lazy\" decoding=\"async\" class=\"alignnone size-full wp-image-112\" src=\"https:\/\/vsv-ijmuiden.nl\/wp-content\/uploads\/2018\/04\/msc-vsv-en-2.jpg\" alt=\"\" width=\"107\" height=\"60\" \/><img loading=\"lazy\" decoding=\"async\" class=\"alignnone size-full wp-image-116\" src=\"https:\/\/vsv-ijmuiden.nl\/wp-content\/uploads\/2018\/04\/ifs-food-logo.jpg\" alt=\"\" width=\"107\" height=\"60\" \/>\u00a0\u00a0<a href=\"https:\/\/www.ifs-certification.com\/index.php\/en\/\" target=\"_blank\" rel=\"noopener\"><img loading=\"lazy\" decoding=\"async\" class=\"alignnone size-full wp-image-113\" src=\"https:\/\/vsv-ijmuiden.nl\/wp-content\/uploads\/2018\/04\/ifs-broker-logo.jpg\" alt=\"\" width=\"107\" height=\"60\" \/><\/a><\/p>\n<\/div><\/section><\/p><\/div>\n<style type=\"text\/css\" data-created_by=\"avia_inline_auto\" id=\"style-css-av-dcv2u-50462269b90e491c935d1ca4a25e31ec\">\n.flex_column.av-dcv2u-50462269b90e491c935d1ca4a25e31ec{\nborder-radius:0px 0px 0px 0px;\npadding:0px 0px 0px 0px;\n}\n<\/style>\n<div  class='flex_column av-dcv2u-50462269b90e491c935d1ca4a25e31ec av_one_third  avia-builder-el-7  el_after_av_two_third  avia-builder-el-last  flex_column_div av-zero-column-padding  '     ><section  class='av_textblock_section av-bkzp2-6d6da61828a8c8aec146ce1b741ce689 '   itemscope=\"itemscope\" itemtype=\"https:\/\/schema.org\/CreativeWork\" ><div class='avia_textblock'  itemprop=\"text\" ><h4 class=\"shortcode_h5\">Zeevisgroothandel V.S.V.<br \/>\nVan Slooten Vis IJmuiden B.V.<\/h4>\n<p>Vissershavenstraat 35<br \/>\n1976 DB IJmuiden<br \/>\nDie Niederlande<\/p>\n<p><a href=\"mailto:vsv@vsv-ijmuiden.nl\">vsv@vsv-ijmuiden.nl<\/a><\/p>\n<p>Tel. +31 (0) 255 537 576<br \/>\nFax +31 (0) 255 513 729<\/p>\n<\/div><\/section><\/div><\/p>\n","protected":false},"excerpt":{"rendered":"","protected":false},"author":1,"featured_media":160,"parent":0,"menu_order":0,"comment_status":"closed","ping_status":"closed","template":"","meta":{"footnotes":""},"class_list":["post-158","page","type-page","status-publish","has-post-thumbnail","hentry"],"yoast_head":"<!-- This site is optimized with the Yoast SEO plugin v27.4 - https:\/\/yoast.com\/product\/yoast-seo-wordpress\/ -->\n<title>Qualit\u00e4t | Zertifizierungen | V.S.V. Van Slooten Vis IJmuiden<\/title>\n<meta name=\"description\" content=\"VSV garantiert die Lebensmittelqualit\u00e4ts- und -sicherheitskette. VSV wurde nach BRC, IFS, MSC, ASC und Naturland zertifiziert. Die Zertifizierungen werden jedes Jahr \u00fcberpr\u00fcft.\" \/>\n<meta name=\"robots\" content=\"index, follow, max-snippet:-1, max-image-preview:large, max-video-preview:-1\" \/>\n<link rel=\"canonical\" href=\"https:\/\/vsv-ijmuiden.nl\/de\/qualitaet\/\" \/>\n<meta property=\"og:locale\" content=\"de_DE\" \/>\n<meta property=\"og:type\" content=\"article\" \/>\n<meta property=\"og:title\" content=\"Qualit\u00e4t | Zertifizierungen | V.S.V. Van Slooten Vis IJmuiden\" \/>\n<meta property=\"og:description\" content=\"VSV garantiert die Lebensmittelqualit\u00e4ts- und -sicherheitskette. VSV wurde nach BRC, IFS, MSC, ASC und Naturland zertifiziert. Die Zertifizierungen werden jedes Jahr \u00fcberpr\u00fcft.\" \/>\n<meta property=\"og:url\" content=\"https:\/\/vsv-ijmuiden.nl\/de\/qualitaet\/\" \/>\n<meta property=\"og:site_name\" content=\"Van Slooten Vis IJmuiden\" \/>\n<meta property=\"article:modified_time\" content=\"2026-03-26T15:42:25+00:00\" \/>\n<meta property=\"og:image\" content=\"https:\/\/vsv-ijmuiden.nl\/wp-content\/uploads\/2018\/04\/rode-poon-kwaliteit-1100.jpg\" \/>\n\t<meta property=\"og:image:width\" content=\"1100\" \/>\n\t<meta property=\"og:image:height\" content=\"229\" \/>\n\t<meta property=\"og:image:type\" content=\"image\/jpeg\" \/>\n<meta name=\"twitter:card\" content=\"summary_large_image\" \/>\n<meta name=\"twitter:label1\" content=\"Est. reading time\" \/>\n\t<meta name=\"twitter:data1\" content=\"2 minutes\" \/>\n<script type=\"application\/ld+json\" class=\"yoast-schema-graph\">{\"@context\":\"https:\\\/\\\/schema.org\",\"@graph\":[{\"@type\":\"WebPage\",\"@id\":\"https:\\\/\\\/vsv-ijmuiden.nl\\\/de\\\/qualitaet\\\/\",\"url\":\"https:\\\/\\\/vsv-ijmuiden.nl\\\/de\\\/qualitaet\\\/\",\"name\":\"Qualit\u00e4t | Zertifizierungen | V.S.V. Van Slooten Vis IJmuiden\",\"isPartOf\":{\"@id\":\"https:\\\/\\\/vsv-ijmuiden.nl\\\/#website\"},\"primaryImageOfPage\":{\"@id\":\"https:\\\/\\\/vsv-ijmuiden.nl\\\/de\\\/qualitaet\\\/#primaryimage\"},\"image\":{\"@id\":\"https:\\\/\\\/vsv-ijmuiden.nl\\\/de\\\/qualitaet\\\/#primaryimage\"},\"thumbnailUrl\":\"https:\\\/\\\/vsv-ijmuiden.nl\\\/wp-content\\\/uploads\\\/2018\\\/04\\\/rode-poon-kwaliteit-1100.jpg\",\"datePublished\":\"2018-04-05T18:59:26+00:00\",\"dateModified\":\"2026-03-26T15:42:25+00:00\",\"description\":\"VSV garantiert die Lebensmittelqualit\u00e4ts- und -sicherheitskette. VSV wurde nach BRC, IFS, MSC, ASC und Naturland zertifiziert. Die Zertifizierungen werden jedes Jahr \u00fcberpr\u00fcft.\",\"breadcrumb\":{\"@id\":\"https:\\\/\\\/vsv-ijmuiden.nl\\\/de\\\/qualitaet\\\/#breadcrumb\"},\"inLanguage\":\"de-DE\",\"potentialAction\":[{\"@type\":\"ReadAction\",\"target\":[\"https:\\\/\\\/vsv-ijmuiden.nl\\\/de\\\/qualitaet\\\/\"]}]},{\"@type\":\"ImageObject\",\"inLanguage\":\"de-DE\",\"@id\":\"https:\\\/\\\/vsv-ijmuiden.nl\\\/de\\\/qualitaet\\\/#primaryimage\",\"url\":\"https:\\\/\\\/vsv-ijmuiden.nl\\\/wp-content\\\/uploads\\\/2018\\\/04\\\/rode-poon-kwaliteit-1100.jpg\",\"contentUrl\":\"https:\\\/\\\/vsv-ijmuiden.nl\\\/wp-content\\\/uploads\\\/2018\\\/04\\\/rode-poon-kwaliteit-1100.jpg\",\"width\":1100,\"height\":229},{\"@type\":\"BreadcrumbList\",\"@id\":\"https:\\\/\\\/vsv-ijmuiden.nl\\\/de\\\/qualitaet\\\/#breadcrumb\",\"itemListElement\":[{\"@type\":\"ListItem\",\"position\":1,\"name\":\"Home\",\"item\":\"https:\\\/\\\/vsv-ijmuiden.nl\\\/de\\\/van-slooten-vis-ijmuiden\\\/\"},{\"@type\":\"ListItem\",\"position\":2,\"name\":\"Qualit\u00e4t\"}]},{\"@type\":\"WebSite\",\"@id\":\"https:\\\/\\\/vsv-ijmuiden.nl\\\/#website\",\"url\":\"https:\\\/\\\/vsv-ijmuiden.nl\\\/\",\"name\":\"Van Slooten Vis IJmuiden\",\"description\":\"\",\"potentialAction\":[{\"@type\":\"SearchAction\",\"target\":{\"@type\":\"EntryPoint\",\"urlTemplate\":\"https:\\\/\\\/vsv-ijmuiden.nl\\\/?s={search_term_string}\"},\"query-input\":{\"@type\":\"PropertyValueSpecification\",\"valueRequired\":true,\"valueName\":\"search_term_string\"}}],\"inLanguage\":\"de-DE\"}]}<\/script>\n<!-- \/ Yoast SEO plugin. -->","yoast_head_json":{"title":"Qualit\u00e4t | Zertifizierungen | V.S.V. Van Slooten Vis IJmuiden","description":"VSV garantiert die Lebensmittelqualit\u00e4ts- und -sicherheitskette. VSV wurde nach BRC, IFS, MSC, ASC und Naturland zertifiziert. Die Zertifizierungen werden jedes Jahr \u00fcberpr\u00fcft.","robots":{"index":"index","follow":"follow","max-snippet":"max-snippet:-1","max-image-preview":"max-image-preview:large","max-video-preview":"max-video-preview:-1"},"canonical":"https:\/\/vsv-ijmuiden.nl\/de\/qualitaet\/","og_locale":"de_DE","og_type":"article","og_title":"Qualit\u00e4t | Zertifizierungen | V.S.V. Van Slooten Vis IJmuiden","og_description":"VSV garantiert die Lebensmittelqualit\u00e4ts- und -sicherheitskette. VSV wurde nach BRC, IFS, MSC, ASC und Naturland zertifiziert. Die Zertifizierungen werden jedes Jahr \u00fcberpr\u00fcft.","og_url":"https:\/\/vsv-ijmuiden.nl\/de\/qualitaet\/","og_site_name":"Van Slooten Vis IJmuiden","article_modified_time":"2026-03-26T15:42:25+00:00","og_image":[{"width":1100,"height":229,"url":"https:\/\/vsv-ijmuiden.nl\/wp-content\/uploads\/2018\/04\/rode-poon-kwaliteit-1100.jpg","type":"image\/jpeg"}],"twitter_card":"summary_large_image","twitter_misc":{"Est. reading time":"2 minutes"},"schema":{"@context":"https:\/\/schema.org","@graph":[{"@type":"WebPage","@id":"https:\/\/vsv-ijmuiden.nl\/de\/qualitaet\/","url":"https:\/\/vsv-ijmuiden.nl\/de\/qualitaet\/","name":"Qualit\u00e4t | Zertifizierungen | V.S.V. Van Slooten Vis IJmuiden","isPartOf":{"@id":"https:\/\/vsv-ijmuiden.nl\/#website"},"primaryImageOfPage":{"@id":"https:\/\/vsv-ijmuiden.nl\/de\/qualitaet\/#primaryimage"},"image":{"@id":"https:\/\/vsv-ijmuiden.nl\/de\/qualitaet\/#primaryimage"},"thumbnailUrl":"https:\/\/vsv-ijmuiden.nl\/wp-content\/uploads\/2018\/04\/rode-poon-kwaliteit-1100.jpg","datePublished":"2018-04-05T18:59:26+00:00","dateModified":"2026-03-26T15:42:25+00:00","description":"VSV garantiert die Lebensmittelqualit\u00e4ts- und -sicherheitskette. VSV wurde nach BRC, IFS, MSC, ASC und Naturland zertifiziert. Die Zertifizierungen werden jedes Jahr \u00fcberpr\u00fcft.","breadcrumb":{"@id":"https:\/\/vsv-ijmuiden.nl\/de\/qualitaet\/#breadcrumb"},"inLanguage":"de-DE","potentialAction":[{"@type":"ReadAction","target":["https:\/\/vsv-ijmuiden.nl\/de\/qualitaet\/"]}]},{"@type":"ImageObject","inLanguage":"de-DE","@id":"https:\/\/vsv-ijmuiden.nl\/de\/qualitaet\/#primaryimage","url":"https:\/\/vsv-ijmuiden.nl\/wp-content\/uploads\/2018\/04\/rode-poon-kwaliteit-1100.jpg","contentUrl":"https:\/\/vsv-ijmuiden.nl\/wp-content\/uploads\/2018\/04\/rode-poon-kwaliteit-1100.jpg","width":1100,"height":229},{"@type":"BreadcrumbList","@id":"https:\/\/vsv-ijmuiden.nl\/de\/qualitaet\/#breadcrumb","itemListElement":[{"@type":"ListItem","position":1,"name":"Home","item":"https:\/\/vsv-ijmuiden.nl\/de\/van-slooten-vis-ijmuiden\/"},{"@type":"ListItem","position":2,"name":"Qualit\u00e4t"}]},{"@type":"WebSite","@id":"https:\/\/vsv-ijmuiden.nl\/#website","url":"https:\/\/vsv-ijmuiden.nl\/","name":"Van Slooten Vis IJmuiden","description":"","potentialAction":[{"@type":"SearchAction","target":{"@type":"EntryPoint","urlTemplate":"https:\/\/vsv-ijmuiden.nl\/?s={search_term_string}"},"query-input":{"@type":"PropertyValueSpecification","valueRequired":true,"valueName":"search_term_string"}}],"inLanguage":"de-DE"}]}},"_links":{"self":[{"href":"https:\/\/vsv-ijmuiden.nl\/de\/wp-json\/wp\/v2\/pages\/158","targetHints":{"allow":["GET"]}}],"collection":[{"href":"https:\/\/vsv-ijmuiden.nl\/de\/wp-json\/wp\/v2\/pages"}],"about":[{"href":"https:\/\/vsv-ijmuiden.nl\/de\/wp-json\/wp\/v2\/types\/page"}],"author":[{"embeddable":true,"href":"https:\/\/vsv-ijmuiden.nl\/de\/wp-json\/wp\/v2\/users\/1"}],"replies":[{"embeddable":true,"href":"https:\/\/vsv-ijmuiden.nl\/de\/wp-json\/wp\/v2\/comments?post=158"}],"version-history":[{"count":13,"href":"https:\/\/vsv-ijmuiden.nl\/de\/wp-json\/wp\/v2\/pages\/158\/revisions"}],"predecessor-version":[{"id":7406,"href":"https:\/\/vsv-ijmuiden.nl\/de\/wp-json\/wp\/v2\/pages\/158\/revisions\/7406"}],"wp:featuredmedia":[{"embeddable":true,"href":"https:\/\/vsv-ijmuiden.nl\/de\/wp-json\/wp\/v2\/media\/160"}],"wp:attachment":[{"href":"https:\/\/vsv-ijmuiden.nl\/de\/wp-json\/wp\/v2\/media?parent=158"}],"curies":[{"name":"wp","href":"https:\/\/api.w.org\/{rel}","templated":true}]}}