{"id":262,"date":"2018-04-05T18:59:48","date_gmt":"2018-04-05T18:59:48","guid":{"rendered":"https:\/\/vsv-ijmuiden.nl\/nieuws\/"},"modified":"2018-04-09T09:46:31","modified_gmt":"2018-04-09T09:46:31","slug":"nachrichten","status":"publish","type":"page","link":"https:\/\/vsv-ijmuiden.nl\/de\/nachrichten\/","title":{"rendered":"Nachrichten"},"content":{"rendered":"\n<style type=\"text\/css\" data-created_by=\"avia_inline_auto\" id=\"style-css-av-av_two_third-15d750bd1b332b34c6e70b077ebbccdf\">\n.flex_column.av-av_two_third-15d750bd1b332b34c6e70b077ebbccdf{\nborder-radius:0px 0px 0px 0px;\npadding:0px 0px 0px 0px;\n}\n<\/style>\n<div  class='flex_column av-av_two_third-15d750bd1b332b34c6e70b077ebbccdf av_two_third  avia-builder-el-0  el_before_av_one_third  avia-builder-el-first  first flex_column_div av-zero-column-padding  '     ><div  class='av-alb-blogposts template-blog  av-blog-meta-author-disabled av-blog-meta-comments-disabled av-blog-meta-html-info-disabled av-blog-meta-tag-disabled '  itemscope=\"itemscope\" itemtype=\"https:\/\/schema.org\/Blog\" ><article class=\"post-entry post-entry-type-standard post-entry-6581 post-loop-1 post-parity-odd single-big  post-6581 post type-post status-publish format-standard hentry category-allgemeines\"  itemscope=\"itemscope\" itemtype=\"https:\/\/schema.org\/BlogPosting\" ><div class=\"blog-meta\"><\/div><div class='entry-content-wrapper clearfix standard-content'><header class=\"entry-content-header\" aria-label=\"Post: IFS audit 2018\"><h2 class='post-title entry-title '  itemprop=\"headline\" ><a href=\"https:\/\/vsv-ijmuiden.nl\/de\/ifs-audit-2018\/\" rel=\"bookmark\" title=\"Permanenter Link zu: IFS audit 2018\">IFS audit 2018<span class=\"post-format-icon minor-meta\"><\/span><\/a><\/h2><span class=\"post-meta-infos\"><time class=\"date-container minor-meta updated\"  itemprop=\"datePublished\" datetime=\"2018-10-04T13:40:20+02:00\" >4 October 2018<\/time><span class=\"text-sep\">\/<\/span><span class=\"blog-categories minor-meta\">in <a href=\"https:\/\/vsv-ijmuiden.nl\/de\/category\/allgemeines\/\" rel=\"tag\">Allgemeines<\/a><\/span><\/span><\/header><div class=\"entry-content\"  itemprop=\"text\" ><p>VsV 2018 wieder IFS Broker Higher Level und IFS Food Higher Level zertifiziert!<\/p>\n<\/div><footer class=\"entry-footer\"><\/footer><div class='post_delimiter'><\/div><\/div><div class=\"post_author_timeline\"><\/div><span class='hidden'>\n\t\t\t\t<span class='av-structured-data'  itemprop=\"image\" itemscope=\"itemscope\" itemtype=\"https:\/\/schema.org\/ImageObject\" >\n\t\t\t\t\t\t<span itemprop='url'>https:\/\/vsv-ijmuiden.nl\/wp-content\/uploads\/2018\/04\/van-slooten-vis-logo-100.png<\/span>\n\t\t\t\t\t\t<span itemprop='height'>0<\/span>\n\t\t\t\t\t\t<span itemprop='width'>0<\/span>\n\t\t\t\t<\/span>\n\t\t\t\t<span class='av-structured-data'  itemprop=\"publisher\" itemtype=\"https:\/\/schema.org\/Organization\" itemscope=\"itemscope\" >\n\t\t\t\t\t\t<span itemprop='name'>VSV Van Slooten Vis<\/span>\n\t\t\t\t\t\t<span itemprop='logo' itemscope itemtype='https:\/\/schema.org\/ImageObject'>\n\t\t\t\t\t\t\t<span itemprop='url'>https:\/\/vsv-ijmuiden.nl\/wp-content\/uploads\/2018\/04\/van-slooten-vis-logo-100.png<\/span>\n\t\t\t\t\t\t<\/span>\n\t\t\t\t<\/span><span class='av-structured-data'  itemprop=\"author\" itemscope=\"itemscope\" itemtype=\"https:\/\/schema.org\/Person\" ><span itemprop='name'>VSV Van Slooten Vis<\/span><\/span><span class='av-structured-data'  itemprop=\"datePublished\" datetime=\"2018-10-04T13:40:20+02:00\" >2018-10-04 13:40:20<\/span><span class='av-structured-data'  itemprop=\"dateModified\" itemtype=\"https:\/\/schema.org\/dateModified\" >2018-10-04 13:40:20<\/span><span class='av-structured-data'  itemprop=\"mainEntityOfPage\" itemtype=\"https:\/\/schema.org\/mainEntityOfPage\" ><span itemprop='name'>IFS audit 2018<\/span><\/span><\/span><\/article><article class=\"post-entry post-entry-type-standard post-entry-6497 post-loop-2 post-parity-even single-big  post-6497 post type-post status-publish format-standard hentry category-allgemeines\"  itemscope=\"itemscope\" itemtype=\"https:\/\/schema.org\/BlogPosting\" ><div class=\"blog-meta\"><\/div><div class='entry-content-wrapper clearfix standard-content'><header class=\"entry-content-header\" aria-label=\"Post: VsV 2017 wieder zertifiziert\"><h2 class='post-title entry-title '  itemprop=\"headline\" ><a href=\"https:\/\/vsv-ijmuiden.nl\/de\/vsv-2017-wieder-zertifiziert\/\" rel=\"bookmark\" title=\"Permanenter Link zu: VsV 2017 wieder zertifiziert\">VsV 2017 wieder zertifiziert<span class=\"post-format-icon minor-meta\"><\/span><\/a><\/h2><span class=\"post-meta-infos\"><time class=\"date-container minor-meta updated\"  itemprop=\"datePublished\" datetime=\"2018-07-05T14:36:29+02:00\" >5 July 2018<\/time><span class=\"text-sep\">\/<\/span><span class=\"blog-categories minor-meta\">in <a href=\"https:\/\/vsv-ijmuiden.nl\/de\/category\/allgemeines\/\" rel=\"tag\">Allgemeines<\/a><\/span><\/span><\/header><div class=\"entry-content\"  itemprop=\"text\" ><p>VsV 2017 wieder BRC grade AA 2017, IFS Broker Higher Level, IFS Food Higher Level, MSC, Naturland und ASC zertifiziert!<\/p>\n<\/div><footer class=\"entry-footer\"><\/footer><div class='post_delimiter'><\/div><\/div><div class=\"post_author_timeline\"><\/div><span class='hidden'>\n\t\t\t\t<span class='av-structured-data'  itemprop=\"image\" itemscope=\"itemscope\" itemtype=\"https:\/\/schema.org\/ImageObject\" >\n\t\t\t\t\t\t<span itemprop='url'>https:\/\/vsv-ijmuiden.nl\/wp-content\/uploads\/2018\/04\/van-slooten-vis-logo-100.png<\/span>\n\t\t\t\t\t\t<span itemprop='height'>0<\/span>\n\t\t\t\t\t\t<span itemprop='width'>0<\/span>\n\t\t\t\t<\/span>\n\t\t\t\t<span class='av-structured-data'  itemprop=\"publisher\" itemtype=\"https:\/\/schema.org\/Organization\" itemscope=\"itemscope\" >\n\t\t\t\t\t\t<span itemprop='name'>VSV Van Slooten Vis<\/span>\n\t\t\t\t\t\t<span itemprop='logo' itemscope itemtype='https:\/\/schema.org\/ImageObject'>\n\t\t\t\t\t\t\t<span itemprop='url'>https:\/\/vsv-ijmuiden.nl\/wp-content\/uploads\/2018\/04\/van-slooten-vis-logo-100.png<\/span>\n\t\t\t\t\t\t<\/span>\n\t\t\t\t<\/span><span class='av-structured-data'  itemprop=\"author\" itemscope=\"itemscope\" itemtype=\"https:\/\/schema.org\/Person\" ><span itemprop='name'>VSV Van Slooten Vis<\/span><\/span><span class='av-structured-data'  itemprop=\"datePublished\" datetime=\"2018-07-05T14:36:29+02:00\" >2018-07-05 14:36:29<\/span><span class='av-structured-data'  itemprop=\"dateModified\" itemtype=\"https:\/\/schema.org\/dateModified\" >2018-07-05 14:37:23<\/span><span class='av-structured-data'  itemprop=\"mainEntityOfPage\" itemtype=\"https:\/\/schema.org\/mainEntityOfPage\" ><span itemprop='name'>VsV 2017 wieder zertifiziert<\/span><\/span><\/span><\/article><article class=\"post-entry post-entry-type-standard post-entry-6070 post-loop-3 post-parity-odd single-big  post-6070 post type-post status-publish format-standard hentry category-allgemeines\"  itemscope=\"itemscope\" itemtype=\"https:\/\/schema.org\/BlogPosting\" ><div class=\"blog-meta\"><\/div><div class='entry-content-wrapper clearfix standard-content'><header class=\"entry-content-header\" aria-label=\"Post: VsV 2016 wieder BRC (grade A), IFS Food und IFS Broker (Higher level) zertifiziert!\"><h2 class='post-title entry-title '  itemprop=\"headline\" ><a href=\"https:\/\/vsv-ijmuiden.nl\/de\/vsv-2016-wieder-brc-grade-a-ifs-food-und-ifs-broker-higher-level-zertifiziert\/\" rel=\"bookmark\" title=\"Permanenter Link zu: VsV 2016 wieder BRC (grade A), IFS Food und IFS Broker (Higher level) zertifiziert!\">VsV 2016 wieder BRC (grade A), IFS Food und IFS Broker (Higher level) zertifiziert!<span class=\"post-format-icon minor-meta\"><\/span><\/a><\/h2><span class=\"post-meta-infos\"><time class=\"date-container minor-meta updated\"  itemprop=\"datePublished\" datetime=\"2016-11-24T10:38:39+01:00\" >24 November 2016<\/time><span class=\"text-sep\">\/<\/span><span class=\"blog-categories minor-meta\">in <a href=\"https:\/\/vsv-ijmuiden.nl\/de\/category\/allgemeines\/\" rel=\"tag\">Allgemeines<\/a><\/span><\/span><\/header><div class=\"entry-content\"  itemprop=\"text\" ><\/div><footer class=\"entry-footer\"><\/footer><div class='post_delimiter'><\/div><\/div><div class=\"post_author_timeline\"><\/div><span class='hidden'>\n\t\t\t\t<span class='av-structured-data'  itemprop=\"image\" itemscope=\"itemscope\" itemtype=\"https:\/\/schema.org\/ImageObject\" >\n\t\t\t\t\t\t<span itemprop='url'>https:\/\/vsv-ijmuiden.nl\/wp-content\/uploads\/2018\/04\/van-slooten-vis-logo-100.png<\/span>\n\t\t\t\t\t\t<span itemprop='height'>0<\/span>\n\t\t\t\t\t\t<span itemprop='width'>0<\/span>\n\t\t\t\t<\/span>\n\t\t\t\t<span class='av-structured-data'  itemprop=\"publisher\" itemtype=\"https:\/\/schema.org\/Organization\" itemscope=\"itemscope\" >\n\t\t\t\t\t\t<span itemprop='name'>VSV Van Slooten Vis<\/span>\n\t\t\t\t\t\t<span itemprop='logo' itemscope itemtype='https:\/\/schema.org\/ImageObject'>\n\t\t\t\t\t\t\t<span itemprop='url'>https:\/\/vsv-ijmuiden.nl\/wp-content\/uploads\/2018\/04\/van-slooten-vis-logo-100.png<\/span>\n\t\t\t\t\t\t<\/span>\n\t\t\t\t<\/span><span class='av-structured-data'  itemprop=\"author\" itemscope=\"itemscope\" itemtype=\"https:\/\/schema.org\/Person\" ><span itemprop='name'>VSV Van Slooten Vis<\/span><\/span><span class='av-structured-data'  itemprop=\"datePublished\" datetime=\"2016-11-24T10:38:39+01:00\" >2016-11-24 10:38:39<\/span><span class='av-structured-data'  itemprop=\"dateModified\" itemtype=\"https:\/\/schema.org\/dateModified\" >2018-04-09 09:40:55<\/span><span class='av-structured-data'  itemprop=\"mainEntityOfPage\" itemtype=\"https:\/\/schema.org\/mainEntityOfPage\" ><span itemprop='name'>VsV 2016 wieder BRC (grade A), IFS Food und IFS Broker (Higher level) zertifiziert!<\/span><\/span><\/span><\/article><article class=\"post-entry post-entry-type-standard post-entry-1805 post-loop-4 post-parity-even single-big  post-1805 post type-post status-publish format-standard hentry category-allgemeines\"  itemscope=\"itemscope\" itemtype=\"https:\/\/schema.org\/BlogPosting\" ><div class=\"blog-meta\"><\/div><div class='entry-content-wrapper clearfix standard-content'><header class=\"entry-content-header\" aria-label=\"Post: VsV 2015 wieder BRC, IFS Food und IFS Broker zertifiziert!\"><h2 class='post-title entry-title '  itemprop=\"headline\" ><a href=\"https:\/\/vsv-ijmuiden.nl\/de\/vsv-2015-wieder-brc-ifs-food-und-ifs-brooker-zertifiziert\/\" rel=\"bookmark\" title=\"Permanenter Link zu: VsV 2015 wieder BRC, IFS Food und IFS Broker zertifiziert!\">VsV 2015 wieder BRC, IFS Food und IFS Broker zertifiziert!<span class=\"post-format-icon minor-meta\"><\/span><\/a><\/h2><span class=\"post-meta-infos\"><time class=\"date-container minor-meta updated\"  itemprop=\"datePublished\" datetime=\"2015-11-05T09:32:26+01:00\" >5 November 2015<\/time><span class=\"text-sep\">\/<\/span><span class=\"blog-categories minor-meta\">in <a href=\"https:\/\/vsv-ijmuiden.nl\/de\/category\/allgemeines\/\" rel=\"tag\">Allgemeines<\/a><\/span><\/span><\/header><div class=\"entry-content\"  itemprop=\"text\" ><\/div><footer class=\"entry-footer\"><\/footer><div class='post_delimiter'><\/div><\/div><div class=\"post_author_timeline\"><\/div><span class='hidden'>\n\t\t\t\t<span class='av-structured-data'  itemprop=\"image\" itemscope=\"itemscope\" itemtype=\"https:\/\/schema.org\/ImageObject\" >\n\t\t\t\t\t\t<span itemprop='url'>https:\/\/vsv-ijmuiden.nl\/wp-content\/uploads\/2018\/04\/van-slooten-vis-logo-100.png<\/span>\n\t\t\t\t\t\t<span itemprop='height'>0<\/span>\n\t\t\t\t\t\t<span itemprop='width'>0<\/span>\n\t\t\t\t<\/span>\n\t\t\t\t<span class='av-structured-data'  itemprop=\"publisher\" itemtype=\"https:\/\/schema.org\/Organization\" itemscope=\"itemscope\" >\n\t\t\t\t\t\t<span itemprop='name'>VSV Van Slooten Vis<\/span>\n\t\t\t\t\t\t<span itemprop='logo' itemscope itemtype='https:\/\/schema.org\/ImageObject'>\n\t\t\t\t\t\t\t<span itemprop='url'>https:\/\/vsv-ijmuiden.nl\/wp-content\/uploads\/2018\/04\/van-slooten-vis-logo-100.png<\/span>\n\t\t\t\t\t\t<\/span>\n\t\t\t\t<\/span><span class='av-structured-data'  itemprop=\"author\" itemscope=\"itemscope\" itemtype=\"https:\/\/schema.org\/Person\" ><span itemprop='name'>VSV Van Slooten Vis<\/span><\/span><span class='av-structured-data'  itemprop=\"datePublished\" datetime=\"2015-11-05T09:32:26+01:00\" >2015-11-05 09:32:26<\/span><span class='av-structured-data'  itemprop=\"dateModified\" itemtype=\"https:\/\/schema.org\/dateModified\" >2018-04-09 09:41:18<\/span><span class='av-structured-data'  itemprop=\"mainEntityOfPage\" itemtype=\"https:\/\/schema.org\/mainEntityOfPage\" ><span itemprop='name'>VsV 2015 wieder BRC, IFS Food und IFS Broker zertifiziert!<\/span><\/span><\/span><\/article><article class=\"post-entry post-entry-type-standard post-entry-1690 post-loop-5 post-parity-odd single-big  post-1690 post type-post status-publish format-standard has-post-thumbnail hentry category-allgemeines\"  itemscope=\"itemscope\" itemtype=\"https:\/\/schema.org\/BlogPosting\" ><div class=\"blog-meta\"><\/div><div class='entry-content-wrapper clearfix standard-content'><header class=\"entry-content-header\" aria-label=\"Post: VsV 2014 wieder BRC- und IFS-zertifiziert!\"><h2 class='post-title entry-title '  itemprop=\"headline\" ><a href=\"https:\/\/vsv-ijmuiden.nl\/de\/vsv-2014-wieder-brc-und-ifs-zertifiziert\/\" rel=\"bookmark\" title=\"Permanenter Link zu: VsV 2014 wieder BRC- und IFS-zertifiziert!\">VsV 2014 wieder BRC- und IFS-zertifiziert!<span class=\"post-format-icon minor-meta\"><\/span><\/a><\/h2><span class=\"post-meta-infos\"><time class=\"date-container minor-meta updated\"  itemprop=\"datePublished\" datetime=\"2014-04-04T12:21:35+02:00\" >4 April 2014<\/time><span class=\"text-sep\">\/<\/span><span class=\"blog-categories minor-meta\">in <a href=\"https:\/\/vsv-ijmuiden.nl\/de\/category\/allgemeines\/\" rel=\"tag\">Allgemeines<\/a><\/span><\/span><\/header><div class=\"entry-content\"  itemprop=\"text\" ><p>Um die Lebensmittelsicherheit der von uns verpackten Fische zu garantieren, ist VsV BRC- und IFS-zertifiziert. F\u00fcr diese Zertifikate wird j\u00e4hrlich eine Pr\u00fcfung durchgef\u00fchrt, um festzustellen, ob wir die Zertifikate erneut erhalten d\u00fcrfen. Am 1. April 2014 wurden sowohl das BRC-Zertifikat A-Level als auch das IFS-Zertifikat Higher Level verl\u00e4ngert.<\/p>\n<p> <a href=\"https:\/\/vsv-ijmuiden.nl\/de\/vsv-2014-wieder-brc-und-ifs-zertifiziert\/\" class=\"more-link\">Weiterlesen<span class=\"more-link-arrow\"><\/span><\/a><\/p>\n<\/div><footer class=\"entry-footer\"><\/footer><div class='post_delimiter'><\/div><\/div><div class=\"post_author_timeline\"><\/div><span class='hidden'>\n\t\t\t\t<span class='av-structured-data'  itemprop=\"image\" itemscope=\"itemscope\" itemtype=\"https:\/\/schema.org\/ImageObject\" >\n\t\t\t\t\t\t<span itemprop='url'><\/span>\n\t\t\t\t\t\t<span itemprop='height'>0<\/span>\n\t\t\t\t\t\t<span itemprop='width'>0<\/span>\n\t\t\t\t<\/span>\n\t\t\t\t<span class='av-structured-data'  itemprop=\"publisher\" itemtype=\"https:\/\/schema.org\/Organization\" itemscope=\"itemscope\" >\n\t\t\t\t\t\t<span itemprop='name'>VSV Van Slooten Vis<\/span>\n\t\t\t\t\t\t<span itemprop='logo' itemscope itemtype='https:\/\/schema.org\/ImageObject'>\n\t\t\t\t\t\t\t<span itemprop='url'>https:\/\/vsv-ijmuiden.nl\/wp-content\/uploads\/2018\/04\/van-slooten-vis-logo-100.png<\/span>\n\t\t\t\t\t\t<\/span>\n\t\t\t\t<\/span><span class='av-structured-data'  itemprop=\"author\" itemscope=\"itemscope\" itemtype=\"https:\/\/schema.org\/Person\" ><span itemprop='name'>VSV Van Slooten Vis<\/span><\/span><span class='av-structured-data'  itemprop=\"datePublished\" datetime=\"2014-04-04T12:21:35+02:00\" >2014-04-04 12:21:35<\/span><span class='av-structured-data'  itemprop=\"dateModified\" itemtype=\"https:\/\/schema.org\/dateModified\" >2018-04-10 10:34:20<\/span><span class='av-structured-data'  itemprop=\"mainEntityOfPage\" itemtype=\"https:\/\/schema.org\/mainEntityOfPage\" ><span itemprop='name'>VsV 2014 wieder BRC- und IFS-zertifiziert!<\/span><\/span><\/span><\/article><article class=\"post-entry post-entry-type-standard post-entry-1703 post-loop-6 post-parity-even post-entry-last single-big  post-1703 post type-post status-publish format-standard hentry category-allgemeines\"  itemscope=\"itemscope\" itemtype=\"https:\/\/schema.org\/BlogPosting\" ><div class=\"blog-meta\"><\/div><div class='entry-content-wrapper clearfix standard-content'><header class=\"entry-content-header\" aria-label=\"Post: Sponsorschaft\"><h2 class='post-title entry-title '  itemprop=\"headline\" ><a href=\"https:\/\/vsv-ijmuiden.nl\/de\/sponsorschaft\/\" rel=\"bookmark\" title=\"Permanenter Link zu: Sponsorschaft\">Sponsorschaft<span class=\"post-format-icon minor-meta\"><\/span><\/a><\/h2><span class=\"post-meta-infos\"><time class=\"date-container minor-meta updated\"  itemprop=\"datePublished\" datetime=\"2014-04-01T12:35:10+02:00\" >1 April 2014<\/time><span class=\"text-sep\">\/<\/span><span class=\"blog-categories minor-meta\">in <a href=\"https:\/\/vsv-ijmuiden.nl\/de\/category\/allgemeines\/\" rel=\"tag\">Allgemeines<\/a><\/span><\/span><\/header><div class=\"entry-content\"  itemprop=\"text\" ><p>Wir unterst\u00fctzen gern Instanzen und Stiftungen, die gesellschaftliche Verantwortung \u00fcbernehmen. Deshalb sponsern wir auch die Stiftung \u201eEr is Geloof, Hoop en Liefde\u201c (Es gibt Glauben, Hoffnung und Liebe).<\/p>\n<p>Diese Stiftung setzt sich f\u00fcr sozial schwache Personen in der Gemeinde Langedijk ein und bietet ihnen Hilfe in schweren Zeiten. <\/p>\n<p><img loading=\"lazy\" decoding=\"async\" alt=\"hoop-en-liefde\" src=\"https:\/\/vsv-ijmuiden.nl\/wp-content\/uploads\/2014\/04\/hoop-en-liefde.png\" width=\"181\" height=\"209\" \/><\/p>\n<\/div><footer class=\"entry-footer\"><\/footer><div class='post_delimiter'><\/div><\/div><div class=\"post_author_timeline\"><\/div><span class='hidden'>\n\t\t\t\t<span class='av-structured-data'  itemprop=\"image\" itemscope=\"itemscope\" itemtype=\"https:\/\/schema.org\/ImageObject\" >\n\t\t\t\t\t\t<span itemprop='url'>https:\/\/vsv-ijmuiden.nl\/wp-content\/uploads\/2018\/04\/van-slooten-vis-logo-100.png<\/span>\n\t\t\t\t\t\t<span itemprop='height'>0<\/span>\n\t\t\t\t\t\t<span itemprop='width'>0<\/span>\n\t\t\t\t<\/span>\n\t\t\t\t<span class='av-structured-data'  itemprop=\"publisher\" itemtype=\"https:\/\/schema.org\/Organization\" itemscope=\"itemscope\" >\n\t\t\t\t\t\t<span itemprop='name'>VSV Van Slooten Vis<\/span>\n\t\t\t\t\t\t<span itemprop='logo' itemscope itemtype='https:\/\/schema.org\/ImageObject'>\n\t\t\t\t\t\t\t<span itemprop='url'>https:\/\/vsv-ijmuiden.nl\/wp-content\/uploads\/2018\/04\/van-slooten-vis-logo-100.png<\/span>\n\t\t\t\t\t\t<\/span>\n\t\t\t\t<\/span><span class='av-structured-data'  itemprop=\"author\" itemscope=\"itemscope\" itemtype=\"https:\/\/schema.org\/Person\" ><span itemprop='name'>VSV Van Slooten Vis<\/span><\/span><span class='av-structured-data'  itemprop=\"datePublished\" datetime=\"2014-04-01T12:35:10+02:00\" >2014-04-01 12:35:10<\/span><span class='av-structured-data'  itemprop=\"dateModified\" itemtype=\"https:\/\/schema.org\/dateModified\" >2018-04-09 09:41:23<\/span><span class='av-structured-data'  itemprop=\"mainEntityOfPage\" itemtype=\"https:\/\/schema.org\/mainEntityOfPage\" ><span itemprop='name'>Sponsorschaft<\/span><\/span><\/span><\/article><div class='single-big'><\/div><\/div><\/div>\n<style type=\"text\/css\" data-created_by=\"avia_inline_auto\" id=\"style-css-av-av_one_third-c8fc129dc35fd1ae2a1e410224d39ea8\">\n.flex_column.av-av_one_third-c8fc129dc35fd1ae2a1e410224d39ea8{\nborder-radius:0px 0px 0px 0px;\npadding:0px 0px 0px 0px;\n}\n<\/style>\n<div  class='flex_column av-av_one_third-c8fc129dc35fd1ae2a1e410224d39ea8 av_one_third flex_column_div av-zero-column-padding  '     ><section  class='av_textblock_section av-av_textblock-2de302bf1aa3cf4c9157dbe6f50ac7eb '   itemscope=\"itemscope\" itemtype=\"https:\/\/schema.org\/BlogPosting\" itemprop=\"blogPost\" ><div class='avia_textblock'  itemprop=\"text\" ><h4 class=\"shortcode_h5\">Zeevisgroothandel V.S.V.<br \/>\nVan Slooten Vis IJmuiden B.V.<\/h4>\n<p>Vissershavenstraat 35<br \/>\n1976 DB IJmuiden<br \/>\nDie Niederlande<\/p>\n<p><a href=\"mailto:vsv@vsv-ijmuiden.nl\">vsv@vsv-ijmuiden.nl<\/a><\/p>\n<p>Tel. +31 (0) 255 537 576<br \/>\nFax +31 (0) 255 513 729<\/p>\n<\/div><\/section><\/div><\/p>\n","protected":false},"excerpt":{"rendered":"","protected":false},"author":1,"featured_media":0,"parent":0,"menu_order":0,"comment_status":"closed","ping_status":"closed","template":"","meta":{"footnotes":""},"class_list":["post-262","page","type-page","status-publish","hentry"],"yoast_head":"<!-- This site is optimized with the Yoast SEO plugin v27.5 - https:\/\/yoast.com\/product\/yoast-seo-wordpress\/ -->\n<title>Nachrichten - Van Slooten Vis IJmuiden<\/title>\n<meta name=\"robots\" content=\"index, follow, max-snippet:-1, max-image-preview:large, max-video-preview:-1\" \/>\n<link rel=\"canonical\" href=\"https:\/\/vsv-ijmuiden.nl\/de\/nachrichten\/\" \/>\n<meta property=\"og:locale\" content=\"de_DE\" \/>\n<meta property=\"og:type\" content=\"article\" \/>\n<meta property=\"og:title\" content=\"Nachrichten - Van Slooten Vis IJmuiden\" \/>\n<meta property=\"og:url\" content=\"https:\/\/vsv-ijmuiden.nl\/de\/nachrichten\/\" \/>\n<meta property=\"og:site_name\" content=\"Van Slooten Vis IJmuiden\" \/>\n<meta property=\"article:modified_time\" content=\"2018-04-09T09:46:31+00:00\" \/>\n<meta name=\"twitter:card\" content=\"summary_large_image\" \/>\n<meta name=\"twitter:label1\" content=\"Est. reading time\" \/>\n\t<meta name=\"twitter:data1\" content=\"1 minute\" \/>\n<script type=\"application\/ld+json\" class=\"yoast-schema-graph\">{\"@context\":\"https:\\\/\\\/schema.org\",\"@graph\":[{\"@type\":\"WebPage\",\"@id\":\"https:\\\/\\\/vsv-ijmuiden.nl\\\/de\\\/nachrichten\\\/\",\"url\":\"https:\\\/\\\/vsv-ijmuiden.nl\\\/de\\\/nachrichten\\\/\",\"name\":\"Nachrichten - Van Slooten Vis IJmuiden\",\"isPartOf\":{\"@id\":\"https:\\\/\\\/vsv-ijmuiden.nl\\\/#website\"},\"datePublished\":\"2018-04-05T18:59:48+00:00\",\"dateModified\":\"2018-04-09T09:46:31+00:00\",\"breadcrumb\":{\"@id\":\"https:\\\/\\\/vsv-ijmuiden.nl\\\/de\\\/nachrichten\\\/#breadcrumb\"},\"inLanguage\":\"de-DE\",\"potentialAction\":[{\"@type\":\"ReadAction\",\"target\":[\"https:\\\/\\\/vsv-ijmuiden.nl\\\/de\\\/nachrichten\\\/\"]}]},{\"@type\":\"BreadcrumbList\",\"@id\":\"https:\\\/\\\/vsv-ijmuiden.nl\\\/de\\\/nachrichten\\\/#breadcrumb\",\"itemListElement\":[{\"@type\":\"ListItem\",\"position\":1,\"name\":\"Home\",\"item\":\"https:\\\/\\\/vsv-ijmuiden.nl\\\/de\\\/van-slooten-vis-ijmuiden\\\/\"},{\"@type\":\"ListItem\",\"position\":2,\"name\":\"Nachrichten\"}]},{\"@type\":\"WebSite\",\"@id\":\"https:\\\/\\\/vsv-ijmuiden.nl\\\/#website\",\"url\":\"https:\\\/\\\/vsv-ijmuiden.nl\\\/\",\"name\":\"Van Slooten Vis IJmuiden\",\"description\":\"\",\"potentialAction\":[{\"@type\":\"SearchAction\",\"target\":{\"@type\":\"EntryPoint\",\"urlTemplate\":\"https:\\\/\\\/vsv-ijmuiden.nl\\\/?s={search_term_string}\"},\"query-input\":{\"@type\":\"PropertyValueSpecification\",\"valueRequired\":true,\"valueName\":\"search_term_string\"}}],\"inLanguage\":\"de-DE\"}]}<\/script>\n<!-- \/ Yoast SEO plugin. -->","yoast_head_json":{"title":"Nachrichten - Van Slooten Vis IJmuiden","robots":{"index":"index","follow":"follow","max-snippet":"max-snippet:-1","max-image-preview":"max-image-preview:large","max-video-preview":"max-video-preview:-1"},"canonical":"https:\/\/vsv-ijmuiden.nl\/de\/nachrichten\/","og_locale":"de_DE","og_type":"article","og_title":"Nachrichten - Van Slooten Vis IJmuiden","og_url":"https:\/\/vsv-ijmuiden.nl\/de\/nachrichten\/","og_site_name":"Van Slooten Vis IJmuiden","article_modified_time":"2018-04-09T09:46:31+00:00","twitter_card":"summary_large_image","twitter_misc":{"Est. reading time":"1 minute"},"schema":{"@context":"https:\/\/schema.org","@graph":[{"@type":"WebPage","@id":"https:\/\/vsv-ijmuiden.nl\/de\/nachrichten\/","url":"https:\/\/vsv-ijmuiden.nl\/de\/nachrichten\/","name":"Nachrichten - Van Slooten Vis IJmuiden","isPartOf":{"@id":"https:\/\/vsv-ijmuiden.nl\/#website"},"datePublished":"2018-04-05T18:59:48+00:00","dateModified":"2018-04-09T09:46:31+00:00","breadcrumb":{"@id":"https:\/\/vsv-ijmuiden.nl\/de\/nachrichten\/#breadcrumb"},"inLanguage":"de-DE","potentialAction":[{"@type":"ReadAction","target":["https:\/\/vsv-ijmuiden.nl\/de\/nachrichten\/"]}]},{"@type":"BreadcrumbList","@id":"https:\/\/vsv-ijmuiden.nl\/de\/nachrichten\/#breadcrumb","itemListElement":[{"@type":"ListItem","position":1,"name":"Home","item":"https:\/\/vsv-ijmuiden.nl\/de\/van-slooten-vis-ijmuiden\/"},{"@type":"ListItem","position":2,"name":"Nachrichten"}]},{"@type":"WebSite","@id":"https:\/\/vsv-ijmuiden.nl\/#website","url":"https:\/\/vsv-ijmuiden.nl\/","name":"Van Slooten Vis IJmuiden","description":"","potentialAction":[{"@type":"SearchAction","target":{"@type":"EntryPoint","urlTemplate":"https:\/\/vsv-ijmuiden.nl\/?s={search_term_string}"},"query-input":{"@type":"PropertyValueSpecification","valueRequired":true,"valueName":"search_term_string"}}],"inLanguage":"de-DE"}]}},"_links":{"self":[{"href":"https:\/\/vsv-ijmuiden.nl\/de\/wp-json\/wp\/v2\/pages\/262","targetHints":{"allow":["GET"]}}],"collection":[{"href":"https:\/\/vsv-ijmuiden.nl\/de\/wp-json\/wp\/v2\/pages"}],"about":[{"href":"https:\/\/vsv-ijmuiden.nl\/de\/wp-json\/wp\/v2\/types\/page"}],"author":[{"embeddable":true,"href":"https:\/\/vsv-ijmuiden.nl\/de\/wp-json\/wp\/v2\/users\/1"}],"replies":[{"embeddable":true,"href":"https:\/\/vsv-ijmuiden.nl\/de\/wp-json\/wp\/v2\/comments?post=262"}],"version-history":[{"count":4,"href":"https:\/\/vsv-ijmuiden.nl\/de\/wp-json\/wp\/v2\/pages\/262\/revisions"}],"predecessor-version":[{"id":6274,"href":"https:\/\/vsv-ijmuiden.nl\/de\/wp-json\/wp\/v2\/pages\/262\/revisions\/6274"}],"wp:attachment":[{"href":"https:\/\/vsv-ijmuiden.nl\/de\/wp-json\/wp\/v2\/media?parent=262"}],"curies":[{"name":"wp","href":"https:\/\/api.w.org\/{rel}","templated":true}]}}