{"id":7142,"date":"2022-09-27T13:22:21","date_gmt":"2022-09-27T13:22:21","guid":{"rendered":"https:\/\/vsv-ijmuiden.nl\/duurzaamheid\/"},"modified":"2022-10-13T08:26:43","modified_gmt":"2022-10-13T08:26:43","slug":"nachhaltigkeit","status":"publish","type":"page","link":"https:\/\/vsv-ijmuiden.nl\/de\/nachhaltigkeit\/","title":{"rendered":"Nachhaltigkeit"},"content":{"rendered":"<div id='layer_slider_1'  class='avia-layerslider main_color avia-shadow  avia-builder-el-0  el_before_av_two_third  avia-builder-el-first  container_wrap fullsize'  style='height: 231px; max-width: 1100px; margin: 0 auto;'  ><\/div><div id='after_layer_slider_1'  class='main_color av_default_container_wrap container_wrap fullsize'  ><div class='container av-section-cont-open' ><div class='template-page content  av-content-full alpha units'><div class='post-entry post-entry-type-page post-entry-7142'><div class='entry-content-wrapper clearfix'>\n\n<style type=\"text\/css\" data-created_by=\"avia_inline_auto\" id=\"style-css-av-6cfj55-43e54b3e4da419ee2c74423b6146f4d7\">\n.flex_column.av-6cfj55-43e54b3e4da419ee2c74423b6146f4d7{\nborder-radius:0px 0px 0px 0px;\npadding:0px 0px 0px 0px;\n}\n<\/style>\n<div  class='flex_column av-6cfj55-43e54b3e4da419ee2c74423b6146f4d7 av_two_third  avia-builder-el-1  el_after_av_layerslider  el_before_av_one_third  avia-builder-el-first  first flex_column_div av-zero-column-padding  '     ><section  class='av_textblock_section av-l8k8a3ub-eaf29a97cabdc7ed122a45de91062942 '   itemscope=\"itemscope\" itemtype=\"https:\/\/schema.org\/CreativeWork\" ><div class='avia_textblock'  itemprop=\"text\" ><h2>Nachhaltigkeit<\/h2>\n<p><strong><span style=\"color: #474747;\">F\u00fcr den VSV als Familienunternehmen ist die Aufrechterhaltung unseres Gesch\u00e4ftsbetriebes direkt mit dem nachhaltigen Einkauf und der Verarbeitung unseres Fisches verbunden.<\/span><\/strong><\/p>\n<p>Indem wir sorgf\u00e4ltig mit der Welt um uns herum umgehen, garantieren wir f\u00fcr uns selbst und f\u00fcr die zuk\u00fcnftige Generation, dass die Produkte, die wir benutzen, auch weiterhin existieren. Daher wird der von uns gekaufte Fisch nur nachhaltig gefangen. Dies gew\u00e4hrleisten wir durch die weltweite Zusammenarbeit mit zuverl\u00e4ssigen und zertifizierten Partnern. Dar\u00fcber hinaus garantieren wir eine schonende Bewirtschaftung der Fischbest\u00e4nde durch Quoten und saisonale Fischerei.<\/p>\n<p>Ein gro\u00dfer Teil unseres Fischs ist MSC-zertifiziert. Die Bedingungen von MSC beinhalten nachhaltige Fischerei und begrenzen die Auswirkungen der Fischerei auf das \u00d6kosystem.<\/p>\n<p><strong>Um unseren Produktionsprozess nachhaltiger zu gestalten, tun wir unter anderem Folgendes:<\/strong><\/p>\n<ul>\n<li>Unsere EPS-Verpackungsmaterialien werden zum Teil aus recycelten Materialien hergestellt und sind zu 100 Prozent recycelbar. Um m\u00f6glichst wenig EPS wegzuwerfen, verf\u00fcgen wir \u00fcber einen eigenen Schredder, der gebrauchte EPS-Kisten zerkleinert und f\u00fcr das Recycling aufbereitet.<\/li>\n<li>Wir f\u00f6rdern auch die Verwendung von Mehrwegpaletten. Wenn Holzpaletten verwendet werden, werden sie aus nachhaltig gewonnenem Holz hergestellt; Dies ist an dem speziellen Logo auf den Paletten zu erkennen. Wir reparieren sogar defekte Paletten intern, damit sie wiederverwendet werden k\u00f6nnen.<\/li>\n<li>Wir haben unseren Papierverbrauch reduziert, indem wir immer mehr mit Online-L\u00f6sungen arbeiten.<\/li>\n<li>Wir verwenden den nachhaltigen Stoff Propan f\u00fcr den Betrieb der K\u00fchl- und Eismaschine in unserer Produktionsst\u00e4tte.<\/li>\n<li>Durch die Verwendung von automatisch schlie\u00dfenden Schnelllauftoren wird die K\u00fchlung besser erhalten und der Energieverlust begrenzt.<\/li>\n<\/ul>\n<\/div><\/section><\/div>\n\n<style type=\"text\/css\" data-created_by=\"avia_inline_auto\" id=\"style-css-av-hbfqx-785386a93c1c364856039916a3ca892d\">\n.flex_column.av-hbfqx-785386a93c1c364856039916a3ca892d{\nborder-radius:0px 0px 0px 0px;\npadding:0px 0px 0px 0px;\n}\n<\/style>\n<div  class='flex_column av-hbfqx-785386a93c1c364856039916a3ca892d av_one_third  avia-builder-el-3  el_after_av_two_third  avia-builder-el-last  flex_column_div av-zero-column-padding  '     ><section  class='av_textblock_section av-2zygvt-58b1b4210a790e4ca5b8121d6046f07e '   itemscope=\"itemscope\" itemtype=\"https:\/\/schema.org\/CreativeWork\" ><div class='avia_textblock'  itemprop=\"text\" ><h4 class=\"shortcode_h5\">Zeevisgroothandel V.S.V.<br \/>\nVan Slooten Vis IJmuiden B.V.<\/h4>\n<p>Vissershavenstraat 35<br \/>\n1976 DB IJmuiden<br \/>\nDie Niederlande<\/p>\n<p><a href=\"mailto:vsv@vsv-ijmuiden.nl\">vsv@vsv-ijmuiden.nl<\/a><\/p>\n<p>Tel. +31 (0) 255 537 576<br \/>\nFax +31 (0) 255 513 729<\/p>\n<\/div><\/section><\/div>\n","protected":false},"excerpt":{"rendered":"","protected":false},"author":1,"featured_media":0,"parent":0,"menu_order":0,"comment_status":"closed","ping_status":"closed","template":"","meta":{"footnotes":""},"class_list":["post-7142","page","type-page","status-publish","hentry"],"yoast_head":"<!-- This site is optimized with the Yoast SEO plugin v27.4 - https:\/\/yoast.com\/product\/yoast-seo-wordpress\/ -->\n<title>Nachhaltigkeit | VSV Van Slooten Vis IJmuiden<\/title>\n<meta name=\"description\" content=\"F\u00fcr den VSV als Familienunternehmen ist die Aufrechterhaltung unseres Gesch\u00e4ftsbetriebes direkt mit dem nachhaltigen Einkauf und der Verarbeitung unseres Fisches verbunden.\" \/>\n<meta name=\"robots\" content=\"index, follow, max-snippet:-1, max-image-preview:large, max-video-preview:-1\" \/>\n<link rel=\"canonical\" href=\"https:\/\/vsv-ijmuiden.nl\/de\/nachhaltigkeit\/\" \/>\n<meta property=\"og:locale\" content=\"de_DE\" \/>\n<meta property=\"og:type\" content=\"article\" \/>\n<meta property=\"og:title\" content=\"Nachhaltigkeit | VSV Van Slooten Vis IJmuiden\" \/>\n<meta property=\"og:description\" content=\"F\u00fcr den VSV als Familienunternehmen ist die Aufrechterhaltung unseres Gesch\u00e4ftsbetriebes direkt mit dem nachhaltigen Einkauf und der Verarbeitung unseres Fisches verbunden.\" \/>\n<meta property=\"og:url\" content=\"https:\/\/vsv-ijmuiden.nl\/de\/nachhaltigkeit\/\" \/>\n<meta property=\"og:site_name\" content=\"Van Slooten Vis IJmuiden\" \/>\n<meta property=\"article:modified_time\" content=\"2022-10-13T08:26:43+00:00\" \/>\n<meta name=\"twitter:card\" content=\"summary_large_image\" \/>\n<meta name=\"twitter:label1\" content=\"Est. reading time\" \/>\n\t<meta name=\"twitter:data1\" content=\"2 minutes\" \/>\n<script type=\"application\/ld+json\" class=\"yoast-schema-graph\">{\"@context\":\"https:\\\/\\\/schema.org\",\"@graph\":[{\"@type\":\"WebPage\",\"@id\":\"https:\\\/\\\/vsv-ijmuiden.nl\\\/de\\\/nachhaltigkeit\\\/\",\"url\":\"https:\\\/\\\/vsv-ijmuiden.nl\\\/de\\\/nachhaltigkeit\\\/\",\"name\":\"Nachhaltigkeit | VSV Van Slooten Vis IJmuiden\",\"isPartOf\":{\"@id\":\"https:\\\/\\\/vsv-ijmuiden.nl\\\/#website\"},\"datePublished\":\"2022-09-27T13:22:21+00:00\",\"dateModified\":\"2022-10-13T08:26:43+00:00\",\"description\":\"F\u00fcr den VSV als Familienunternehmen ist die Aufrechterhaltung unseres Gesch\u00e4ftsbetriebes direkt mit dem nachhaltigen Einkauf und der Verarbeitung unseres Fisches verbunden.\",\"breadcrumb\":{\"@id\":\"https:\\\/\\\/vsv-ijmuiden.nl\\\/de\\\/nachhaltigkeit\\\/#breadcrumb\"},\"inLanguage\":\"de-DE\",\"potentialAction\":[{\"@type\":\"ReadAction\",\"target\":[\"https:\\\/\\\/vsv-ijmuiden.nl\\\/de\\\/nachhaltigkeit\\\/\"]}]},{\"@type\":\"BreadcrumbList\",\"@id\":\"https:\\\/\\\/vsv-ijmuiden.nl\\\/de\\\/nachhaltigkeit\\\/#breadcrumb\",\"itemListElement\":[{\"@type\":\"ListItem\",\"position\":1,\"name\":\"Home\",\"item\":\"https:\\\/\\\/vsv-ijmuiden.nl\\\/de\\\/van-slooten-vis-ijmuiden\\\/\"},{\"@type\":\"ListItem\",\"position\":2,\"name\":\"Nachhaltigkeit\"}]},{\"@type\":\"WebSite\",\"@id\":\"https:\\\/\\\/vsv-ijmuiden.nl\\\/#website\",\"url\":\"https:\\\/\\\/vsv-ijmuiden.nl\\\/\",\"name\":\"Van Slooten Vis IJmuiden\",\"description\":\"\",\"potentialAction\":[{\"@type\":\"SearchAction\",\"target\":{\"@type\":\"EntryPoint\",\"urlTemplate\":\"https:\\\/\\\/vsv-ijmuiden.nl\\\/?s={search_term_string}\"},\"query-input\":{\"@type\":\"PropertyValueSpecification\",\"valueRequired\":true,\"valueName\":\"search_term_string\"}}],\"inLanguage\":\"de-DE\"}]}<\/script>\n<!-- \/ Yoast SEO plugin. -->","yoast_head_json":{"title":"Nachhaltigkeit | VSV Van Slooten Vis IJmuiden","description":"F\u00fcr den VSV als Familienunternehmen ist die Aufrechterhaltung unseres Gesch\u00e4ftsbetriebes direkt mit dem nachhaltigen Einkauf und der Verarbeitung unseres Fisches verbunden.","robots":{"index":"index","follow":"follow","max-snippet":"max-snippet:-1","max-image-preview":"max-image-preview:large","max-video-preview":"max-video-preview:-1"},"canonical":"https:\/\/vsv-ijmuiden.nl\/de\/nachhaltigkeit\/","og_locale":"de_DE","og_type":"article","og_title":"Nachhaltigkeit | VSV Van Slooten Vis IJmuiden","og_description":"F\u00fcr den VSV als Familienunternehmen ist die Aufrechterhaltung unseres Gesch\u00e4ftsbetriebes direkt mit dem nachhaltigen Einkauf und der Verarbeitung unseres Fisches verbunden.","og_url":"https:\/\/vsv-ijmuiden.nl\/de\/nachhaltigkeit\/","og_site_name":"Van Slooten Vis IJmuiden","article_modified_time":"2022-10-13T08:26:43+00:00","twitter_card":"summary_large_image","twitter_misc":{"Est. reading time":"2 minutes"},"schema":{"@context":"https:\/\/schema.org","@graph":[{"@type":"WebPage","@id":"https:\/\/vsv-ijmuiden.nl\/de\/nachhaltigkeit\/","url":"https:\/\/vsv-ijmuiden.nl\/de\/nachhaltigkeit\/","name":"Nachhaltigkeit | VSV Van Slooten Vis IJmuiden","isPartOf":{"@id":"https:\/\/vsv-ijmuiden.nl\/#website"},"datePublished":"2022-09-27T13:22:21+00:00","dateModified":"2022-10-13T08:26:43+00:00","description":"F\u00fcr den VSV als Familienunternehmen ist die Aufrechterhaltung unseres Gesch\u00e4ftsbetriebes direkt mit dem nachhaltigen Einkauf und der Verarbeitung unseres Fisches verbunden.","breadcrumb":{"@id":"https:\/\/vsv-ijmuiden.nl\/de\/nachhaltigkeit\/#breadcrumb"},"inLanguage":"de-DE","potentialAction":[{"@type":"ReadAction","target":["https:\/\/vsv-ijmuiden.nl\/de\/nachhaltigkeit\/"]}]},{"@type":"BreadcrumbList","@id":"https:\/\/vsv-ijmuiden.nl\/de\/nachhaltigkeit\/#breadcrumb","itemListElement":[{"@type":"ListItem","position":1,"name":"Home","item":"https:\/\/vsv-ijmuiden.nl\/de\/van-slooten-vis-ijmuiden\/"},{"@type":"ListItem","position":2,"name":"Nachhaltigkeit"}]},{"@type":"WebSite","@id":"https:\/\/vsv-ijmuiden.nl\/#website","url":"https:\/\/vsv-ijmuiden.nl\/","name":"Van Slooten Vis IJmuiden","description":"","potentialAction":[{"@type":"SearchAction","target":{"@type":"EntryPoint","urlTemplate":"https:\/\/vsv-ijmuiden.nl\/?s={search_term_string}"},"query-input":{"@type":"PropertyValueSpecification","valueRequired":true,"valueName":"search_term_string"}}],"inLanguage":"de-DE"}]}},"_links":{"self":[{"href":"https:\/\/vsv-ijmuiden.nl\/de\/wp-json\/wp\/v2\/pages\/7142","targetHints":{"allow":["GET"]}}],"collection":[{"href":"https:\/\/vsv-ijmuiden.nl\/de\/wp-json\/wp\/v2\/pages"}],"about":[{"href":"https:\/\/vsv-ijmuiden.nl\/de\/wp-json\/wp\/v2\/types\/page"}],"author":[{"embeddable":true,"href":"https:\/\/vsv-ijmuiden.nl\/de\/wp-json\/wp\/v2\/users\/1"}],"replies":[{"embeddable":true,"href":"https:\/\/vsv-ijmuiden.nl\/de\/wp-json\/wp\/v2\/comments?post=7142"}],"version-history":[{"count":4,"href":"https:\/\/vsv-ijmuiden.nl\/de\/wp-json\/wp\/v2\/pages\/7142\/revisions"}],"predecessor-version":[{"id":7161,"href":"https:\/\/vsv-ijmuiden.nl\/de\/wp-json\/wp\/v2\/pages\/7142\/revisions\/7161"}],"wp:attachment":[{"href":"https:\/\/vsv-ijmuiden.nl\/de\/wp-json\/wp\/v2\/media?parent=7142"}],"curies":[{"name":"wp","href":"https:\/\/api.w.org\/{rel}","templated":true}]}}