{"id":131,"date":"2018-04-05T18:59:16","date_gmt":"2018-04-05T18:59:16","guid":{"rendered":"https:\/\/vsv-ijmuiden.nl\/van-slooten-vis-ijmuiden\/"},"modified":"2022-09-29T09:27:59","modified_gmt":"2022-09-29T09:27:59","slug":"van-slooten-vis-ijmuiden","status":"publish","type":"page","link":"https:\/\/vsv-ijmuiden.nl\/es\/","title":{"rendered":"Van Slooten Vis IJmuiden"},"content":{"rendered":"<div id='layer_slider_1'  class='avia-layerslider main_color avia-shadow  avia-builder-el-0  el_before_av_two_third  avia-builder-el-first  container_wrap fullsize'  style='height: 401px; max-width: 1200px; margin: 0 auto;'  ><\/div><div id='after_layer_slider_1'  class='main_color av_default_container_wrap container_wrap fullsize'  ><div class='container av-section-cont-open' ><div class='template-page content  av-content-full alpha units'><div class='post-entry post-entry-type-page post-entry-131'><div class='entry-content-wrapper clearfix'>\n\n<style type=\"text\/css\" data-created_by=\"avia_inline_auto\" id=\"style-css-av-av_two_third-15d750bd1b332b34c6e70b077ebbccdf\">\n.flex_column.av-av_two_third-15d750bd1b332b34c6e70b077ebbccdf{\nborder-radius:0px 0px 0px 0px;\npadding:0px 0px 0px 0px;\n}\n<\/style>\n<div  class='flex_column av-av_two_third-15d750bd1b332b34c6e70b077ebbccdf av_two_third  avia-builder-el-1  el_after_av_layerslider  el_before_av_one_third  avia-builder-el-first  first flex_column_div av-zero-column-padding  '     ><section  class='av_textblock_section av-av_textblock-2de302bf1aa3cf4c9157dbe6f50ac7eb '   itemscope=\"itemscope\" itemtype=\"https:\/\/schema.org\/CreativeWork\" ><div class='avia_textblock'  itemprop=\"text\" ><h2 class=\"shortcode_h2\">Van Slooten Vis IJmuiden<\/h2>\n<p>VSV naci\u00f3 de una familia de pescadores y pescaderos. El comercio al por mayor tradicional de pescado dej\u00f3 cabida finalmente en 1987 a un comercio al por mayor de pescado de mar establecido en IJmuiden, en los Pa\u00edses Bajos. El pescado que proveemos procede de las lonjas de los Pa\u00edses Bajos. Adem\u00e1s, tambi\u00e9n importamos pescado de otros territorios de ultramar. Gracias a nuestra ubicaci\u00f3n central, en las proximidades del aeropuerto de Amsterdam y las lonjas de los Pa\u00edses Bajos, podemos garantizar que ofrecemos el pescado m\u00e1s fresco.<\/p>\n<p>Nuestra establecida red de distribuidores asegura la entrega de pescado hasta en los rincones m\u00e1s alejados de Europa.<\/p>\n<p><strong>\u00a1VSV apuesta por la rapidez y la calidad!<\/strong><\/p>\n<\/div><\/section><\/div>\n\n<style type=\"text\/css\" data-created_by=\"avia_inline_auto\" id=\"style-css-av-av_one_third-c8fc129dc35fd1ae2a1e410224d39ea8\">\n.flex_column.av-av_one_third-c8fc129dc35fd1ae2a1e410224d39ea8{\nborder-radius:0px 0px 0px 0px;\npadding:0px 0px 0px 0px;\n}\n<\/style>\n<div  class='flex_column av-av_one_third-c8fc129dc35fd1ae2a1e410224d39ea8 av_one_third  avia-builder-el-3  el_after_av_two_third  el_before_av_one_third  flex_column_div av-zero-column-padding  '     ><section  class='av_textblock_section av-av_textblock-2de302bf1aa3cf4c9157dbe6f50ac7eb '   itemscope=\"itemscope\" itemtype=\"https:\/\/schema.org\/CreativeWork\" ><div class='avia_textblock'  itemprop=\"text\" ><h4 class=\"shortcode_h5\">Zeevisgroothandel V.S.V.<br \/>\nVan Slooten Vis IJmuiden B.V.<\/h4>\n<p>Vissershavenstraat 35<br \/>\n1976 DB IJmuiden<br \/>\nHolanda<\/p>\n<p><a href=\"mailto:vsv@vsv-ijmuiden.nl\">vsv@vsv-ijmuiden.nl<\/a><\/p>\n<p>Tel. +31 (0) 255 537 576<br \/>\nFax +31 (0) 255 513 729<\/p>\n<\/div><\/section><\/div>\n<div class='flex_column_table av-av_one_third-f23641585e4713db9c620c96fa234228 sc-av_one_third av-equal-height-column-flextable'>\n<style type=\"text\/css\" data-created_by=\"avia_inline_auto\" id=\"style-css-av-av_one_third-f23641585e4713db9c620c96fa234228\">\n.flex_column.av-av_one_third-f23641585e4713db9c620c96fa234228{\nwidth:31.333333333333%;\nmargin-left:0;\n}\n#top .flex_column_table.av-equal-height-column-flextable.av-av_one_third-f23641585e4713db9c620c96fa234228 .av-flex-placeholder{\nwidth:3%;\n}\n<\/style>\n<div  class='flex_column av-av_one_third-f23641585e4713db9c620c96fa234228 av_one_third  avia-builder-el-5  el_after_av_one_third  el_before_av_one_third  first flex_column_table_cell av-equal-height-column av-align-top  column-top-margin'     ><style type=\"text\/css\" data-created_by=\"avia_inline_auto\" id=\"style-css-av-av_image-83fe2919a2f47c160ea78623fb8ed93e\">\n.avia-image-container.av-av_image-83fe2919a2f47c160ea78623fb8ed93e img.avia_image{\nbox-shadow:none;\n}\n.avia-image-container.av-av_image-83fe2919a2f47c160ea78623fb8ed93e .av-image-caption-overlay-center{\ncolor:#ffffff;\n}\n<\/style>\n<div  class='avia-image-container av-av_image-83fe2919a2f47c160ea78623fb8ed93e av-styling-no-styling avia-align-center  avia-builder-el-6  avia-builder-el-no-sibling '   itemprop=\"image\" itemscope=\"itemscope\" itemtype=\"https:\/\/schema.org\/ImageObject\" ><div class=\"avia-image-container-inner\"><div class=\"avia-image-overlay-wrap\"><img decoding=\"async\" fetchpriority=\"high\" class='wp-image-7124 avia-img-lazy-loading-not-7124 avia_image ' src=\"https:\/\/vsv-ijmuiden.nl\/wp-content\/uploads\/2022\/09\/vsv-historie-01.jpg\" alt='VSV Van Slooten Vis Geschiedenis' title='vsv-historie-01'  height=\"400\" width=\"600\"  itemprop=\"thumbnailUrl\" srcset=\"https:\/\/vsv-ijmuiden.nl\/wp-content\/uploads\/2022\/09\/vsv-historie-01.jpg 600w, https:\/\/vsv-ijmuiden.nl\/wp-content\/uploads\/2022\/09\/vsv-historie-01-300x200.jpg 300w\" sizes=\"(max-width: 600px) 100vw, 600px\" \/><\/div><\/div><\/div><\/div>\n<div class='av-flex-placeholder'><\/div>\n<style type=\"text\/css\" data-created_by=\"avia_inline_auto\" id=\"style-css-av-av_one_third-cce90f8fdb8466a0520eb46d4aa06c96\">\n.flex_column.av-av_one_third-cce90f8fdb8466a0520eb46d4aa06c96{\nwidth:31.333333333333%;\nmargin-left:0;\n}\n#top .flex_column_table.av-equal-height-column-flextable.av-av_one_third-cce90f8fdb8466a0520eb46d4aa06c96 .av-flex-placeholder{\nwidth:3%;\n}\n<\/style>\n<div  class='flex_column av-av_one_third-cce90f8fdb8466a0520eb46d4aa06c96 av_one_third  avia-builder-el-7  el_after_av_one_third  el_before_av_one_third  flex_column_table_cell av-equal-height-column av-align-top  column-top-margin'     ><style type=\"text\/css\" data-created_by=\"avia_inline_auto\" id=\"style-css-av-av_image-1bd8886643232a2ed89521f6222da662\">\n.avia-image-container.av-av_image-1bd8886643232a2ed89521f6222da662 img.avia_image{\nbox-shadow:none;\n}\n.avia-image-container.av-av_image-1bd8886643232a2ed89521f6222da662 .av-image-caption-overlay-center{\ncolor:#ffffff;\n}\n<\/style>\n<div  class='avia-image-container av-av_image-1bd8886643232a2ed89521f6222da662 av-styling-no-styling avia-align-center  avia-builder-el-8  avia-builder-el-no-sibling '   itemprop=\"image\" itemscope=\"itemscope\" itemtype=\"https:\/\/schema.org\/ImageObject\" ><div class=\"avia-image-container-inner\"><div class=\"avia-image-overlay-wrap\"><img decoding=\"async\" fetchpriority=\"high\" class='wp-image-7110 avia-img-lazy-loading-not-7110 avia_image ' src=\"https:\/\/vsv-ijmuiden.nl\/wp-content\/uploads\/2022\/09\/vsv-historie-02.jpg\" alt='VSV Van Slooten Vis Geschiedenis' title='vsv-historie-02'  height=\"400\" width=\"600\"  itemprop=\"thumbnailUrl\" srcset=\"https:\/\/vsv-ijmuiden.nl\/wp-content\/uploads\/2022\/09\/vsv-historie-02.jpg 600w, https:\/\/vsv-ijmuiden.nl\/wp-content\/uploads\/2022\/09\/vsv-historie-02-300x200.jpg 300w\" sizes=\"(max-width: 600px) 100vw, 600px\" \/><\/div><\/div><\/div><\/div>\n<div class='av-flex-placeholder'><\/div>\n<style type=\"text\/css\" data-created_by=\"avia_inline_auto\" id=\"style-css-av-av_one_third-cce90f8fdb8466a0520eb46d4aa06c96\">\n.flex_column.av-av_one_third-cce90f8fdb8466a0520eb46d4aa06c96{\nwidth:31.333333333333%;\nmargin-left:0;\n}\n#top .flex_column_table.av-equal-height-column-flextable.av-av_one_third-cce90f8fdb8466a0520eb46d4aa06c96 .av-flex-placeholder{\nwidth:3%;\n}\n<\/style>\n<div  class='flex_column av-av_one_third-cce90f8fdb8466a0520eb46d4aa06c96 av_one_third  avia-builder-el-9  el_after_av_one_third  avia-builder-el-last  flex_column_table_cell av-equal-height-column av-align-top  column-top-margin'     ><style type=\"text\/css\" data-created_by=\"avia_inline_auto\" id=\"style-css-av-av_image-52faba82876f09c8692d6bbb70a26983\">\n.avia-image-container.av-av_image-52faba82876f09c8692d6bbb70a26983 img.avia_image{\nbox-shadow:none;\n}\n.avia-image-container.av-av_image-52faba82876f09c8692d6bbb70a26983 .av-image-caption-overlay-center{\ncolor:#ffffff;\n}\n<\/style>\n<div  class='avia-image-container av-av_image-52faba82876f09c8692d6bbb70a26983 av-styling-no-styling avia-align-center  avia-builder-el-10  avia-builder-el-no-sibling '   itemprop=\"image\" itemscope=\"itemscope\" itemtype=\"https:\/\/schema.org\/ImageObject\" ><div class=\"avia-image-container-inner\"><div class=\"avia-image-overlay-wrap\"><img decoding=\"async\" fetchpriority=\"high\" class='wp-image-7117 avia-img-lazy-loading-not-7117 avia_image ' src=\"https:\/\/vsv-ijmuiden.nl\/wp-content\/uploads\/2022\/09\/vsv-historie-03.jpg\" alt='VSV Van Slooten Vis Geschiedenis' title='vsv-historie-03'  height=\"400\" width=\"600\"  itemprop=\"thumbnailUrl\" srcset=\"https:\/\/vsv-ijmuiden.nl\/wp-content\/uploads\/2022\/09\/vsv-historie-03.jpg 600w, https:\/\/vsv-ijmuiden.nl\/wp-content\/uploads\/2022\/09\/vsv-historie-03-300x200.jpg 300w\" sizes=\"(max-width: 600px) 100vw, 600px\" \/><\/div><\/div><\/div><\/div><\/div><!--close column table wrapper. Autoclose: 1 -->\n","protected":false},"excerpt":{"rendered":"","protected":false},"author":1,"featured_media":132,"parent":0,"menu_order":0,"comment_status":"closed","ping_status":"closed","template":"","meta":{"footnotes":""},"class_list":["post-131","page","type-page","status-publish","has-post-thumbnail","hentry"],"yoast_head":"<!-- This site is optimized with the Yoast SEO plugin v27.4 - https:\/\/yoast.com\/product\/yoast-seo-wordpress\/ -->\n<title>Zeevisgroothandel | V.S.V Van Slooten Vis IJmuiden<\/title>\n<meta name=\"description\" content=\"Van Slooten Vis IJmuiden naci\u00f3 de una familia de pescadores y pescaderos. El comercio al por mayor tradicional de pescado dej\u00f3 cabida finalmente en 1987 a un comercio al por mayor de pescado de mar establecido en IJmuiden, en los Pa\u00edses Bajos. El pescado que proveemos procede de las lonjas de los Pa\u00edses Bajos\" \/>\n<meta name=\"robots\" content=\"index, follow, max-snippet:-1, max-image-preview:large, max-video-preview:-1\" \/>\n<link rel=\"canonical\" href=\"https:\/\/vsv-ijmuiden.nl\/es\/van-slooten-vis-ijmuiden\/\" \/>\n<meta property=\"og:locale\" content=\"es_ES\" \/>\n<meta property=\"og:type\" content=\"article\" \/>\n<meta property=\"og:title\" content=\"Zeevisgroothandel | V.S.V Van Slooten Vis IJmuiden\" \/>\n<meta property=\"og:description\" content=\"Van Slooten Vis IJmuiden naci\u00f3 de una familia de pescadores y pescaderos. El comercio al por mayor tradicional de pescado dej\u00f3 cabida finalmente en 1987 a un comercio al por mayor de pescado de mar establecido en IJmuiden, en los Pa\u00edses Bajos. El pescado que proveemos procede de las lonjas de los Pa\u00edses Bajos\" \/>\n<meta property=\"og:url\" content=\"https:\/\/vsv-ijmuiden.nl\/es\/van-slooten-vis-ijmuiden\/\" \/>\n<meta property=\"og:site_name\" content=\"Van Slooten Vis IJmuiden\" \/>\n<meta property=\"article:modified_time\" content=\"2022-09-29T09:27:59+00:00\" \/>\n<meta property=\"og:image\" content=\"https:\/\/vsv-ijmuiden.nl\/wp-content\/uploads\/2018\/04\/vsv-bg.jpg\" \/>\n\t<meta property=\"og:image:width\" content=\"1800\" \/>\n\t<meta property=\"og:image:height\" content=\"1200\" \/>\n\t<meta property=\"og:image:type\" content=\"image\/jpeg\" \/>\n<meta name=\"twitter:card\" content=\"summary_large_image\" \/>\n<meta name=\"twitter:label1\" content=\"Est. reading time\" \/>\n\t<meta name=\"twitter:data1\" content=\"1 minute\" \/>\n<script type=\"application\/ld+json\" class=\"yoast-schema-graph\">{\"@context\":\"https:\\\/\\\/schema.org\",\"@graph\":[{\"@type\":\"WebPage\",\"@id\":\"https:\\\/\\\/vsv-ijmuiden.nl\\\/es\\\/van-slooten-vis-ijmuiden\\\/\",\"url\":\"https:\\\/\\\/vsv-ijmuiden.nl\\\/es\\\/van-slooten-vis-ijmuiden\\\/\",\"name\":\"Zeevisgroothandel | V.S.V Van Slooten Vis IJmuiden\",\"isPartOf\":{\"@id\":\"https:\\\/\\\/vsv-ijmuiden.nl\\\/#website\"},\"primaryImageOfPage\":{\"@id\":\"https:\\\/\\\/vsv-ijmuiden.nl\\\/es\\\/van-slooten-vis-ijmuiden\\\/#primaryimage\"},\"image\":{\"@id\":\"https:\\\/\\\/vsv-ijmuiden.nl\\\/es\\\/van-slooten-vis-ijmuiden\\\/#primaryimage\"},\"thumbnailUrl\":\"https:\\\/\\\/vsv-ijmuiden.nl\\\/wp-content\\\/uploads\\\/2018\\\/04\\\/vsv-bg.jpg\",\"datePublished\":\"2018-04-05T18:59:16+00:00\",\"dateModified\":\"2022-09-29T09:27:59+00:00\",\"description\":\"Van Slooten Vis IJmuiden naci\u00f3 de una familia de pescadores y pescaderos. El comercio al por mayor tradicional de pescado dej\u00f3 cabida finalmente en 1987 a un comercio al por mayor de pescado de mar establecido en IJmuiden, en los Pa\u00edses Bajos. El pescado que proveemos procede de las lonjas de los Pa\u00edses Bajos\",\"breadcrumb\":{\"@id\":\"https:\\\/\\\/vsv-ijmuiden.nl\\\/es\\\/van-slooten-vis-ijmuiden\\\/#breadcrumb\"},\"inLanguage\":\"es-ES\",\"potentialAction\":[{\"@type\":\"ReadAction\",\"target\":[\"https:\\\/\\\/vsv-ijmuiden.nl\\\/es\\\/van-slooten-vis-ijmuiden\\\/\"]}]},{\"@type\":\"ImageObject\",\"inLanguage\":\"es-ES\",\"@id\":\"https:\\\/\\\/vsv-ijmuiden.nl\\\/es\\\/van-slooten-vis-ijmuiden\\\/#primaryimage\",\"url\":\"https:\\\/\\\/vsv-ijmuiden.nl\\\/wp-content\\\/uploads\\\/2018\\\/04\\\/vsv-bg.jpg\",\"contentUrl\":\"https:\\\/\\\/vsv-ijmuiden.nl\\\/wp-content\\\/uploads\\\/2018\\\/04\\\/vsv-bg.jpg\",\"width\":1800,\"height\":1200},{\"@type\":\"BreadcrumbList\",\"@id\":\"https:\\\/\\\/vsv-ijmuiden.nl\\\/es\\\/van-slooten-vis-ijmuiden\\\/#breadcrumb\",\"itemListElement\":[{\"@type\":\"ListItem\",\"position\":1,\"name\":\"Home\",\"item\":\"https:\\\/\\\/vsv-ijmuiden.nl\\\/es\\\/van-slooten-vis-ijmuiden\\\/\"},{\"@type\":\"ListItem\",\"position\":2,\"name\":\"Van Slooten Vis IJmuiden\"}]},{\"@type\":\"WebSite\",\"@id\":\"https:\\\/\\\/vsv-ijmuiden.nl\\\/#website\",\"url\":\"https:\\\/\\\/vsv-ijmuiden.nl\\\/\",\"name\":\"Van Slooten Vis IJmuiden\",\"description\":\"\",\"potentialAction\":[{\"@type\":\"SearchAction\",\"target\":{\"@type\":\"EntryPoint\",\"urlTemplate\":\"https:\\\/\\\/vsv-ijmuiden.nl\\\/?s={search_term_string}\"},\"query-input\":{\"@type\":\"PropertyValueSpecification\",\"valueRequired\":true,\"valueName\":\"search_term_string\"}}],\"inLanguage\":\"es-ES\"}]}<\/script>\n<!-- \/ Yoast SEO plugin. -->","yoast_head_json":{"title":"Zeevisgroothandel | V.S.V Van Slooten Vis IJmuiden","description":"Van Slooten Vis IJmuiden naci\u00f3 de una familia de pescadores y pescaderos. El comercio al por mayor tradicional de pescado dej\u00f3 cabida finalmente en 1987 a un comercio al por mayor de pescado de mar establecido en IJmuiden, en los Pa\u00edses Bajos. El pescado que proveemos procede de las lonjas de los Pa\u00edses Bajos","robots":{"index":"index","follow":"follow","max-snippet":"max-snippet:-1","max-image-preview":"max-image-preview:large","max-video-preview":"max-video-preview:-1"},"canonical":"https:\/\/vsv-ijmuiden.nl\/es\/van-slooten-vis-ijmuiden\/","og_locale":"es_ES","og_type":"article","og_title":"Zeevisgroothandel | V.S.V Van Slooten Vis IJmuiden","og_description":"Van Slooten Vis IJmuiden naci\u00f3 de una familia de pescadores y pescaderos. El comercio al por mayor tradicional de pescado dej\u00f3 cabida finalmente en 1987 a un comercio al por mayor de pescado de mar establecido en IJmuiden, en los Pa\u00edses Bajos. El pescado que proveemos procede de las lonjas de los Pa\u00edses Bajos","og_url":"https:\/\/vsv-ijmuiden.nl\/es\/van-slooten-vis-ijmuiden\/","og_site_name":"Van Slooten Vis IJmuiden","article_modified_time":"2022-09-29T09:27:59+00:00","og_image":[{"width":1800,"height":1200,"url":"https:\/\/vsv-ijmuiden.nl\/wp-content\/uploads\/2018\/04\/vsv-bg.jpg","type":"image\/jpeg"}],"twitter_card":"summary_large_image","twitter_misc":{"Est. reading time":"1 minute"},"schema":{"@context":"https:\/\/schema.org","@graph":[{"@type":"WebPage","@id":"https:\/\/vsv-ijmuiden.nl\/es\/van-slooten-vis-ijmuiden\/","url":"https:\/\/vsv-ijmuiden.nl\/es\/van-slooten-vis-ijmuiden\/","name":"Zeevisgroothandel | V.S.V Van Slooten Vis IJmuiden","isPartOf":{"@id":"https:\/\/vsv-ijmuiden.nl\/#website"},"primaryImageOfPage":{"@id":"https:\/\/vsv-ijmuiden.nl\/es\/van-slooten-vis-ijmuiden\/#primaryimage"},"image":{"@id":"https:\/\/vsv-ijmuiden.nl\/es\/van-slooten-vis-ijmuiden\/#primaryimage"},"thumbnailUrl":"https:\/\/vsv-ijmuiden.nl\/wp-content\/uploads\/2018\/04\/vsv-bg.jpg","datePublished":"2018-04-05T18:59:16+00:00","dateModified":"2022-09-29T09:27:59+00:00","description":"Van Slooten Vis IJmuiden naci\u00f3 de una familia de pescadores y pescaderos. El comercio al por mayor tradicional de pescado dej\u00f3 cabida finalmente en 1987 a un comercio al por mayor de pescado de mar establecido en IJmuiden, en los Pa\u00edses Bajos. El pescado que proveemos procede de las lonjas de los Pa\u00edses Bajos","breadcrumb":{"@id":"https:\/\/vsv-ijmuiden.nl\/es\/van-slooten-vis-ijmuiden\/#breadcrumb"},"inLanguage":"es-ES","potentialAction":[{"@type":"ReadAction","target":["https:\/\/vsv-ijmuiden.nl\/es\/van-slooten-vis-ijmuiden\/"]}]},{"@type":"ImageObject","inLanguage":"es-ES","@id":"https:\/\/vsv-ijmuiden.nl\/es\/van-slooten-vis-ijmuiden\/#primaryimage","url":"https:\/\/vsv-ijmuiden.nl\/wp-content\/uploads\/2018\/04\/vsv-bg.jpg","contentUrl":"https:\/\/vsv-ijmuiden.nl\/wp-content\/uploads\/2018\/04\/vsv-bg.jpg","width":1800,"height":1200},{"@type":"BreadcrumbList","@id":"https:\/\/vsv-ijmuiden.nl\/es\/van-slooten-vis-ijmuiden\/#breadcrumb","itemListElement":[{"@type":"ListItem","position":1,"name":"Home","item":"https:\/\/vsv-ijmuiden.nl\/es\/van-slooten-vis-ijmuiden\/"},{"@type":"ListItem","position":2,"name":"Van Slooten Vis IJmuiden"}]},{"@type":"WebSite","@id":"https:\/\/vsv-ijmuiden.nl\/#website","url":"https:\/\/vsv-ijmuiden.nl\/","name":"Van Slooten Vis IJmuiden","description":"","potentialAction":[{"@type":"SearchAction","target":{"@type":"EntryPoint","urlTemplate":"https:\/\/vsv-ijmuiden.nl\/?s={search_term_string}"},"query-input":{"@type":"PropertyValueSpecification","valueRequired":true,"valueName":"search_term_string"}}],"inLanguage":"es-ES"}]}},"_links":{"self":[{"href":"https:\/\/vsv-ijmuiden.nl\/es\/wp-json\/wp\/v2\/pages\/131","targetHints":{"allow":["GET"]}}],"collection":[{"href":"https:\/\/vsv-ijmuiden.nl\/es\/wp-json\/wp\/v2\/pages"}],"about":[{"href":"https:\/\/vsv-ijmuiden.nl\/es\/wp-json\/wp\/v2\/types\/page"}],"author":[{"embeddable":true,"href":"https:\/\/vsv-ijmuiden.nl\/es\/wp-json\/wp\/v2\/users\/1"}],"replies":[{"embeddable":true,"href":"https:\/\/vsv-ijmuiden.nl\/es\/wp-json\/wp\/v2\/comments?post=131"}],"version-history":[{"count":3,"href":"https:\/\/vsv-ijmuiden.nl\/es\/wp-json\/wp\/v2\/pages\/131\/revisions"}],"predecessor-version":[{"id":7136,"href":"https:\/\/vsv-ijmuiden.nl\/es\/wp-json\/wp\/v2\/pages\/131\/revisions\/7136"}],"wp:featuredmedia":[{"embeddable":true,"href":"https:\/\/vsv-ijmuiden.nl\/es\/wp-json\/wp\/v2\/media\/132"}],"wp:attachment":[{"href":"https:\/\/vsv-ijmuiden.nl\/es\/wp-json\/wp\/v2\/media?parent=131"}],"curies":[{"name":"wp","href":"https:\/\/api.w.org\/{rel}","templated":true}]}}