{"id":167,"date":"2018-04-05T18:59:26","date_gmt":"2018-04-05T18:59:26","guid":{"rendered":"https:\/\/vsv-ijmuiden.nl\/kwaliteit\/"},"modified":"2026-03-26T16:36:11","modified_gmt":"2026-03-26T15:36:11","slug":"calidad","status":"publish","type":"page","link":"https:\/\/vsv-ijmuiden.nl\/es\/calidad\/","title":{"rendered":"Calidad"},"content":{"rendered":"<div id='layer_slider_1'  class='avia-layerslider main_color avia-shadow  avia-builder-el-0  el_before_av_two_third  avia-builder-el-first  container_wrap fullsize'  style='height: 231px; max-width: 1100px; margin: 0 auto;'  ><\/div><div id='after_layer_slider_1'  class='main_color av_default_container_wrap container_wrap fullsize'  ><div class='container av-section-cont-open' ><div class='template-page content  av-content-full alpha units'><div class='post-entry post-entry-type-page post-entry-167'><div class='entry-content-wrapper clearfix'>\n\n<style type=\"text\/css\" data-created_by=\"avia_inline_auto\" id=\"style-css-av-158ofj-c4a883133334405d00ee0d84f1ab3489\">\n.flex_column.av-158ofj-c4a883133334405d00ee0d84f1ab3489{\nborder-radius:0px 0px 0px 0px;\npadding:0px 0px 0px 0px;\n}\n<\/style>\n<div  class='flex_column av-158ofj-c4a883133334405d00ee0d84f1ab3489 av_two_third  avia-builder-el-1  el_after_av_layerslider  el_before_av_one_third  avia-builder-el-first  first flex_column_div av-zero-column-padding  '     ><section  class='av_textblock_section av-jsvnzxnk-8bc425c78c4cc8a28bd00b3bb48b3fdf '   itemscope=\"itemscope\" itemtype=\"https:\/\/schema.org\/CreativeWork\" ><div class='avia_textblock'  itemprop=\"text\" ><h2 class=\"shortcode_h2\">Calidad<\/h2>\n<p>VSV garantiza la cadena de calidad y seguridad alimentaria. VSV cuenta con las certificaciones siguientes: BRC, IFS, MSC y ASC. Estas certificaciones se auditan todos los a\u00f1os.<\/p>\n<p>La higiene es una de nuestras ense\u00f1as. Entre otros, tomamos muestras semanales de varios pescados. Estas muestras se analizan microbiol\u00f3gicamente en un laboratorio externo autorizado. El pescado se envasa seg\u00fan los deseos del cliente. Principalmente, en envases de EPS (poliestireno expandido). Desde hace poco tambi\u00e9n envasamos en PP (polipropileno) 100% reciclable.<\/p>\n<\/div><\/section><br \/>\n\n<style type=\"text\/css\" data-created_by=\"avia_inline_auto\" id=\"style-css-av-vy92v-faa8b110390339c1fccff385d9d4b61f\">\n#top .hr.hr-invisible.av-vy92v-faa8b110390339c1fccff385d9d4b61f{\nheight:30px;\n}\n<\/style>\n<div  class='hr av-vy92v-faa8b110390339c1fccff385d9d4b61f hr-invisible  avia-builder-el-3  el_after_av_textblock  el_before_av_textblock '><span class='hr-inner '><span class=\"hr-inner-style\"><\/span><\/span><\/div><br \/>\n<section  class='av_textblock_section av-ri91r-da0e4e99883f107ed4423912904c66dd '   itemscope=\"itemscope\" itemtype=\"https:\/\/schema.org\/CreativeWork\" ><div class='avia_textblock'  itemprop=\"text\" ><h3>Certificados<\/h3>\n<\/div><\/section><br \/>\n\n<style type=\"text\/css\" data-created_by=\"avia_inline_auto\" id=\"style-css-av-njz4v-512a0a6eb053251a46382ca5ed797448\">\n#top .hr.hr-invisible.av-njz4v-512a0a6eb053251a46382ca5ed797448{\nheight:10px;\n}\n<\/style>\n<div  class='hr av-njz4v-512a0a6eb053251a46382ca5ed797448 hr-invisible  avia-builder-el-5  el_after_av_textblock  el_before_av_textblock '><span class='hr-inner '><span class=\"hr-inner-style\"><\/span><\/span><\/div><br \/>\n<section  class='av_textblock_section av-74flz-03caf45994e4de853d0b72131a428a8e '   itemscope=\"itemscope\" itemtype=\"https:\/\/schema.org\/CreativeWork\" ><div class='avia_textblock'  itemprop=\"text\" ><p><img loading=\"lazy\" decoding=\"async\" class=\"alignnone wp-image-7391 \" src=\"https:\/\/vsv-ijmuiden.nl\/wp-content\/uploads\/2026\/03\/BRCGS_CERT_FOOD_LOGO_RGB-300x226.png\" alt=\"\" width=\"76\" height=\"57\" srcset=\"https:\/\/vsv-ijmuiden.nl\/wp-content\/uploads\/2026\/03\/BRCGS_CERT_FOOD_LOGO_RGB-300x226.png 300w, https:\/\/vsv-ijmuiden.nl\/wp-content\/uploads\/2026\/03\/BRCGS_CERT_FOOD_LOGO_RGB.png 690w\" sizes=\"auto, (max-width: 76px) 100vw, 76px\" \/>\u00a0\u00a0<img loading=\"lazy\" decoding=\"async\" class=\"alignnone size-full wp-image-112\" src=\"https:\/\/vsv-ijmuiden.nl\/wp-content\/uploads\/2018\/04\/msc-vsv-en-2.jpg\" alt=\"\" width=\"107\" height=\"60\" \/>\u00a0 <img loading=\"lazy\" decoding=\"async\" class=\"alignnone size-full wp-image-116\" src=\"https:\/\/vsv-ijmuiden.nl\/wp-content\/uploads\/2018\/04\/ifs-food-logo.jpg\" alt=\"\" width=\"107\" height=\"60\" \/><a href=\"https:\/\/www.ifs-certification.com\/index.php\/en\/\" target=\"_blank\" rel=\"noopener\"><img loading=\"lazy\" decoding=\"async\" class=\"alignnone size-full wp-image-113\" src=\"https:\/\/vsv-ijmuiden.nl\/wp-content\/uploads\/2018\/04\/ifs-broker-logo.jpg\" alt=\"\" width=\"107\" height=\"60\" \/><\/a><\/p>\n<\/div><\/section><\/p><\/div>\n<style type=\"text\/css\" data-created_by=\"avia_inline_auto\" id=\"style-css-av-1ez07-7d4c8e43e5c87e8f79bbb4186bd24c71\">\n.flex_column.av-1ez07-7d4c8e43e5c87e8f79bbb4186bd24c71{\nborder-radius:0px 0px 0px 0px;\npadding:0px 0px 0px 0px;\n}\n<\/style>\n<div  class='flex_column av-1ez07-7d4c8e43e5c87e8f79bbb4186bd24c71 av_one_third  avia-builder-el-7  el_after_av_two_third  avia-builder-el-last  flex_column_div av-zero-column-padding  '     ><section  class='av_textblock_section av-rs4n-ed0a6776782905a574cbdcab165184b7 '   itemscope=\"itemscope\" itemtype=\"https:\/\/schema.org\/CreativeWork\" ><div class='avia_textblock'  itemprop=\"text\" ><h4 class=\"shortcode_h5\">Zeevisgroothandel V.S.V.<br \/>\nVan Slooten Vis IJmuiden B.V.<\/h4>\n<p>Vissershavenstraat 35<br \/>\n1976 DB IJmuiden<br \/>\nHolanda<\/p>\n<p><a href=\"mailto:vsv@vsv-ijmuiden.nl\">vsv@vsv-ijmuiden.nl<\/a><\/p>\n<p>Tel. +31 (0) 255 537 576<br \/>\nFax +31 (0) 255 513 729<\/p>\n<\/div><\/section><\/div><\/p>\n","protected":false},"excerpt":{"rendered":"","protected":false},"author":1,"featured_media":169,"parent":0,"menu_order":0,"comment_status":"closed","ping_status":"closed","template":"","meta":{"footnotes":""},"class_list":["post-167","page","type-page","status-publish","has-post-thumbnail","hentry"],"yoast_head":"<!-- This site is optimized with the Yoast SEO plugin v27.4 - https:\/\/yoast.com\/product\/yoast-seo-wordpress\/ -->\n<title>Calidad | Certificados | V.S.V. Van Slooten Vis IJmuiden<\/title>\n<meta name=\"description\" content=\"VSV garantiza la cadena de calidad y seguridad alimentaria. VSV cuenta con las certificaciones siguientes: BRC, IFS, MSC, ASC y Naturland. Estas certificaciones se auditan todos los a\u00f1os.\" \/>\n<meta name=\"robots\" content=\"index, follow, max-snippet:-1, max-image-preview:large, max-video-preview:-1\" \/>\n<link rel=\"canonical\" href=\"https:\/\/vsv-ijmuiden.nl\/es\/calidad\/\" \/>\n<meta property=\"og:locale\" content=\"es_ES\" \/>\n<meta property=\"og:type\" content=\"article\" \/>\n<meta property=\"og:title\" content=\"Calidad | Certificados | V.S.V. Van Slooten Vis IJmuiden\" \/>\n<meta property=\"og:description\" content=\"VSV garantiza la cadena de calidad y seguridad alimentaria. VSV cuenta con las certificaciones siguientes: BRC, IFS, MSC, ASC y Naturland. Estas certificaciones se auditan todos los a\u00f1os.\" \/>\n<meta property=\"og:url\" content=\"https:\/\/vsv-ijmuiden.nl\/es\/calidad\/\" \/>\n<meta property=\"og:site_name\" content=\"Van Slooten Vis IJmuiden\" \/>\n<meta property=\"article:modified_time\" content=\"2026-03-26T15:36:11+00:00\" \/>\n<meta property=\"og:image\" content=\"https:\/\/vsv-ijmuiden.nl\/wp-content\/uploads\/2018\/04\/rode-poon-kwaliteit-1100.jpg\" \/>\n\t<meta property=\"og:image:width\" content=\"1100\" \/>\n\t<meta property=\"og:image:height\" content=\"229\" \/>\n\t<meta property=\"og:image:type\" content=\"image\/jpeg\" \/>\n<meta name=\"twitter:card\" content=\"summary_large_image\" \/>\n<meta name=\"twitter:label1\" content=\"Est. reading time\" \/>\n\t<meta name=\"twitter:data1\" content=\"2 minutes\" \/>\n<script type=\"application\/ld+json\" class=\"yoast-schema-graph\">{\"@context\":\"https:\\\/\\\/schema.org\",\"@graph\":[{\"@type\":\"WebPage\",\"@id\":\"https:\\\/\\\/vsv-ijmuiden.nl\\\/es\\\/calidad\\\/\",\"url\":\"https:\\\/\\\/vsv-ijmuiden.nl\\\/es\\\/calidad\\\/\",\"name\":\"Calidad | Certificados | V.S.V. Van Slooten Vis IJmuiden\",\"isPartOf\":{\"@id\":\"https:\\\/\\\/vsv-ijmuiden.nl\\\/#website\"},\"primaryImageOfPage\":{\"@id\":\"https:\\\/\\\/vsv-ijmuiden.nl\\\/es\\\/calidad\\\/#primaryimage\"},\"image\":{\"@id\":\"https:\\\/\\\/vsv-ijmuiden.nl\\\/es\\\/calidad\\\/#primaryimage\"},\"thumbnailUrl\":\"https:\\\/\\\/vsv-ijmuiden.nl\\\/wp-content\\\/uploads\\\/2018\\\/04\\\/rode-poon-kwaliteit-1100.jpg\",\"datePublished\":\"2018-04-05T18:59:26+00:00\",\"dateModified\":\"2026-03-26T15:36:11+00:00\",\"description\":\"VSV garantiza la cadena de calidad y seguridad alimentaria. VSV cuenta con las certificaciones siguientes: BRC, IFS, MSC, ASC y Naturland. Estas certificaciones se auditan todos los a\u00f1os.\",\"breadcrumb\":{\"@id\":\"https:\\\/\\\/vsv-ijmuiden.nl\\\/es\\\/calidad\\\/#breadcrumb\"},\"inLanguage\":\"es-ES\",\"potentialAction\":[{\"@type\":\"ReadAction\",\"target\":[\"https:\\\/\\\/vsv-ijmuiden.nl\\\/es\\\/calidad\\\/\"]}]},{\"@type\":\"ImageObject\",\"inLanguage\":\"es-ES\",\"@id\":\"https:\\\/\\\/vsv-ijmuiden.nl\\\/es\\\/calidad\\\/#primaryimage\",\"url\":\"https:\\\/\\\/vsv-ijmuiden.nl\\\/wp-content\\\/uploads\\\/2018\\\/04\\\/rode-poon-kwaliteit-1100.jpg\",\"contentUrl\":\"https:\\\/\\\/vsv-ijmuiden.nl\\\/wp-content\\\/uploads\\\/2018\\\/04\\\/rode-poon-kwaliteit-1100.jpg\",\"width\":1100,\"height\":229},{\"@type\":\"BreadcrumbList\",\"@id\":\"https:\\\/\\\/vsv-ijmuiden.nl\\\/es\\\/calidad\\\/#breadcrumb\",\"itemListElement\":[{\"@type\":\"ListItem\",\"position\":1,\"name\":\"Home\",\"item\":\"https:\\\/\\\/vsv-ijmuiden.nl\\\/es\\\/van-slooten-vis-ijmuiden\\\/\"},{\"@type\":\"ListItem\",\"position\":2,\"name\":\"Calidad\"}]},{\"@type\":\"WebSite\",\"@id\":\"https:\\\/\\\/vsv-ijmuiden.nl\\\/#website\",\"url\":\"https:\\\/\\\/vsv-ijmuiden.nl\\\/\",\"name\":\"Van Slooten Vis IJmuiden\",\"description\":\"\",\"potentialAction\":[{\"@type\":\"SearchAction\",\"target\":{\"@type\":\"EntryPoint\",\"urlTemplate\":\"https:\\\/\\\/vsv-ijmuiden.nl\\\/?s={search_term_string}\"},\"query-input\":{\"@type\":\"PropertyValueSpecification\",\"valueRequired\":true,\"valueName\":\"search_term_string\"}}],\"inLanguage\":\"es-ES\"}]}<\/script>\n<!-- \/ Yoast SEO plugin. -->","yoast_head_json":{"title":"Calidad | Certificados | V.S.V. Van Slooten Vis IJmuiden","description":"VSV garantiza la cadena de calidad y seguridad alimentaria. VSV cuenta con las certificaciones siguientes: BRC, IFS, MSC, ASC y Naturland. Estas certificaciones se auditan todos los a\u00f1os.","robots":{"index":"index","follow":"follow","max-snippet":"max-snippet:-1","max-image-preview":"max-image-preview:large","max-video-preview":"max-video-preview:-1"},"canonical":"https:\/\/vsv-ijmuiden.nl\/es\/calidad\/","og_locale":"es_ES","og_type":"article","og_title":"Calidad | Certificados | V.S.V. Van Slooten Vis IJmuiden","og_description":"VSV garantiza la cadena de calidad y seguridad alimentaria. VSV cuenta con las certificaciones siguientes: BRC, IFS, MSC, ASC y Naturland. Estas certificaciones se auditan todos los a\u00f1os.","og_url":"https:\/\/vsv-ijmuiden.nl\/es\/calidad\/","og_site_name":"Van Slooten Vis IJmuiden","article_modified_time":"2026-03-26T15:36:11+00:00","og_image":[{"width":1100,"height":229,"url":"https:\/\/vsv-ijmuiden.nl\/wp-content\/uploads\/2018\/04\/rode-poon-kwaliteit-1100.jpg","type":"image\/jpeg"}],"twitter_card":"summary_large_image","twitter_misc":{"Est. reading time":"2 minutes"},"schema":{"@context":"https:\/\/schema.org","@graph":[{"@type":"WebPage","@id":"https:\/\/vsv-ijmuiden.nl\/es\/calidad\/","url":"https:\/\/vsv-ijmuiden.nl\/es\/calidad\/","name":"Calidad | Certificados | V.S.V. Van Slooten Vis IJmuiden","isPartOf":{"@id":"https:\/\/vsv-ijmuiden.nl\/#website"},"primaryImageOfPage":{"@id":"https:\/\/vsv-ijmuiden.nl\/es\/calidad\/#primaryimage"},"image":{"@id":"https:\/\/vsv-ijmuiden.nl\/es\/calidad\/#primaryimage"},"thumbnailUrl":"https:\/\/vsv-ijmuiden.nl\/wp-content\/uploads\/2018\/04\/rode-poon-kwaliteit-1100.jpg","datePublished":"2018-04-05T18:59:26+00:00","dateModified":"2026-03-26T15:36:11+00:00","description":"VSV garantiza la cadena de calidad y seguridad alimentaria. VSV cuenta con las certificaciones siguientes: BRC, IFS, MSC, ASC y Naturland. Estas certificaciones se auditan todos los a\u00f1os.","breadcrumb":{"@id":"https:\/\/vsv-ijmuiden.nl\/es\/calidad\/#breadcrumb"},"inLanguage":"es-ES","potentialAction":[{"@type":"ReadAction","target":["https:\/\/vsv-ijmuiden.nl\/es\/calidad\/"]}]},{"@type":"ImageObject","inLanguage":"es-ES","@id":"https:\/\/vsv-ijmuiden.nl\/es\/calidad\/#primaryimage","url":"https:\/\/vsv-ijmuiden.nl\/wp-content\/uploads\/2018\/04\/rode-poon-kwaliteit-1100.jpg","contentUrl":"https:\/\/vsv-ijmuiden.nl\/wp-content\/uploads\/2018\/04\/rode-poon-kwaliteit-1100.jpg","width":1100,"height":229},{"@type":"BreadcrumbList","@id":"https:\/\/vsv-ijmuiden.nl\/es\/calidad\/#breadcrumb","itemListElement":[{"@type":"ListItem","position":1,"name":"Home","item":"https:\/\/vsv-ijmuiden.nl\/es\/van-slooten-vis-ijmuiden\/"},{"@type":"ListItem","position":2,"name":"Calidad"}]},{"@type":"WebSite","@id":"https:\/\/vsv-ijmuiden.nl\/#website","url":"https:\/\/vsv-ijmuiden.nl\/","name":"Van Slooten Vis IJmuiden","description":"","potentialAction":[{"@type":"SearchAction","target":{"@type":"EntryPoint","urlTemplate":"https:\/\/vsv-ijmuiden.nl\/?s={search_term_string}"},"query-input":{"@type":"PropertyValueSpecification","valueRequired":true,"valueName":"search_term_string"}}],"inLanguage":"es-ES"}]}},"_links":{"self":[{"href":"https:\/\/vsv-ijmuiden.nl\/es\/wp-json\/wp\/v2\/pages\/167","targetHints":{"allow":["GET"]}}],"collection":[{"href":"https:\/\/vsv-ijmuiden.nl\/es\/wp-json\/wp\/v2\/pages"}],"about":[{"href":"https:\/\/vsv-ijmuiden.nl\/es\/wp-json\/wp\/v2\/types\/page"}],"author":[{"embeddable":true,"href":"https:\/\/vsv-ijmuiden.nl\/es\/wp-json\/wp\/v2\/users\/1"}],"replies":[{"embeddable":true,"href":"https:\/\/vsv-ijmuiden.nl\/es\/wp-json\/wp\/v2\/comments?post=167"}],"version-history":[{"count":13,"href":"https:\/\/vsv-ijmuiden.nl\/es\/wp-json\/wp\/v2\/pages\/167\/revisions"}],"predecessor-version":[{"id":7396,"href":"https:\/\/vsv-ijmuiden.nl\/es\/wp-json\/wp\/v2\/pages\/167\/revisions\/7396"}],"wp:featuredmedia":[{"embeddable":true,"href":"https:\/\/vsv-ijmuiden.nl\/es\/wp-json\/wp\/v2\/media\/169"}],"wp:attachment":[{"href":"https:\/\/vsv-ijmuiden.nl\/es\/wp-json\/wp\/v2\/media?parent=167"}],"curies":[{"name":"wp","href":"https:\/\/api.w.org\/{rel}","templated":true}]}}