{"id":265,"date":"2018-04-05T18:59:48","date_gmt":"2018-04-05T18:59:48","guid":{"rendered":"https:\/\/vsv-ijmuiden.nl\/nieuws\/"},"modified":"2018-04-09T09:48:07","modified_gmt":"2018-04-09T09:48:07","slug":"noticias","status":"publish","type":"page","link":"https:\/\/vsv-ijmuiden.nl\/es\/noticias\/","title":{"rendered":"Noticias"},"content":{"rendered":"\n<style type=\"text\/css\" data-created_by=\"avia_inline_auto\" id=\"style-css-av-av_two_third-15d750bd1b332b34c6e70b077ebbccdf\">\n.flex_column.av-av_two_third-15d750bd1b332b34c6e70b077ebbccdf{\nborder-radius:0px 0px 0px 0px;\npadding:0px 0px 0px 0px;\n}\n<\/style>\n<div  class='flex_column av-av_two_third-15d750bd1b332b34c6e70b077ebbccdf av_two_third  avia-builder-el-0  el_before_av_one_third  avia-builder-el-first  first flex_column_div av-zero-column-padding  '     ><div  class='av-alb-blogposts template-blog  av-blog-meta-author-disabled av-blog-meta-comments-disabled av-blog-meta-html-info-disabled av-blog-meta-tag-disabled '  itemscope=\"itemscope\" itemtype=\"https:\/\/schema.org\/Blog\" ><article class=\"post-entry post-entry-type-standard post-entry-6593 post-loop-1 post-parity-odd single-big  post-6593 post type-post status-publish format-standard hentry category-general-es\"  itemscope=\"itemscope\" itemtype=\"https:\/\/schema.org\/BlogPosting\" ><div class=\"blog-meta\"><\/div><div class='entry-content-wrapper clearfix standard-content'><header class=\"entry-content-header\" aria-label=\"Post: IFS audit 2018\"><h2 class='post-title entry-title '  itemprop=\"headline\" ><a href=\"https:\/\/vsv-ijmuiden.nl\/es\/ifs-audit-2018\/\" rel=\"bookmark\" title=\"Enlace permanente: IFS audit 2018\">IFS audit 2018<span class=\"post-format-icon minor-meta\"><\/span><\/a><\/h2><span class=\"post-meta-infos\"><time class=\"date-container minor-meta updated\"  itemprop=\"datePublished\" datetime=\"2018-10-04T13:52:07+02:00\" >4 October 2018<\/time><span class=\"text-sep\">\/<\/span><span class=\"blog-categories minor-meta\">en <a href=\"https:\/\/vsv-ijmuiden.nl\/es\/category\/general-es\/\" rel=\"tag\">General<\/a><\/span><\/span><\/header><div class=\"entry-content\"  itemprop=\"text\" ><p>iVsV consigue una vez m\u00e1s en 2018 las certificaciones IFS Broker Higher Level e IFS Food Higher Level.<\/p>\n<\/div><footer class=\"entry-footer\"><\/footer><div class='post_delimiter'><\/div><\/div><div class=\"post_author_timeline\"><\/div><span class='hidden'>\n\t\t\t\t<span class='av-structured-data'  itemprop=\"image\" itemscope=\"itemscope\" itemtype=\"https:\/\/schema.org\/ImageObject\" >\n\t\t\t\t\t\t<span itemprop='url'>https:\/\/vsv-ijmuiden.nl\/wp-content\/uploads\/2018\/04\/van-slooten-vis-logo-100.png<\/span>\n\t\t\t\t\t\t<span itemprop='height'>0<\/span>\n\t\t\t\t\t\t<span itemprop='width'>0<\/span>\n\t\t\t\t<\/span>\n\t\t\t\t<span class='av-structured-data'  itemprop=\"publisher\" itemtype=\"https:\/\/schema.org\/Organization\" itemscope=\"itemscope\" >\n\t\t\t\t\t\t<span itemprop='name'>VSV Van Slooten Vis<\/span>\n\t\t\t\t\t\t<span itemprop='logo' itemscope itemtype='https:\/\/schema.org\/ImageObject'>\n\t\t\t\t\t\t\t<span itemprop='url'>https:\/\/vsv-ijmuiden.nl\/wp-content\/uploads\/2018\/04\/van-slooten-vis-logo-100.png<\/span>\n\t\t\t\t\t\t<\/span>\n\t\t\t\t<\/span><span class='av-structured-data'  itemprop=\"author\" itemscope=\"itemscope\" itemtype=\"https:\/\/schema.org\/Person\" ><span itemprop='name'>VSV Van Slooten Vis<\/span><\/span><span class='av-structured-data'  itemprop=\"datePublished\" datetime=\"2018-10-04T13:52:07+02:00\" >2018-10-04 13:52:07<\/span><span class='av-structured-data'  itemprop=\"dateModified\" itemtype=\"https:\/\/schema.org\/dateModified\" >2018-10-04 13:52:07<\/span><span class='av-structured-data'  itemprop=\"mainEntityOfPage\" itemtype=\"https:\/\/schema.org\/mainEntityOfPage\" ><span itemprop='name'>IFS audit 2018<\/span><\/span><\/span><\/article><article class=\"post-entry post-entry-type-standard post-entry-6505 post-loop-2 post-parity-even single-big  post-6505 post type-post status-publish format-standard hentry category-general-es\"  itemscope=\"itemscope\" itemtype=\"https:\/\/schema.org\/BlogPosting\" ><div class=\"blog-meta\"><\/div><div class='entry-content-wrapper clearfix standard-content'><header class=\"entry-content-header\" aria-label=\"Post: las certificaciones en 2017\"><h2 class='post-title entry-title '  itemprop=\"headline\" ><a href=\"https:\/\/vsv-ijmuiden.nl\/es\/las-certificaciones-en-2017\/\" rel=\"bookmark\" title=\"Enlace permanente: las certificaciones en 2017\">las certificaciones en 2017<span class=\"post-format-icon minor-meta\"><\/span><\/a><\/h2><span class=\"post-meta-infos\"><time class=\"date-container minor-meta updated\"  itemprop=\"datePublished\" datetime=\"2018-07-05T14:42:10+02:00\" >5 July 2018<\/time><span class=\"text-sep\">\/<\/span><span class=\"blog-categories minor-meta\">en <a href=\"https:\/\/vsv-ijmuiden.nl\/es\/category\/general-es\/\" rel=\"tag\">General<\/a><\/span><\/span><\/header><div class=\"entry-content\"  itemprop=\"text\" ><p>iVsV consigue una vez m\u00e1s en 2017 las certificaciones BRC grade AA 2017, IFS Broker Higher Level, IFS Food Higher Level, MSC, Naturland e ASC.<\/p>\n<\/div><footer class=\"entry-footer\"><\/footer><div class='post_delimiter'><\/div><\/div><div class=\"post_author_timeline\"><\/div><span class='hidden'>\n\t\t\t\t<span class='av-structured-data'  itemprop=\"image\" itemscope=\"itemscope\" itemtype=\"https:\/\/schema.org\/ImageObject\" >\n\t\t\t\t\t\t<span itemprop='url'>https:\/\/vsv-ijmuiden.nl\/wp-content\/uploads\/2018\/04\/van-slooten-vis-logo-100.png<\/span>\n\t\t\t\t\t\t<span itemprop='height'>0<\/span>\n\t\t\t\t\t\t<span itemprop='width'>0<\/span>\n\t\t\t\t<\/span>\n\t\t\t\t<span class='av-structured-data'  itemprop=\"publisher\" itemtype=\"https:\/\/schema.org\/Organization\" itemscope=\"itemscope\" >\n\t\t\t\t\t\t<span itemprop='name'>VSV Van Slooten Vis<\/span>\n\t\t\t\t\t\t<span itemprop='logo' itemscope itemtype='https:\/\/schema.org\/ImageObject'>\n\t\t\t\t\t\t\t<span itemprop='url'>https:\/\/vsv-ijmuiden.nl\/wp-content\/uploads\/2018\/04\/van-slooten-vis-logo-100.png<\/span>\n\t\t\t\t\t\t<\/span>\n\t\t\t\t<\/span><span class='av-structured-data'  itemprop=\"author\" itemscope=\"itemscope\" itemtype=\"https:\/\/schema.org\/Person\" ><span itemprop='name'>VSV Van Slooten Vis<\/span><\/span><span class='av-structured-data'  itemprop=\"datePublished\" datetime=\"2018-07-05T14:42:10+02:00\" >2018-07-05 14:42:10<\/span><span class='av-structured-data'  itemprop=\"dateModified\" itemtype=\"https:\/\/schema.org\/dateModified\" >2018-07-05 14:42:58<\/span><span class='av-structured-data'  itemprop=\"mainEntityOfPage\" itemtype=\"https:\/\/schema.org\/mainEntityOfPage\" ><span itemprop='name'>las certificaciones en 2017<\/span><\/span><\/span><\/article><article class=\"post-entry post-entry-type-standard post-entry-6081 post-loop-3 post-parity-odd single-big  post-6081 post type-post status-publish format-standard hentry category-general-es\"  itemscope=\"itemscope\" itemtype=\"https:\/\/schema.org\/BlogPosting\" ><div class=\"blog-meta\"><\/div><div class='entry-content-wrapper clearfix standard-content'><header class=\"entry-content-header\" aria-label=\"Post: \u00a1VsV consigue una vez m\u00e1s en 2016 las certificaciones BRC (grade A), IFS Food e IFS Broker (Higher Level)!\"><h2 class='post-title entry-title '  itemprop=\"headline\" ><a href=\"https:\/\/vsv-ijmuiden.nl\/es\/vsv-consigue-una-vez-mas-en-2016-las-certificaciones-brc-grade-a-ifs-food-e-ifs-broker-higher-level\/\" rel=\"bookmark\" title=\"Enlace permanente: \u00a1VsV consigue una vez m\u00e1s en 2016 las certificaciones BRC (grade A), IFS Food e IFS Broker (Higher Level)!\">\u00a1VsV consigue una vez m\u00e1s en 2016 las certificaciones BRC (grade A), IFS Food e IFS Broker (Higher Level)!<span class=\"post-format-icon minor-meta\"><\/span><\/a><\/h2><span class=\"post-meta-infos\"><time class=\"date-container minor-meta updated\"  itemprop=\"datePublished\" datetime=\"2016-11-24T10:44:20+01:00\" >24 November 2016<\/time><span class=\"text-sep\">\/<\/span><span class=\"blog-categories minor-meta\">en <a href=\"https:\/\/vsv-ijmuiden.nl\/es\/category\/general-es\/\" rel=\"tag\">General<\/a><\/span><\/span><\/header><div class=\"entry-content\"  itemprop=\"text\" ><\/div><footer class=\"entry-footer\"><\/footer><div class='post_delimiter'><\/div><\/div><div class=\"post_author_timeline\"><\/div><span class='hidden'>\n\t\t\t\t<span class='av-structured-data'  itemprop=\"image\" itemscope=\"itemscope\" itemtype=\"https:\/\/schema.org\/ImageObject\" >\n\t\t\t\t\t\t<span itemprop='url'>https:\/\/vsv-ijmuiden.nl\/wp-content\/uploads\/2018\/04\/van-slooten-vis-logo-100.png<\/span>\n\t\t\t\t\t\t<span itemprop='height'>0<\/span>\n\t\t\t\t\t\t<span itemprop='width'>0<\/span>\n\t\t\t\t<\/span>\n\t\t\t\t<span class='av-structured-data'  itemprop=\"publisher\" itemtype=\"https:\/\/schema.org\/Organization\" itemscope=\"itemscope\" >\n\t\t\t\t\t\t<span itemprop='name'>VSV Van Slooten Vis<\/span>\n\t\t\t\t\t\t<span itemprop='logo' itemscope itemtype='https:\/\/schema.org\/ImageObject'>\n\t\t\t\t\t\t\t<span itemprop='url'>https:\/\/vsv-ijmuiden.nl\/wp-content\/uploads\/2018\/04\/van-slooten-vis-logo-100.png<\/span>\n\t\t\t\t\t\t<\/span>\n\t\t\t\t<\/span><span class='av-structured-data'  itemprop=\"author\" itemscope=\"itemscope\" itemtype=\"https:\/\/schema.org\/Person\" ><span itemprop='name'>VSV Van Slooten Vis<\/span><\/span><span class='av-structured-data'  itemprop=\"datePublished\" datetime=\"2016-11-24T10:44:20+01:00\" >2016-11-24 10:44:20<\/span><span class='av-structured-data'  itemprop=\"dateModified\" itemtype=\"https:\/\/schema.org\/dateModified\" >2018-04-09 09:38:18<\/span><span class='av-structured-data'  itemprop=\"mainEntityOfPage\" itemtype=\"https:\/\/schema.org\/mainEntityOfPage\" ><span itemprop='name'>\u00a1VsV consigue una vez m\u00e1s en 2016 las certificaciones BRC (grade A), IFS Food e IFS Broker (Higher Level)!<\/span><\/span><\/span><\/article><article class=\"post-entry post-entry-type-standard post-entry-1818 post-loop-4 post-parity-even single-big  post-1818 post type-post status-publish format-standard hentry category-general-es\"  itemscope=\"itemscope\" itemtype=\"https:\/\/schema.org\/BlogPosting\" ><div class=\"blog-meta\"><\/div><div class='entry-content-wrapper clearfix standard-content'><header class=\"entry-content-header\" aria-label=\"Post: \u00a1VsV consigue una vez m\u00e1s en 2015 las certificaciones BRC, IFS Food e IFS Broker!\"><h2 class='post-title entry-title '  itemprop=\"headline\" ><a href=\"https:\/\/vsv-ijmuiden.nl\/es\/vsv-consigue-una-vez-mas-en-2015-las-certificaciones-brc-ifs-food-e-ifs-brooker\/\" rel=\"bookmark\" title=\"Enlace permanente: \u00a1VsV consigue una vez m\u00e1s en 2015 las certificaciones BRC, IFS Food e IFS Broker!\">\u00a1VsV consigue una vez m\u00e1s en 2015 las certificaciones BRC, IFS Food e IFS Broker!<span class=\"post-format-icon minor-meta\"><\/span><\/a><\/h2><span class=\"post-meta-infos\"><time class=\"date-container minor-meta updated\"  itemprop=\"datePublished\" datetime=\"2015-11-05T09:50:43+01:00\" >5 November 2015<\/time><span class=\"text-sep\">\/<\/span><span class=\"blog-categories minor-meta\">en <a href=\"https:\/\/vsv-ijmuiden.nl\/es\/category\/general-es\/\" rel=\"tag\">General<\/a><\/span><\/span><\/header><div class=\"entry-content\"  itemprop=\"text\" ><\/div><footer class=\"entry-footer\"><\/footer><div class='post_delimiter'><\/div><\/div><div class=\"post_author_timeline\"><\/div><span class='hidden'>\n\t\t\t\t<span class='av-structured-data'  itemprop=\"image\" itemscope=\"itemscope\" itemtype=\"https:\/\/schema.org\/ImageObject\" >\n\t\t\t\t\t\t<span itemprop='url'>https:\/\/vsv-ijmuiden.nl\/wp-content\/uploads\/2018\/04\/van-slooten-vis-logo-100.png<\/span>\n\t\t\t\t\t\t<span itemprop='height'>0<\/span>\n\t\t\t\t\t\t<span itemprop='width'>0<\/span>\n\t\t\t\t<\/span>\n\t\t\t\t<span class='av-structured-data'  itemprop=\"publisher\" itemtype=\"https:\/\/schema.org\/Organization\" itemscope=\"itemscope\" >\n\t\t\t\t\t\t<span itemprop='name'>VSV Van Slooten Vis<\/span>\n\t\t\t\t\t\t<span itemprop='logo' itemscope itemtype='https:\/\/schema.org\/ImageObject'>\n\t\t\t\t\t\t\t<span itemprop='url'>https:\/\/vsv-ijmuiden.nl\/wp-content\/uploads\/2018\/04\/van-slooten-vis-logo-100.png<\/span>\n\t\t\t\t\t\t<\/span>\n\t\t\t\t<\/span><span class='av-structured-data'  itemprop=\"author\" itemscope=\"itemscope\" itemtype=\"https:\/\/schema.org\/Person\" ><span itemprop='name'>VSV Van Slooten Vis<\/span><\/span><span class='av-structured-data'  itemprop=\"datePublished\" datetime=\"2015-11-05T09:50:43+01:00\" >2015-11-05 09:50:43<\/span><span class='av-structured-data'  itemprop=\"dateModified\" itemtype=\"https:\/\/schema.org\/dateModified\" >2018-04-09 09:38:24<\/span><span class='av-structured-data'  itemprop=\"mainEntityOfPage\" itemtype=\"https:\/\/schema.org\/mainEntityOfPage\" ><span itemprop='name'>\u00a1VsV consigue una vez m\u00e1s en 2015 las certificaciones BRC, IFS Food e IFS Broker!<\/span><\/span><\/span><\/article><article class=\"post-entry post-entry-type-standard post-entry-1694 post-loop-5 post-parity-odd single-big  post-1694 post type-post status-publish format-standard has-post-thumbnail hentry category-general-es\"  itemscope=\"itemscope\" itemtype=\"https:\/\/schema.org\/BlogPosting\" ><div class=\"blog-meta\"><\/div><div class='entry-content-wrapper clearfix standard-content'><header class=\"entry-content-header\" aria-label=\"Post: \u00a1VsV consigue una vez m\u00e1s en 2014 las certificaciones BRC e IFS!\"><h2 class='post-title entry-title '  itemprop=\"headline\" ><a href=\"https:\/\/vsv-ijmuiden.nl\/es\/vsv-consigue-una-vez-mas-en-2014-las-certificaciones-brc-e-ifs\/\" rel=\"bookmark\" title=\"Enlace permanente: \u00a1VsV consigue una vez m\u00e1s en 2014 las certificaciones BRC e IFS!\">\u00a1VsV consigue una vez m\u00e1s en 2014 las certificaciones BRC e IFS!<span class=\"post-format-icon minor-meta\"><\/span><\/a><\/h2><span class=\"post-meta-infos\"><time class=\"date-container minor-meta updated\"  itemprop=\"datePublished\" datetime=\"2014-04-04T12:22:45+02:00\" >4 April 2014<\/time><span class=\"text-sep\">\/<\/span><span class=\"blog-categories minor-meta\">en <a href=\"https:\/\/vsv-ijmuiden.nl\/es\/category\/general-es\/\" rel=\"tag\">General<\/a><\/span><\/span><\/header><div class=\"entry-content\"  itemprop=\"text\" ><p>Para garantizar la seguridad alimentaria del pescado que envasamos, VsV cuenta con las certificaciones BRC e IFS. La concesi\u00f3n de estas certificaciones depende de una auditor\u00eda que se realiza anualmente para evaluar su asignaci\u00f3n. El 1 de abril de 2014 se ampli\u00f3 tanto la certificaci\u00f3n BRC nivel A como la certificaci\u00f3n IFS Higher Level.<\/p>\n<p> <a href=\"https:\/\/vsv-ijmuiden.nl\/es\/vsv-consigue-una-vez-mas-en-2014-las-certificaciones-brc-e-ifs\/\" class=\"more-link\">Leer m\u00e1s<span class=\"more-link-arrow\"><\/span><\/a><\/p>\n<\/div><footer class=\"entry-footer\"><\/footer><div class='post_delimiter'><\/div><\/div><div class=\"post_author_timeline\"><\/div><span class='hidden'>\n\t\t\t\t<span class='av-structured-data'  itemprop=\"image\" itemscope=\"itemscope\" itemtype=\"https:\/\/schema.org\/ImageObject\" >\n\t\t\t\t\t\t<span itemprop='url'><\/span>\n\t\t\t\t\t\t<span itemprop='height'>0<\/span>\n\t\t\t\t\t\t<span itemprop='width'>0<\/span>\n\t\t\t\t<\/span>\n\t\t\t\t<span class='av-structured-data'  itemprop=\"publisher\" itemtype=\"https:\/\/schema.org\/Organization\" itemscope=\"itemscope\" >\n\t\t\t\t\t\t<span itemprop='name'>VSV Van Slooten Vis<\/span>\n\t\t\t\t\t\t<span itemprop='logo' itemscope itemtype='https:\/\/schema.org\/ImageObject'>\n\t\t\t\t\t\t\t<span itemprop='url'>https:\/\/vsv-ijmuiden.nl\/wp-content\/uploads\/2018\/04\/van-slooten-vis-logo-100.png<\/span>\n\t\t\t\t\t\t<\/span>\n\t\t\t\t<\/span><span class='av-structured-data'  itemprop=\"author\" itemscope=\"itemscope\" itemtype=\"https:\/\/schema.org\/Person\" ><span itemprop='name'>VSV Van Slooten Vis<\/span><\/span><span class='av-structured-data'  itemprop=\"datePublished\" datetime=\"2014-04-04T12:22:45+02:00\" >2014-04-04 12:22:45<\/span><span class='av-structured-data'  itemprop=\"dateModified\" itemtype=\"https:\/\/schema.org\/dateModified\" >2018-04-10 10:35:48<\/span><span class='av-structured-data'  itemprop=\"mainEntityOfPage\" itemtype=\"https:\/\/schema.org\/mainEntityOfPage\" ><span itemprop='name'>\u00a1VsV consigue una vez m\u00e1s en 2014 las certificaciones BRC e IFS!<\/span><\/span><\/span><\/article><article class=\"post-entry post-entry-type-standard post-entry-1710 post-loop-6 post-parity-even post-entry-last single-big  post-1710 post type-post status-publish format-standard hentry category-general-es\"  itemscope=\"itemscope\" itemtype=\"https:\/\/schema.org\/BlogPosting\" ><div class=\"blog-meta\"><\/div><div class='entry-content-wrapper clearfix standard-content'><header class=\"entry-content-header\" aria-label=\"Post: Patrocinio\"><h2 class='post-title entry-title '  itemprop=\"headline\" ><a href=\"https:\/\/vsv-ijmuiden.nl\/es\/patrocinio\/\" rel=\"bookmark\" title=\"Enlace permanente: Patrocinio\">Patrocinio<span class=\"post-format-icon minor-meta\"><\/span><\/a><\/h2><span class=\"post-meta-infos\"><time class=\"date-container minor-meta updated\"  itemprop=\"datePublished\" datetime=\"2014-04-01T12:37:35+02:00\" >1 April 2014<\/time><span class=\"text-sep\">\/<\/span><span class=\"blog-categories minor-meta\">en <a href=\"https:\/\/vsv-ijmuiden.nl\/es\/category\/general-es\/\" rel=\"tag\">General<\/a><\/span><\/span><\/header><div class=\"entry-content\"  itemprop=\"text\" ><p>Nos gusta apoyar a organismos y fundaciones responsables socialmente. Tambi\u00e9n nos satisface patrocinar la fundaci\u00f3n Er is Geloof, Hoop en Liefde. <\/p>\n<p>Esta fundaci\u00f3n centra sus esfuerzos en las personas con ingresos m\u00ednimos en el municipio de Langedijk y les ayuda en momentos dif\u00edciles. <\/p>\n<p><img loading=\"lazy\" decoding=\"async\" alt=\"hoop-en-liefde\" src=\"https:\/\/vsv-ijmuiden.nl\/wp-content\/uploads\/2014\/04\/hoop-en-liefde.png\" width=\"181\" height=\"209\" \/><\/p>\n<\/div><footer class=\"entry-footer\"><\/footer><div class='post_delimiter'><\/div><\/div><div class=\"post_author_timeline\"><\/div><span class='hidden'>\n\t\t\t\t<span class='av-structured-data'  itemprop=\"image\" itemscope=\"itemscope\" itemtype=\"https:\/\/schema.org\/ImageObject\" >\n\t\t\t\t\t\t<span itemprop='url'>https:\/\/vsv-ijmuiden.nl\/wp-content\/uploads\/2018\/04\/van-slooten-vis-logo-100.png<\/span>\n\t\t\t\t\t\t<span itemprop='height'>0<\/span>\n\t\t\t\t\t\t<span itemprop='width'>0<\/span>\n\t\t\t\t<\/span>\n\t\t\t\t<span class='av-structured-data'  itemprop=\"publisher\" itemtype=\"https:\/\/schema.org\/Organization\" itemscope=\"itemscope\" >\n\t\t\t\t\t\t<span itemprop='name'>VSV Van Slooten Vis<\/span>\n\t\t\t\t\t\t<span itemprop='logo' itemscope itemtype='https:\/\/schema.org\/ImageObject'>\n\t\t\t\t\t\t\t<span itemprop='url'>https:\/\/vsv-ijmuiden.nl\/wp-content\/uploads\/2018\/04\/van-slooten-vis-logo-100.png<\/span>\n\t\t\t\t\t\t<\/span>\n\t\t\t\t<\/span><span class='av-structured-data'  itemprop=\"author\" itemscope=\"itemscope\" itemtype=\"https:\/\/schema.org\/Person\" ><span itemprop='name'>VSV Van Slooten Vis<\/span><\/span><span class='av-structured-data'  itemprop=\"datePublished\" datetime=\"2014-04-01T12:37:35+02:00\" >2014-04-01 12:37:35<\/span><span class='av-structured-data'  itemprop=\"dateModified\" itemtype=\"https:\/\/schema.org\/dateModified\" >2018-04-09 09:38:36<\/span><span class='av-structured-data'  itemprop=\"mainEntityOfPage\" itemtype=\"https:\/\/schema.org\/mainEntityOfPage\" ><span itemprop='name'>Patrocinio<\/span><\/span><\/span><\/article><div class='single-big'><\/div><\/div><\/div>\n<style type=\"text\/css\" data-created_by=\"avia_inline_auto\" id=\"style-css-av-av_one_third-c8fc129dc35fd1ae2a1e410224d39ea8\">\n.flex_column.av-av_one_third-c8fc129dc35fd1ae2a1e410224d39ea8{\nborder-radius:0px 0px 0px 0px;\npadding:0px 0px 0px 0px;\n}\n<\/style>\n<div  class='flex_column av-av_one_third-c8fc129dc35fd1ae2a1e410224d39ea8 av_one_third flex_column_div av-zero-column-padding  '     ><section  class='av_textblock_section av-av_textblock-2de302bf1aa3cf4c9157dbe6f50ac7eb '   itemscope=\"itemscope\" itemtype=\"https:\/\/schema.org\/BlogPosting\" itemprop=\"blogPost\" ><div class='avia_textblock'  itemprop=\"text\" ><h4 class=\"shortcode_h5\">Zeevisgroothandel V.S.V.<br \/>\nVan Slooten Vis IJmuiden B.V.<\/h4>\n<p>Vissershavenstraat 35<br \/>\n1976 DB IJmuiden<br \/>\nHolanda<\/p>\n<p><a href=\"mailto:vsv@vsv-ijmuiden.nl\">vsv@vsv-ijmuiden.nl<\/a><\/p>\n<p>Tel. +31 (0) 255 537 576<br \/>\nFax +31 (0) 255 513 729<\/p>\n<\/div><\/section><\/div><\/p>\n","protected":false},"excerpt":{"rendered":"","protected":false},"author":1,"featured_media":0,"parent":0,"menu_order":0,"comment_status":"closed","ping_status":"closed","template":"","meta":{"footnotes":""},"class_list":["post-265","page","type-page","status-publish","hentry"],"yoast_head":"<!-- This site is optimized with the Yoast SEO plugin v27.3 - https:\/\/yoast.com\/product\/yoast-seo-wordpress\/ -->\n<title>Noticias - Van Slooten Vis IJmuiden<\/title>\n<meta name=\"robots\" content=\"index, follow, max-snippet:-1, max-image-preview:large, max-video-preview:-1\" \/>\n<link rel=\"canonical\" href=\"https:\/\/vsv-ijmuiden.nl\/es\/noticias\/\" \/>\n<meta property=\"og:locale\" content=\"es_ES\" \/>\n<meta property=\"og:type\" content=\"article\" \/>\n<meta property=\"og:title\" content=\"Noticias - Van Slooten Vis IJmuiden\" \/>\n<meta property=\"og:url\" content=\"https:\/\/vsv-ijmuiden.nl\/es\/noticias\/\" \/>\n<meta property=\"og:site_name\" content=\"Van Slooten Vis IJmuiden\" \/>\n<meta property=\"article:modified_time\" content=\"2018-04-09T09:48:07+00:00\" \/>\n<meta name=\"twitter:card\" content=\"summary_large_image\" \/>\n<meta name=\"twitter:label1\" content=\"Est. reading time\" \/>\n\t<meta name=\"twitter:data1\" content=\"1 minute\" \/>\n<script type=\"application\/ld+json\" class=\"yoast-schema-graph\">{\"@context\":\"https:\\\/\\\/schema.org\",\"@graph\":[{\"@type\":\"WebPage\",\"@id\":\"https:\\\/\\\/vsv-ijmuiden.nl\\\/es\\\/noticias\\\/\",\"url\":\"https:\\\/\\\/vsv-ijmuiden.nl\\\/es\\\/noticias\\\/\",\"name\":\"Noticias - Van Slooten Vis IJmuiden\",\"isPartOf\":{\"@id\":\"https:\\\/\\\/vsv-ijmuiden.nl\\\/#website\"},\"datePublished\":\"2018-04-05T18:59:48+00:00\",\"dateModified\":\"2018-04-09T09:48:07+00:00\",\"breadcrumb\":{\"@id\":\"https:\\\/\\\/vsv-ijmuiden.nl\\\/es\\\/noticias\\\/#breadcrumb\"},\"inLanguage\":\"es-ES\",\"potentialAction\":[{\"@type\":\"ReadAction\",\"target\":[\"https:\\\/\\\/vsv-ijmuiden.nl\\\/es\\\/noticias\\\/\"]}]},{\"@type\":\"BreadcrumbList\",\"@id\":\"https:\\\/\\\/vsv-ijmuiden.nl\\\/es\\\/noticias\\\/#breadcrumb\",\"itemListElement\":[{\"@type\":\"ListItem\",\"position\":1,\"name\":\"Home\",\"item\":\"https:\\\/\\\/vsv-ijmuiden.nl\\\/es\\\/van-slooten-vis-ijmuiden\\\/\"},{\"@type\":\"ListItem\",\"position\":2,\"name\":\"Noticias\"}]},{\"@type\":\"WebSite\",\"@id\":\"https:\\\/\\\/vsv-ijmuiden.nl\\\/#website\",\"url\":\"https:\\\/\\\/vsv-ijmuiden.nl\\\/\",\"name\":\"Van Slooten Vis IJmuiden\",\"description\":\"\",\"potentialAction\":[{\"@type\":\"SearchAction\",\"target\":{\"@type\":\"EntryPoint\",\"urlTemplate\":\"https:\\\/\\\/vsv-ijmuiden.nl\\\/?s={search_term_string}\"},\"query-input\":{\"@type\":\"PropertyValueSpecification\",\"valueRequired\":true,\"valueName\":\"search_term_string\"}}],\"inLanguage\":\"es-ES\"}]}<\/script>\n<!-- \/ Yoast SEO plugin. -->","yoast_head_json":{"title":"Noticias - Van Slooten Vis IJmuiden","robots":{"index":"index","follow":"follow","max-snippet":"max-snippet:-1","max-image-preview":"max-image-preview:large","max-video-preview":"max-video-preview:-1"},"canonical":"https:\/\/vsv-ijmuiden.nl\/es\/noticias\/","og_locale":"es_ES","og_type":"article","og_title":"Noticias - Van Slooten Vis IJmuiden","og_url":"https:\/\/vsv-ijmuiden.nl\/es\/noticias\/","og_site_name":"Van Slooten Vis IJmuiden","article_modified_time":"2018-04-09T09:48:07+00:00","twitter_card":"summary_large_image","twitter_misc":{"Est. reading time":"1 minute"},"schema":{"@context":"https:\/\/schema.org","@graph":[{"@type":"WebPage","@id":"https:\/\/vsv-ijmuiden.nl\/es\/noticias\/","url":"https:\/\/vsv-ijmuiden.nl\/es\/noticias\/","name":"Noticias - Van Slooten Vis IJmuiden","isPartOf":{"@id":"https:\/\/vsv-ijmuiden.nl\/#website"},"datePublished":"2018-04-05T18:59:48+00:00","dateModified":"2018-04-09T09:48:07+00:00","breadcrumb":{"@id":"https:\/\/vsv-ijmuiden.nl\/es\/noticias\/#breadcrumb"},"inLanguage":"es-ES","potentialAction":[{"@type":"ReadAction","target":["https:\/\/vsv-ijmuiden.nl\/es\/noticias\/"]}]},{"@type":"BreadcrumbList","@id":"https:\/\/vsv-ijmuiden.nl\/es\/noticias\/#breadcrumb","itemListElement":[{"@type":"ListItem","position":1,"name":"Home","item":"https:\/\/vsv-ijmuiden.nl\/es\/van-slooten-vis-ijmuiden\/"},{"@type":"ListItem","position":2,"name":"Noticias"}]},{"@type":"WebSite","@id":"https:\/\/vsv-ijmuiden.nl\/#website","url":"https:\/\/vsv-ijmuiden.nl\/","name":"Van Slooten Vis IJmuiden","description":"","potentialAction":[{"@type":"SearchAction","target":{"@type":"EntryPoint","urlTemplate":"https:\/\/vsv-ijmuiden.nl\/?s={search_term_string}"},"query-input":{"@type":"PropertyValueSpecification","valueRequired":true,"valueName":"search_term_string"}}],"inLanguage":"es-ES"}]}},"_links":{"self":[{"href":"https:\/\/vsv-ijmuiden.nl\/es\/wp-json\/wp\/v2\/pages\/265","targetHints":{"allow":["GET"]}}],"collection":[{"href":"https:\/\/vsv-ijmuiden.nl\/es\/wp-json\/wp\/v2\/pages"}],"about":[{"href":"https:\/\/vsv-ijmuiden.nl\/es\/wp-json\/wp\/v2\/types\/page"}],"author":[{"embeddable":true,"href":"https:\/\/vsv-ijmuiden.nl\/es\/wp-json\/wp\/v2\/users\/1"}],"replies":[{"embeddable":true,"href":"https:\/\/vsv-ijmuiden.nl\/es\/wp-json\/wp\/v2\/comments?post=265"}],"version-history":[{"count":4,"href":"https:\/\/vsv-ijmuiden.nl\/es\/wp-json\/wp\/v2\/pages\/265\/revisions"}],"predecessor-version":[{"id":6702,"href":"https:\/\/vsv-ijmuiden.nl\/es\/wp-json\/wp\/v2\/pages\/265\/revisions\/6702"}],"wp:attachment":[{"href":"https:\/\/vsv-ijmuiden.nl\/es\/wp-json\/wp\/v2\/media?parent=265"}],"curies":[{"name":"wp","href":"https:\/\/api.w.org\/{rel}","templated":true}]}}