{"id":7145,"date":"2022-09-27T13:22:21","date_gmt":"2022-09-27T13:22:21","guid":{"rendered":"https:\/\/vsv-ijmuiden.nl\/duurzaamheid\/"},"modified":"2022-10-13T08:35:48","modified_gmt":"2022-10-13T08:35:48","slug":"sustentabilidad","status":"publish","type":"page","link":"https:\/\/vsv-ijmuiden.nl\/es\/sustentabilidad\/","title":{"rendered":"Sustentabilidad"},"content":{"rendered":"<div id='layer_slider_1'  class='avia-layerslider main_color avia-shadow  avia-builder-el-0  el_before_av_two_third  avia-builder-el-first  container_wrap fullsize'  style='height: 231px; max-width: 1100px; margin: 0 auto;'  ><\/div><div id='after_layer_slider_1'  class='main_color av_default_container_wrap container_wrap fullsize'  ><div class='container av-section-cont-open' ><div class='template-page content  av-content-full alpha units'><div class='post-entry post-entry-type-page post-entry-7145'><div class='entry-content-wrapper clearfix'>\n\n<style type=\"text\/css\" data-created_by=\"avia_inline_auto\" id=\"style-css-av-6cfj55-43e54b3e4da419ee2c74423b6146f4d7\">\n.flex_column.av-6cfj55-43e54b3e4da419ee2c74423b6146f4d7{\nborder-radius:0px 0px 0px 0px;\npadding:0px 0px 0px 0px;\n}\n<\/style>\n<div  class='flex_column av-6cfj55-43e54b3e4da419ee2c74423b6146f4d7 av_two_third  avia-builder-el-1  el_after_av_layerslider  el_before_av_one_third  avia-builder-el-first  first flex_column_div av-zero-column-padding  '     ><section  class='av_textblock_section av-l8k8a3ub-eaf29a97cabdc7ed122a45de91062942 '   itemscope=\"itemscope\" itemtype=\"https:\/\/schema.org\/CreativeWork\" ><div class='avia_textblock'  itemprop=\"text\" ><h2>Sustentabilidad<\/h2>\n<p><strong><span style=\"color: #474747;\">Para VSV, como empresa familiar, mantener nuestras operaciones comerciales es algo directamente relacionado con la compra y el procesamiento sostenible de nuestro pescado.<\/span><\/strong><\/p>\n<p>Al tratar cuidadosamente del mundo que nos rodea, garantizamos, para nosotros y para la generaci\u00f3n futura, que los productos que amamos y con los que vivimos seguir\u00e1n existiendo.<br \/>\nPor lo tanto, el pescado que compramos solo se captura de forma sostenible. Lo garantizamos colaborando a nivel global con socios confiables y certificados. Adem\u00e1s, garantizamos una gesti\u00f3n cuidadosa de las poblaciones de peces a trav\u00e9s de cuotas y pesca estacional.<\/p>\n<p>Gran parte de nuestro pescado est\u00e1 certificado con MSC. Los t\u00e9rminos de MSC incluyen la pesca sostenible y limitan el impacto de la pesca en el ecosistema.<\/p>\n<p><strong>Para hacer que nuestro proceso de producci\u00f3n sea m\u00e1s sostenible, hacemos lo siguiente, entre otras cosas:<\/strong><\/p>\n<ul>\n<li>Nuestros materiales de embalaje de EPS est\u00e1n fabricados en parte con materias primas recicladas y son 100% reciclables. Para tirar la menor cantidad posible de EPS, disponemos de una trituradora propia que tritura las cajas de EPS innecesarias y las prepara para su reciclaje.<\/li>\n<li>Tambi\u00e9n fomentamos el uso de palets retornables. Cuando se utilizan palets de madera, se fabrican con madera procedente de fuentes sostenibles; esto se puede reconocer por el logotipo especial en los palets. Incluso reparamos internamente los palets rotos para que puedan ser reutilizados.<\/li>\n<li>Hemos reducido nuestro consumo de papel al trabajar lo m\u00e1ximo online.<\/li>\n<li>Utilizamos la sustancia sostenible propano para el funcionamiento de la m\u00e1quina de hielo y refrigeraci\u00f3n en nuestra nave de producci\u00f3n.<\/li>\n<li>Mediante el uso de puertas r\u00e1pidas de cierre autom\u00e1tico, la refrigeraci\u00f3n se retiene mejor, lo que limita la p\u00e9rdida de energ\u00eda.<\/li>\n<\/ul>\n<\/div><\/section><\/div>\n<style type=\"text\/css\" data-created_by=\"avia_inline_auto\" id=\"style-css-av-hbfqx-785386a93c1c364856039916a3ca892d\">\n.flex_column.av-hbfqx-785386a93c1c364856039916a3ca892d{\nborder-radius:0px 0px 0px 0px;\npadding:0px 0px 0px 0px;\n}\n<\/style>\n<div  class='flex_column av-hbfqx-785386a93c1c364856039916a3ca892d av_one_third  avia-builder-el-3  el_after_av_two_third  avia-builder-el-last  flex_column_div av-zero-column-padding  '     ><section  class='av_textblock_section av-2zygvt-58b1b4210a790e4ca5b8121d6046f07e '   itemscope=\"itemscope\" itemtype=\"https:\/\/schema.org\/CreativeWork\" ><div class='avia_textblock'  itemprop=\"text\" ><h4 class=\"shortcode_h5\">Zeevisgroothandel V.S.V.<br \/>\nVan Slooten Vis IJmuiden B.V.<\/h4>\n<p>Vissershavenstraat 35<br \/>\n1976 DB IJmuiden<br \/>\nHolanda<\/p>\n<p><a href=\"mailto:vsv@vsv-ijmuiden.nl\">vsv@vsv-ijmuiden.nl<\/a><\/p>\n<p>Tel. +31 (0) 255 537 576<br \/>\nFax +31 (0) 255 513 729<\/p>\n<\/div><\/section><\/div><\/p>\n","protected":false},"excerpt":{"rendered":"","protected":false},"author":1,"featured_media":0,"parent":0,"menu_order":0,"comment_status":"closed","ping_status":"closed","template":"","meta":{"footnotes":""},"class_list":["post-7145","page","type-page","status-publish","hentry"],"yoast_head":"<!-- This site is optimized with the Yoast SEO plugin v27.5 - https:\/\/yoast.com\/product\/yoast-seo-wordpress\/ -->\n<title>Sustentabilidad | VSV Van Slooten Vis IJmuiden<\/title>\n<meta name=\"description\" content=\"Para VSV, como empresa familiar, mantener nuestras operaciones comerciales es algo directamente relacionado con la compra y el procesamiento sostenible de nuestro pescado.\" \/>\n<meta name=\"robots\" content=\"index, follow, max-snippet:-1, max-image-preview:large, max-video-preview:-1\" \/>\n<link rel=\"canonical\" href=\"https:\/\/vsv-ijmuiden.nl\/es\/sustentabilidad\/\" \/>\n<meta property=\"og:locale\" content=\"es_ES\" \/>\n<meta property=\"og:type\" content=\"article\" \/>\n<meta property=\"og:title\" content=\"Sustentabilidad | VSV Van Slooten Vis IJmuiden\" \/>\n<meta property=\"og:description\" content=\"Para VSV, como empresa familiar, mantener nuestras operaciones comerciales es algo directamente relacionado con la compra y el procesamiento sostenible de nuestro pescado.\" \/>\n<meta property=\"og:url\" content=\"https:\/\/vsv-ijmuiden.nl\/es\/sustentabilidad\/\" \/>\n<meta property=\"og:site_name\" content=\"Van Slooten Vis IJmuiden\" \/>\n<meta property=\"article:modified_time\" content=\"2022-10-13T08:35:48+00:00\" \/>\n<meta name=\"twitter:card\" content=\"summary_large_image\" \/>\n<meta name=\"twitter:label1\" content=\"Est. reading time\" \/>\n\t<meta name=\"twitter:data1\" content=\"2 minutes\" \/>\n<script type=\"application\/ld+json\" class=\"yoast-schema-graph\">{\"@context\":\"https:\\\/\\\/schema.org\",\"@graph\":[{\"@type\":\"WebPage\",\"@id\":\"https:\\\/\\\/vsv-ijmuiden.nl\\\/es\\\/sustentabilidad\\\/\",\"url\":\"https:\\\/\\\/vsv-ijmuiden.nl\\\/es\\\/sustentabilidad\\\/\",\"name\":\"Sustentabilidad | VSV Van Slooten Vis IJmuiden\",\"isPartOf\":{\"@id\":\"https:\\\/\\\/vsv-ijmuiden.nl\\\/#website\"},\"datePublished\":\"2022-09-27T13:22:21+00:00\",\"dateModified\":\"2022-10-13T08:35:48+00:00\",\"description\":\"Para VSV, como empresa familiar, mantener nuestras operaciones comerciales es algo directamente relacionado con la compra y el procesamiento sostenible de nuestro pescado.\",\"breadcrumb\":{\"@id\":\"https:\\\/\\\/vsv-ijmuiden.nl\\\/es\\\/sustentabilidad\\\/#breadcrumb\"},\"inLanguage\":\"es-ES\",\"potentialAction\":[{\"@type\":\"ReadAction\",\"target\":[\"https:\\\/\\\/vsv-ijmuiden.nl\\\/es\\\/sustentabilidad\\\/\"]}]},{\"@type\":\"BreadcrumbList\",\"@id\":\"https:\\\/\\\/vsv-ijmuiden.nl\\\/es\\\/sustentabilidad\\\/#breadcrumb\",\"itemListElement\":[{\"@type\":\"ListItem\",\"position\":1,\"name\":\"Home\",\"item\":\"https:\\\/\\\/vsv-ijmuiden.nl\\\/es\\\/van-slooten-vis-ijmuiden\\\/\"},{\"@type\":\"ListItem\",\"position\":2,\"name\":\"Sustentabilidad\"}]},{\"@type\":\"WebSite\",\"@id\":\"https:\\\/\\\/vsv-ijmuiden.nl\\\/#website\",\"url\":\"https:\\\/\\\/vsv-ijmuiden.nl\\\/\",\"name\":\"Van Slooten Vis IJmuiden\",\"description\":\"\",\"potentialAction\":[{\"@type\":\"SearchAction\",\"target\":{\"@type\":\"EntryPoint\",\"urlTemplate\":\"https:\\\/\\\/vsv-ijmuiden.nl\\\/?s={search_term_string}\"},\"query-input\":{\"@type\":\"PropertyValueSpecification\",\"valueRequired\":true,\"valueName\":\"search_term_string\"}}],\"inLanguage\":\"es-ES\"}]}<\/script>\n<!-- \/ Yoast SEO plugin. -->","yoast_head_json":{"title":"Sustentabilidad | VSV Van Slooten Vis IJmuiden","description":"Para VSV, como empresa familiar, mantener nuestras operaciones comerciales es algo directamente relacionado con la compra y el procesamiento sostenible de nuestro pescado.","robots":{"index":"index","follow":"follow","max-snippet":"max-snippet:-1","max-image-preview":"max-image-preview:large","max-video-preview":"max-video-preview:-1"},"canonical":"https:\/\/vsv-ijmuiden.nl\/es\/sustentabilidad\/","og_locale":"es_ES","og_type":"article","og_title":"Sustentabilidad | VSV Van Slooten Vis IJmuiden","og_description":"Para VSV, como empresa familiar, mantener nuestras operaciones comerciales es algo directamente relacionado con la compra y el procesamiento sostenible de nuestro pescado.","og_url":"https:\/\/vsv-ijmuiden.nl\/es\/sustentabilidad\/","og_site_name":"Van Slooten Vis IJmuiden","article_modified_time":"2022-10-13T08:35:48+00:00","twitter_card":"summary_large_image","twitter_misc":{"Est. reading time":"2 minutes"},"schema":{"@context":"https:\/\/schema.org","@graph":[{"@type":"WebPage","@id":"https:\/\/vsv-ijmuiden.nl\/es\/sustentabilidad\/","url":"https:\/\/vsv-ijmuiden.nl\/es\/sustentabilidad\/","name":"Sustentabilidad | VSV Van Slooten Vis IJmuiden","isPartOf":{"@id":"https:\/\/vsv-ijmuiden.nl\/#website"},"datePublished":"2022-09-27T13:22:21+00:00","dateModified":"2022-10-13T08:35:48+00:00","description":"Para VSV, como empresa familiar, mantener nuestras operaciones comerciales es algo directamente relacionado con la compra y el procesamiento sostenible de nuestro pescado.","breadcrumb":{"@id":"https:\/\/vsv-ijmuiden.nl\/es\/sustentabilidad\/#breadcrumb"},"inLanguage":"es-ES","potentialAction":[{"@type":"ReadAction","target":["https:\/\/vsv-ijmuiden.nl\/es\/sustentabilidad\/"]}]},{"@type":"BreadcrumbList","@id":"https:\/\/vsv-ijmuiden.nl\/es\/sustentabilidad\/#breadcrumb","itemListElement":[{"@type":"ListItem","position":1,"name":"Home","item":"https:\/\/vsv-ijmuiden.nl\/es\/van-slooten-vis-ijmuiden\/"},{"@type":"ListItem","position":2,"name":"Sustentabilidad"}]},{"@type":"WebSite","@id":"https:\/\/vsv-ijmuiden.nl\/#website","url":"https:\/\/vsv-ijmuiden.nl\/","name":"Van Slooten Vis IJmuiden","description":"","potentialAction":[{"@type":"SearchAction","target":{"@type":"EntryPoint","urlTemplate":"https:\/\/vsv-ijmuiden.nl\/?s={search_term_string}"},"query-input":{"@type":"PropertyValueSpecification","valueRequired":true,"valueName":"search_term_string"}}],"inLanguage":"es-ES"}]}},"_links":{"self":[{"href":"https:\/\/vsv-ijmuiden.nl\/es\/wp-json\/wp\/v2\/pages\/7145","targetHints":{"allow":["GET"]}}],"collection":[{"href":"https:\/\/vsv-ijmuiden.nl\/es\/wp-json\/wp\/v2\/pages"}],"about":[{"href":"https:\/\/vsv-ijmuiden.nl\/es\/wp-json\/wp\/v2\/types\/page"}],"author":[{"embeddable":true,"href":"https:\/\/vsv-ijmuiden.nl\/es\/wp-json\/wp\/v2\/users\/1"}],"replies":[{"embeddable":true,"href":"https:\/\/vsv-ijmuiden.nl\/es\/wp-json\/wp\/v2\/comments?post=7145"}],"version-history":[{"count":3,"href":"https:\/\/vsv-ijmuiden.nl\/es\/wp-json\/wp\/v2\/pages\/7145\/revisions"}],"predecessor-version":[{"id":7177,"href":"https:\/\/vsv-ijmuiden.nl\/es\/wp-json\/wp\/v2\/pages\/7145\/revisions\/7177"}],"wp:attachment":[{"href":"https:\/\/vsv-ijmuiden.nl\/es\/wp-json\/wp\/v2\/media?parent=7145"}],"curies":[{"name":"wp","href":"https:\/\/api.w.org\/{rel}","templated":true}]}}