{"id":155,"date":"2018-04-05T18:59:26","date_gmt":"2018-04-05T18:59:26","guid":{"rendered":"https:\/\/vsv-ijmuiden.nl\/kwaliteit\/"},"modified":"2026-03-26T16:44:06","modified_gmt":"2026-03-26T15:44:06","slug":"qualite","status":"publish","type":"page","link":"https:\/\/vsv-ijmuiden.nl\/fr\/qualite\/","title":{"rendered":"Qualit\u00e9"},"content":{"rendered":"<div id='layer_slider_1'  class='avia-layerslider main_color avia-shadow  avia-builder-el-0  el_before_av_two_third  avia-builder-el-first  container_wrap fullsize'  style='height: 231px; max-width: 1100px; margin: 0 auto;'  ><\/div><div id='after_layer_slider_1'  class='main_color av_default_container_wrap container_wrap fullsize'  ><div class='container av-section-cont-open' ><div class='template-page content  av-content-full alpha units'><div class='post-entry post-entry-type-page post-entry-155'><div class='entry-content-wrapper clearfix'>\n\n<style type=\"text\/css\" data-created_by=\"avia_inline_auto\" id=\"style-css-av-1179ur-71cf97e6e602781a6b17b69499252185\">\n.flex_column.av-1179ur-71cf97e6e602781a6b17b69499252185{\nborder-radius:0px 0px 0px 0px;\npadding:0px 0px 0px 0px;\n}\n<\/style>\n<div  class='flex_column av-1179ur-71cf97e6e602781a6b17b69499252185 av_two_third  avia-builder-el-1  el_after_av_layerslider  el_before_av_one_third  avia-builder-el-first  first flex_column_div av-zero-column-padding  '     ><section  class='av_textblock_section av-jsvnpod5-b314289b2e8b6662880fd9d1d5554cd5 '   itemscope=\"itemscope\" itemtype=\"https:\/\/schema.org\/CreativeWork\" ><div class='avia_textblock'  itemprop=\"text\" ><h2 class=\"shortcode_h2\">Qualit\u00e9<\/h2>\n<p>VSV garantit la cha\u00eene de la qualit\u00e9 et de la s\u00e9curit\u00e9 alimentaires. VSV poss\u00e8de d\u2019ailleurs les certificats suivants : BRC, IFS, MSC et ASC. Nous faisons \u00e9galement l\u2019objet d\u2019audits chaque ann\u00e9e pour conserver ces certificats.<\/p>\n<p>L\u2019hygi\u00e8ne est primordiale \u00e0 nos yeux. Des \u00e9chantillons sont notamment pr\u00e9lev\u00e9s chaque semaine sur diff\u00e9rents poissons. Ces \u00e9chantillons sont alors analys\u00e9s sur le plan microbiologique par un laboratoire externe comp\u00e9tent. Le poisson est emball\u00e9 selon les souhaits de nos clients. Les emballages en EPS (polystyr\u00e8ne) sont les plus courants. En outre, nos emballages sont faits depuis peu \u00e0 partir de mat\u00e9riau PP (polypropyl\u00e8ne) 100 % recyclable.<\/p>\n<\/div><\/section><br \/>\n\n<style type=\"text\/css\" data-created_by=\"avia_inline_auto\" id=\"style-css-av-uyi17-d9af7e70c5ace0a6e3f17f9b8b6abf5e\">\n#top .hr.hr-invisible.av-uyi17-d9af7e70c5ace0a6e3f17f9b8b6abf5e{\nheight:30px;\n}\n<\/style>\n<div  class='hr av-uyi17-d9af7e70c5ace0a6e3f17f9b8b6abf5e hr-invisible  avia-builder-el-3  el_after_av_textblock  el_before_av_textblock '><span class='hr-inner '><span class=\"hr-inner-style\"><\/span><\/span><\/div><br \/>\n<section  class='av_textblock_section av-2snkr-6a84e138f90bb580bb81a87e1244d8e4 '   itemscope=\"itemscope\" itemtype=\"https:\/\/schema.org\/CreativeWork\" ><div class='avia_textblock'  itemprop=\"text\" ><h3>Certificats<\/h3>\n<\/div><\/section><br \/>\n\n<style type=\"text\/css\" data-created_by=\"avia_inline_auto\" id=\"style-css-av-irmnf-8e21b4e79274ecd5c173c8b2a1334956\">\n#top .hr.hr-invisible.av-irmnf-8e21b4e79274ecd5c173c8b2a1334956{\nheight:10px;\n}\n<\/style>\n<div  class='hr av-irmnf-8e21b4e79274ecd5c173c8b2a1334956 hr-invisible  avia-builder-el-5  el_after_av_textblock  el_before_av_textblock '><span class='hr-inner '><span class=\"hr-inner-style\"><\/span><\/span><\/div><br \/>\n<section  class='av_textblock_section av-973vf-4b983c5f2f71865d052b8a4e4fd62bd9 '   itemscope=\"itemscope\" itemtype=\"https:\/\/schema.org\/CreativeWork\" ><div class='avia_textblock'  itemprop=\"text\" ><p><img loading=\"lazy\" decoding=\"async\" class=\"alignnone wp-image-7387 \" src=\"https:\/\/vsv-ijmuiden.nl\/wp-content\/uploads\/2026\/03\/BRCGS_CERT_FOOD_LOGO_RGB-300x226.png\" alt=\"\" width=\"87\" height=\"65\" srcset=\"https:\/\/vsv-ijmuiden.nl\/wp-content\/uploads\/2026\/03\/BRCGS_CERT_FOOD_LOGO_RGB-300x226.png 300w, https:\/\/vsv-ijmuiden.nl\/wp-content\/uploads\/2026\/03\/BRCGS_CERT_FOOD_LOGO_RGB.png 690w\" sizes=\"auto, (max-width: 87px) 100vw, 87px\" \/>\u00a0\u00a0<img loading=\"lazy\" decoding=\"async\" class=\"alignnone size-full wp-image-112\" src=\"https:\/\/vsv-ijmuiden.nl\/wp-content\/uploads\/2018\/04\/msc-vsv-en-2.jpg\" alt=\"\" width=\"107\" height=\"60\" \/>\u00a0\u00a0<a href=\"https:\/\/www.ifs-certification.com\/index.php\/en\/\" target=\"_blank\" rel=\"noopener\"><img loading=\"lazy\" decoding=\"async\" class=\"alignnone size-full wp-image-113\" src=\"https:\/\/vsv-ijmuiden.nl\/wp-content\/uploads\/2018\/04\/ifs-broker-logo.jpg\" alt=\"\" width=\"107\" height=\"60\" \/><img loading=\"lazy\" decoding=\"async\" class=\"alignnone size-full wp-image-7409\" src=\"https:\/\/vsv-ijmuiden.nl\/wp-content\/uploads\/2026\/03\/ifs-food-logo.jpg\" alt=\"\" width=\"107\" height=\"60\" \/><\/a><\/p>\n<\/div><\/section><\/p><\/div>\n<style type=\"text\/css\" data-created_by=\"avia_inline_auto\" id=\"style-css-av-etglf-bf2ca72b2dde169c2429906d5892b2b6\">\n.flex_column.av-etglf-bf2ca72b2dde169c2429906d5892b2b6{\nborder-radius:0px 0px 0px 0px;\npadding:0px 0px 0px 0px;\n}\n<\/style>\n<div  class='flex_column av-etglf-bf2ca72b2dde169c2429906d5892b2b6 av_one_third  avia-builder-el-7  el_after_av_two_third  avia-builder-el-last  flex_column_div av-zero-column-padding  '     ><section  class='av_textblock_section av-15a8b-13b46dce57131fb025e065ba1f06f777 '   itemscope=\"itemscope\" itemtype=\"https:\/\/schema.org\/CreativeWork\" ><div class='avia_textblock'  itemprop=\"text\" ><h4 class=\"shortcode_h5\">Zeevisgroothandel V.S.V.<br \/>\nVan Slooten Vis IJmuiden B.V.<\/h4>\n<p>Vissershavenstraat 35<br \/>\n1976 DB IJmuiden<br \/>\nPays-Bas<\/p>\n<p><a href=\"mailto:vsv@vsv-ijmuiden.nl\">vsv@vsv-ijmuiden.nl<\/a><\/p>\n<p>Tel. +31 (0) 255 537 576<br \/>\nFax +31 (0) 255 513 729<\/p>\n<\/div><\/section><\/div><\/p>\n","protected":false},"excerpt":{"rendered":"","protected":false},"author":1,"featured_media":157,"parent":0,"menu_order":0,"comment_status":"closed","ping_status":"closed","template":"","meta":{"footnotes":""},"class_list":["post-155","page","type-page","status-publish","has-post-thumbnail","hentry"],"yoast_head":"<!-- This site is optimized with the Yoast SEO plugin v27.4 - https:\/\/yoast.com\/product\/yoast-seo-wordpress\/ -->\n<title>Qualit\u00e9 | Certificats | V.S.V. Van Slooten Vis IJmuiden<\/title>\n<meta name=\"description\" content=\"VSV garantit la cha\u00eene de la qualit\u00e9 et de la s\u00e9curit\u00e9 alimentaires. VSV poss\u00e8de d\u2019ailleurs les certificats suivants : BRC, IFS, MSC, ASC et Naturland. Nous faisons \u00e9galement l\u2019objet d\u2019audits chaque ann\u00e9e pour conserver ces certificats.\" \/>\n<meta name=\"robots\" content=\"index, follow, max-snippet:-1, max-image-preview:large, max-video-preview:-1\" \/>\n<link rel=\"canonical\" href=\"https:\/\/vsv-ijmuiden.nl\/fr\/qualite\/\" \/>\n<meta property=\"og:locale\" content=\"fr_FR\" \/>\n<meta property=\"og:type\" content=\"article\" \/>\n<meta property=\"og:title\" content=\"Qualit\u00e9 | Certificats | V.S.V. Van Slooten Vis IJmuiden\" \/>\n<meta property=\"og:description\" content=\"VSV garantit la cha\u00eene de la qualit\u00e9 et de la s\u00e9curit\u00e9 alimentaires. VSV poss\u00e8de d\u2019ailleurs les certificats suivants : BRC, IFS, MSC, ASC et Naturland. Nous faisons \u00e9galement l\u2019objet d\u2019audits chaque ann\u00e9e pour conserver ces certificats.\" \/>\n<meta property=\"og:url\" content=\"https:\/\/vsv-ijmuiden.nl\/fr\/qualite\/\" \/>\n<meta property=\"og:site_name\" content=\"Van Slooten Vis IJmuiden\" \/>\n<meta property=\"article:modified_time\" content=\"2026-03-26T15:44:06+00:00\" \/>\n<meta property=\"og:image\" content=\"https:\/\/vsv-ijmuiden.nl\/wp-content\/uploads\/2018\/04\/rode-poon-kwaliteit-1100.jpg\" \/>\n\t<meta property=\"og:image:width\" content=\"1100\" \/>\n\t<meta property=\"og:image:height\" content=\"229\" \/>\n\t<meta property=\"og:image:type\" content=\"image\/jpeg\" \/>\n<meta name=\"twitter:card\" content=\"summary_large_image\" \/>\n<meta name=\"twitter:label1\" content=\"Est. reading time\" \/>\n\t<meta name=\"twitter:data1\" content=\"3 minutes\" \/>\n<script type=\"application\/ld+json\" class=\"yoast-schema-graph\">{\"@context\":\"https:\\\/\\\/schema.org\",\"@graph\":[{\"@type\":\"WebPage\",\"@id\":\"https:\\\/\\\/vsv-ijmuiden.nl\\\/fr\\\/qualite\\\/\",\"url\":\"https:\\\/\\\/vsv-ijmuiden.nl\\\/fr\\\/qualite\\\/\",\"name\":\"Qualit\u00e9 | Certificats | V.S.V. Van Slooten Vis IJmuiden\",\"isPartOf\":{\"@id\":\"https:\\\/\\\/vsv-ijmuiden.nl\\\/#website\"},\"primaryImageOfPage\":{\"@id\":\"https:\\\/\\\/vsv-ijmuiden.nl\\\/fr\\\/qualite\\\/#primaryimage\"},\"image\":{\"@id\":\"https:\\\/\\\/vsv-ijmuiden.nl\\\/fr\\\/qualite\\\/#primaryimage\"},\"thumbnailUrl\":\"https:\\\/\\\/vsv-ijmuiden.nl\\\/wp-content\\\/uploads\\\/2018\\\/04\\\/rode-poon-kwaliteit-1100.jpg\",\"datePublished\":\"2018-04-05T18:59:26+00:00\",\"dateModified\":\"2026-03-26T15:44:06+00:00\",\"description\":\"VSV garantit la cha\u00eene de la qualit\u00e9 et de la s\u00e9curit\u00e9 alimentaires. VSV poss\u00e8de d\u2019ailleurs les certificats suivants : BRC, IFS, MSC, ASC et Naturland. Nous faisons \u00e9galement l\u2019objet d\u2019audits chaque ann\u00e9e pour conserver ces certificats.\",\"breadcrumb\":{\"@id\":\"https:\\\/\\\/vsv-ijmuiden.nl\\\/fr\\\/qualite\\\/#breadcrumb\"},\"inLanguage\":\"fr-FR\",\"potentialAction\":[{\"@type\":\"ReadAction\",\"target\":[\"https:\\\/\\\/vsv-ijmuiden.nl\\\/fr\\\/qualite\\\/\"]}]},{\"@type\":\"ImageObject\",\"inLanguage\":\"fr-FR\",\"@id\":\"https:\\\/\\\/vsv-ijmuiden.nl\\\/fr\\\/qualite\\\/#primaryimage\",\"url\":\"https:\\\/\\\/vsv-ijmuiden.nl\\\/wp-content\\\/uploads\\\/2018\\\/04\\\/rode-poon-kwaliteit-1100.jpg\",\"contentUrl\":\"https:\\\/\\\/vsv-ijmuiden.nl\\\/wp-content\\\/uploads\\\/2018\\\/04\\\/rode-poon-kwaliteit-1100.jpg\",\"width\":1100,\"height\":229},{\"@type\":\"BreadcrumbList\",\"@id\":\"https:\\\/\\\/vsv-ijmuiden.nl\\\/fr\\\/qualite\\\/#breadcrumb\",\"itemListElement\":[{\"@type\":\"ListItem\",\"position\":1,\"name\":\"Home\",\"item\":\"https:\\\/\\\/vsv-ijmuiden.nl\\\/fr\\\/van-slooten-vis-ijmuiden\\\/\"},{\"@type\":\"ListItem\",\"position\":2,\"name\":\"Qualit\u00e9\"}]},{\"@type\":\"WebSite\",\"@id\":\"https:\\\/\\\/vsv-ijmuiden.nl\\\/#website\",\"url\":\"https:\\\/\\\/vsv-ijmuiden.nl\\\/\",\"name\":\"Van Slooten Vis IJmuiden\",\"description\":\"\",\"potentialAction\":[{\"@type\":\"SearchAction\",\"target\":{\"@type\":\"EntryPoint\",\"urlTemplate\":\"https:\\\/\\\/vsv-ijmuiden.nl\\\/?s={search_term_string}\"},\"query-input\":{\"@type\":\"PropertyValueSpecification\",\"valueRequired\":true,\"valueName\":\"search_term_string\"}}],\"inLanguage\":\"fr-FR\"}]}<\/script>\n<!-- \/ Yoast SEO plugin. -->","yoast_head_json":{"title":"Qualit\u00e9 | Certificats | V.S.V. Van Slooten Vis IJmuiden","description":"VSV garantit la cha\u00eene de la qualit\u00e9 et de la s\u00e9curit\u00e9 alimentaires. VSV poss\u00e8de d\u2019ailleurs les certificats suivants : BRC, IFS, MSC, ASC et Naturland. Nous faisons \u00e9galement l\u2019objet d\u2019audits chaque ann\u00e9e pour conserver ces certificats.","robots":{"index":"index","follow":"follow","max-snippet":"max-snippet:-1","max-image-preview":"max-image-preview:large","max-video-preview":"max-video-preview:-1"},"canonical":"https:\/\/vsv-ijmuiden.nl\/fr\/qualite\/","og_locale":"fr_FR","og_type":"article","og_title":"Qualit\u00e9 | Certificats | V.S.V. Van Slooten Vis IJmuiden","og_description":"VSV garantit la cha\u00eene de la qualit\u00e9 et de la s\u00e9curit\u00e9 alimentaires. VSV poss\u00e8de d\u2019ailleurs les certificats suivants : BRC, IFS, MSC, ASC et Naturland. Nous faisons \u00e9galement l\u2019objet d\u2019audits chaque ann\u00e9e pour conserver ces certificats.","og_url":"https:\/\/vsv-ijmuiden.nl\/fr\/qualite\/","og_site_name":"Van Slooten Vis IJmuiden","article_modified_time":"2026-03-26T15:44:06+00:00","og_image":[{"width":1100,"height":229,"url":"https:\/\/vsv-ijmuiden.nl\/wp-content\/uploads\/2018\/04\/rode-poon-kwaliteit-1100.jpg","type":"image\/jpeg"}],"twitter_card":"summary_large_image","twitter_misc":{"Est. reading time":"3 minutes"},"schema":{"@context":"https:\/\/schema.org","@graph":[{"@type":"WebPage","@id":"https:\/\/vsv-ijmuiden.nl\/fr\/qualite\/","url":"https:\/\/vsv-ijmuiden.nl\/fr\/qualite\/","name":"Qualit\u00e9 | Certificats | V.S.V. Van Slooten Vis IJmuiden","isPartOf":{"@id":"https:\/\/vsv-ijmuiden.nl\/#website"},"primaryImageOfPage":{"@id":"https:\/\/vsv-ijmuiden.nl\/fr\/qualite\/#primaryimage"},"image":{"@id":"https:\/\/vsv-ijmuiden.nl\/fr\/qualite\/#primaryimage"},"thumbnailUrl":"https:\/\/vsv-ijmuiden.nl\/wp-content\/uploads\/2018\/04\/rode-poon-kwaliteit-1100.jpg","datePublished":"2018-04-05T18:59:26+00:00","dateModified":"2026-03-26T15:44:06+00:00","description":"VSV garantit la cha\u00eene de la qualit\u00e9 et de la s\u00e9curit\u00e9 alimentaires. VSV poss\u00e8de d\u2019ailleurs les certificats suivants : BRC, IFS, MSC, ASC et Naturland. Nous faisons \u00e9galement l\u2019objet d\u2019audits chaque ann\u00e9e pour conserver ces certificats.","breadcrumb":{"@id":"https:\/\/vsv-ijmuiden.nl\/fr\/qualite\/#breadcrumb"},"inLanguage":"fr-FR","potentialAction":[{"@type":"ReadAction","target":["https:\/\/vsv-ijmuiden.nl\/fr\/qualite\/"]}]},{"@type":"ImageObject","inLanguage":"fr-FR","@id":"https:\/\/vsv-ijmuiden.nl\/fr\/qualite\/#primaryimage","url":"https:\/\/vsv-ijmuiden.nl\/wp-content\/uploads\/2018\/04\/rode-poon-kwaliteit-1100.jpg","contentUrl":"https:\/\/vsv-ijmuiden.nl\/wp-content\/uploads\/2018\/04\/rode-poon-kwaliteit-1100.jpg","width":1100,"height":229},{"@type":"BreadcrumbList","@id":"https:\/\/vsv-ijmuiden.nl\/fr\/qualite\/#breadcrumb","itemListElement":[{"@type":"ListItem","position":1,"name":"Home","item":"https:\/\/vsv-ijmuiden.nl\/fr\/van-slooten-vis-ijmuiden\/"},{"@type":"ListItem","position":2,"name":"Qualit\u00e9"}]},{"@type":"WebSite","@id":"https:\/\/vsv-ijmuiden.nl\/#website","url":"https:\/\/vsv-ijmuiden.nl\/","name":"Van Slooten Vis IJmuiden","description":"","potentialAction":[{"@type":"SearchAction","target":{"@type":"EntryPoint","urlTemplate":"https:\/\/vsv-ijmuiden.nl\/?s={search_term_string}"},"query-input":{"@type":"PropertyValueSpecification","valueRequired":true,"valueName":"search_term_string"}}],"inLanguage":"fr-FR"}]}},"_links":{"self":[{"href":"https:\/\/vsv-ijmuiden.nl\/fr\/wp-json\/wp\/v2\/pages\/155","targetHints":{"allow":["GET"]}}],"collection":[{"href":"https:\/\/vsv-ijmuiden.nl\/fr\/wp-json\/wp\/v2\/pages"}],"about":[{"href":"https:\/\/vsv-ijmuiden.nl\/fr\/wp-json\/wp\/v2\/types\/page"}],"author":[{"embeddable":true,"href":"https:\/\/vsv-ijmuiden.nl\/fr\/wp-json\/wp\/v2\/users\/1"}],"replies":[{"embeddable":true,"href":"https:\/\/vsv-ijmuiden.nl\/fr\/wp-json\/wp\/v2\/comments?post=155"}],"version-history":[{"count":11,"href":"https:\/\/vsv-ijmuiden.nl\/fr\/wp-json\/wp\/v2\/pages\/155\/revisions"}],"predecessor-version":[{"id":7417,"href":"https:\/\/vsv-ijmuiden.nl\/fr\/wp-json\/wp\/v2\/pages\/155\/revisions\/7417"}],"wp:featuredmedia":[{"embeddable":true,"href":"https:\/\/vsv-ijmuiden.nl\/fr\/wp-json\/wp\/v2\/media\/157"}],"wp:attachment":[{"href":"https:\/\/vsv-ijmuiden.nl\/fr\/wp-json\/wp\/v2\/media?parent=155"}],"curies":[{"name":"wp","href":"https:\/\/api.w.org\/{rel}","templated":true}]}}