{"id":261,"date":"2018-04-05T18:59:48","date_gmt":"2018-04-05T18:59:48","guid":{"rendered":"https:\/\/vsv-ijmuiden.nl\/nieuws\/"},"modified":"2018-04-09T09:45:27","modified_gmt":"2018-04-09T09:45:27","slug":"nouveautes","status":"publish","type":"page","link":"https:\/\/vsv-ijmuiden.nl\/fr\/nouveautes\/","title":{"rendered":"Nouveaut\u00e9s"},"content":{"rendered":"\n<style type=\"text\/css\" data-created_by=\"avia_inline_auto\" id=\"style-css-av-av_two_third-15d750bd1b332b34c6e70b077ebbccdf\">\n.flex_column.av-av_two_third-15d750bd1b332b34c6e70b077ebbccdf{\nborder-radius:0px 0px 0px 0px;\npadding:0px 0px 0px 0px;\n}\n<\/style>\n<div  class='flex_column av-av_two_third-15d750bd1b332b34c6e70b077ebbccdf av_two_third  avia-builder-el-0  el_before_av_one_third  avia-builder-el-first  first flex_column_div av-zero-column-padding  '     ><div  class='av-alb-blogposts template-blog  av-blog-meta-author-disabled av-blog-meta-comments-disabled av-blog-meta-html-info-disabled av-blog-meta-tag-disabled '  itemscope=\"itemscope\" itemtype=\"https:\/\/schema.org\/Blog\" ><article class=\"post-entry post-entry-type-standard post-entry-6577 post-loop-1 post-parity-odd single-big  post-6577 post type-post status-publish format-standard hentry category-general-fr\"  itemscope=\"itemscope\" itemtype=\"https:\/\/schema.org\/BlogPosting\" ><div class=\"blog-meta\"><\/div><div class='entry-content-wrapper clearfix standard-content'><header class=\"entry-content-header\" aria-label=\"Post: IFS audit 2018\"><h2 class='post-title entry-title '  itemprop=\"headline\" ><a href=\"https:\/\/vsv-ijmuiden.nl\/fr\/ifs-audit-2018\/\" rel=\"bookmark\" title=\"Lien permanent : IFS audit 2018\">IFS audit 2018<span class=\"post-format-icon minor-meta\"><\/span><\/a><\/h2><span class=\"post-meta-infos\"><time class=\"date-container minor-meta updated\"  itemprop=\"datePublished\" datetime=\"2018-10-04T13:38:18+02:00\" >4 October 2018<\/time><span class=\"text-sep\">\/<\/span><span class=\"blog-categories minor-meta\">dans <a href=\"https:\/\/vsv-ijmuiden.nl\/fr\/category\/general-fr\/\" rel=\"tag\">G\u00e9n\u00e9ral<\/a><\/span><\/span><\/header><div class=\"entry-content\"  itemprop=\"text\" ><p>VsV \u00e0 nouveau certifi\u00e9 par IFS Broker Higher Level et IFS Food Higher Level en 2018!<\/p>\n<\/div><footer class=\"entry-footer\"><\/footer><div class='post_delimiter'><\/div><\/div><div class=\"post_author_timeline\"><\/div><span class='hidden'>\n\t\t\t\t<span class='av-structured-data'  itemprop=\"image\" itemscope=\"itemscope\" itemtype=\"https:\/\/schema.org\/ImageObject\" >\n\t\t\t\t\t\t<span itemprop='url'>https:\/\/vsv-ijmuiden.nl\/wp-content\/uploads\/2018\/04\/van-slooten-vis-logo-100.png<\/span>\n\t\t\t\t\t\t<span itemprop='height'>0<\/span>\n\t\t\t\t\t\t<span itemprop='width'>0<\/span>\n\t\t\t\t<\/span>\n\t\t\t\t<span class='av-structured-data'  itemprop=\"publisher\" itemtype=\"https:\/\/schema.org\/Organization\" itemscope=\"itemscope\" >\n\t\t\t\t\t\t<span itemprop='name'>VSV Van Slooten Vis<\/span>\n\t\t\t\t\t\t<span itemprop='logo' itemscope itemtype='https:\/\/schema.org\/ImageObject'>\n\t\t\t\t\t\t\t<span itemprop='url'>https:\/\/vsv-ijmuiden.nl\/wp-content\/uploads\/2018\/04\/van-slooten-vis-logo-100.png<\/span>\n\t\t\t\t\t\t<\/span>\n\t\t\t\t<\/span><span class='av-structured-data'  itemprop=\"author\" itemscope=\"itemscope\" itemtype=\"https:\/\/schema.org\/Person\" ><span itemprop='name'>VSV Van Slooten Vis<\/span><\/span><span class='av-structured-data'  itemprop=\"datePublished\" datetime=\"2018-10-04T13:38:18+02:00\" >2018-10-04 13:38:18<\/span><span class='av-structured-data'  itemprop=\"dateModified\" itemtype=\"https:\/\/schema.org\/dateModified\" >2018-10-04 13:38:18<\/span><span class='av-structured-data'  itemprop=\"mainEntityOfPage\" itemtype=\"https:\/\/schema.org\/mainEntityOfPage\" ><span itemprop='name'>IFS audit 2018<\/span><\/span><\/span><\/article><article class=\"post-entry post-entry-type-standard post-entry-6489 post-loop-2 post-parity-even single-big  post-6489 post type-post status-publish format-standard hentry category-general-fr\"  itemscope=\"itemscope\" itemtype=\"https:\/\/schema.org\/BlogPosting\" ><div class=\"blog-meta\"><\/div><div class='entry-content-wrapper clearfix standard-content'><header class=\"entry-content-header\" aria-label=\"Post: VsV \u00e0 nouveau certifi\u00e9 en 2017\"><h2 class='post-title entry-title '  itemprop=\"headline\" ><a href=\"https:\/\/vsv-ijmuiden.nl\/fr\/vsv-a-nouveau-certifie-en-2017\/\" rel=\"bookmark\" title=\"Lien permanent : VsV \u00e0 nouveau certifi\u00e9 en 2017\">VsV \u00e0 nouveau certifi\u00e9 en 2017<span class=\"post-format-icon minor-meta\"><\/span><\/a><\/h2><span class=\"post-meta-infos\"><time class=\"date-container minor-meta updated\"  itemprop=\"datePublished\" datetime=\"2018-07-05T14:31:35+02:00\" >5 July 2018<\/time><span class=\"text-sep\">\/<\/span><span class=\"blog-categories minor-meta\">dans <a href=\"https:\/\/vsv-ijmuiden.nl\/fr\/category\/general-fr\/\" rel=\"tag\">G\u00e9n\u00e9ral<\/a><\/span><\/span><\/header><div class=\"entry-content\"  itemprop=\"text\" ><p>VsV \u00e0 nouveau certifi\u00e9 par BRC grade AA 2017, IFS Broker Higher Level, IFS Food Higher Level, MSC, Naturland et ASC en 2017!<\/p>\n<\/div><footer class=\"entry-footer\"><\/footer><div class='post_delimiter'><\/div><\/div><div class=\"post_author_timeline\"><\/div><span class='hidden'>\n\t\t\t\t<span class='av-structured-data'  itemprop=\"image\" itemscope=\"itemscope\" itemtype=\"https:\/\/schema.org\/ImageObject\" >\n\t\t\t\t\t\t<span itemprop='url'>https:\/\/vsv-ijmuiden.nl\/wp-content\/uploads\/2018\/04\/van-slooten-vis-logo-100.png<\/span>\n\t\t\t\t\t\t<span itemprop='height'>0<\/span>\n\t\t\t\t\t\t<span itemprop='width'>0<\/span>\n\t\t\t\t<\/span>\n\t\t\t\t<span class='av-structured-data'  itemprop=\"publisher\" itemtype=\"https:\/\/schema.org\/Organization\" itemscope=\"itemscope\" >\n\t\t\t\t\t\t<span itemprop='name'>VSV Van Slooten Vis<\/span>\n\t\t\t\t\t\t<span itemprop='logo' itemscope itemtype='https:\/\/schema.org\/ImageObject'>\n\t\t\t\t\t\t\t<span itemprop='url'>https:\/\/vsv-ijmuiden.nl\/wp-content\/uploads\/2018\/04\/van-slooten-vis-logo-100.png<\/span>\n\t\t\t\t\t\t<\/span>\n\t\t\t\t<\/span><span class='av-structured-data'  itemprop=\"author\" itemscope=\"itemscope\" itemtype=\"https:\/\/schema.org\/Person\" ><span itemprop='name'>VSV Van Slooten Vis<\/span><\/span><span class='av-structured-data'  itemprop=\"datePublished\" datetime=\"2018-07-05T14:31:35+02:00\" >2018-07-05 14:31:35<\/span><span class='av-structured-data'  itemprop=\"dateModified\" itemtype=\"https:\/\/schema.org\/dateModified\" >2018-07-05 14:34:13<\/span><span class='av-structured-data'  itemprop=\"mainEntityOfPage\" itemtype=\"https:\/\/schema.org\/mainEntityOfPage\" ><span itemprop='name'>VsV \u00e0 nouveau certifi\u00e9 en 2017<\/span><\/span><\/span><\/article><article class=\"post-entry post-entry-type-standard post-entry-6075 post-loop-3 post-parity-odd single-big  post-6075 post type-post status-publish format-standard hentry category-general-fr\"  itemscope=\"itemscope\" itemtype=\"https:\/\/schema.org\/BlogPosting\" ><div class=\"blog-meta\"><\/div><div class='entry-content-wrapper clearfix standard-content'><header class=\"entry-content-header\" aria-label=\"Post: VsV \u00e0 nouveau certifi\u00e9 par BRC (grade A), IFS Food et IFS Broker (Higher level) en 2016!\"><h2 class='post-title entry-title '  itemprop=\"headline\" ><a href=\"https:\/\/vsv-ijmuiden.nl\/fr\/vsv-a-nouveau-certifie-par-brc-grade-a-ifs-food-et-ifs-broker-higher-level-en-2016\/\" rel=\"bookmark\" title=\"Lien permanent : VsV \u00e0 nouveau certifi\u00e9 par BRC (grade A), IFS Food et IFS Broker (Higher level) en 2016!\">VsV \u00e0 nouveau certifi\u00e9 par BRC (grade A), IFS Food et IFS Broker (Higher level) en 2016!<span class=\"post-format-icon minor-meta\"><\/span><\/a><\/h2><span class=\"post-meta-infos\"><time class=\"date-container minor-meta updated\"  itemprop=\"datePublished\" datetime=\"2016-11-24T10:41:42+01:00\" >24 November 2016<\/time><span class=\"text-sep\">\/<\/span><span class=\"blog-categories minor-meta\">dans <a href=\"https:\/\/vsv-ijmuiden.nl\/fr\/category\/general-fr\/\" rel=\"tag\">G\u00e9n\u00e9ral<\/a><\/span><\/span><\/header><div class=\"entry-content\"  itemprop=\"text\" ><\/div><footer class=\"entry-footer\"><\/footer><div class='post_delimiter'><\/div><\/div><div class=\"post_author_timeline\"><\/div><span class='hidden'>\n\t\t\t\t<span class='av-structured-data'  itemprop=\"image\" itemscope=\"itemscope\" itemtype=\"https:\/\/schema.org\/ImageObject\" >\n\t\t\t\t\t\t<span itemprop='url'>https:\/\/vsv-ijmuiden.nl\/wp-content\/uploads\/2018\/04\/van-slooten-vis-logo-100.png<\/span>\n\t\t\t\t\t\t<span itemprop='height'>0<\/span>\n\t\t\t\t\t\t<span itemprop='width'>0<\/span>\n\t\t\t\t<\/span>\n\t\t\t\t<span class='av-structured-data'  itemprop=\"publisher\" itemtype=\"https:\/\/schema.org\/Organization\" itemscope=\"itemscope\" >\n\t\t\t\t\t\t<span itemprop='name'>VSV Van Slooten Vis<\/span>\n\t\t\t\t\t\t<span itemprop='logo' itemscope itemtype='https:\/\/schema.org\/ImageObject'>\n\t\t\t\t\t\t\t<span itemprop='url'>https:\/\/vsv-ijmuiden.nl\/wp-content\/uploads\/2018\/04\/van-slooten-vis-logo-100.png<\/span>\n\t\t\t\t\t\t<\/span>\n\t\t\t\t<\/span><span class='av-structured-data'  itemprop=\"author\" itemscope=\"itemscope\" itemtype=\"https:\/\/schema.org\/Person\" ><span itemprop='name'>VSV Van Slooten Vis<\/span><\/span><span class='av-structured-data'  itemprop=\"datePublished\" datetime=\"2016-11-24T10:41:42+01:00\" >2016-11-24 10:41:42<\/span><span class='av-structured-data'  itemprop=\"dateModified\" itemtype=\"https:\/\/schema.org\/dateModified\" >2018-04-09 09:40:03<\/span><span class='av-structured-data'  itemprop=\"mainEntityOfPage\" itemtype=\"https:\/\/schema.org\/mainEntityOfPage\" ><span itemprop='name'>VsV \u00e0 nouveau certifi\u00e9 par BRC (grade A), IFS Food et IFS Broker (Higher level) en 2016!<\/span><\/span><\/span><\/article><article class=\"post-entry post-entry-type-standard post-entry-1803 post-loop-4 post-parity-even single-big  post-1803 post type-post status-publish format-standard hentry category-general-fr\"  itemscope=\"itemscope\" itemtype=\"https:\/\/schema.org\/BlogPosting\" ><div class=\"blog-meta\"><\/div><div class='entry-content-wrapper clearfix standard-content'><header class=\"entry-content-header\" aria-label=\"Post: VsV \u00e0 nouveau certifi\u00e9 par BRC, IFS Food et IFS Broker en 2015!\"><h2 class='post-title entry-title '  itemprop=\"headline\" ><a href=\"https:\/\/vsv-ijmuiden.nl\/fr\/vsv-a-nouveau-certifie-par-brc-ifs-food-et-ifs-brooker-en-2015\/\" rel=\"bookmark\" title=\"Lien permanent : VsV \u00e0 nouveau certifi\u00e9 par BRC, IFS Food et IFS Broker en 2015!\">VsV \u00e0 nouveau certifi\u00e9 par BRC, IFS Food et IFS Broker en 2015!<span class=\"post-format-icon minor-meta\"><\/span><\/a><\/h2><span class=\"post-meta-infos\"><time class=\"date-container minor-meta updated\"  itemprop=\"datePublished\" datetime=\"2015-11-05T09:30:30+01:00\" >5 November 2015<\/time><span class=\"text-sep\">\/<\/span><span class=\"blog-categories minor-meta\">dans <a href=\"https:\/\/vsv-ijmuiden.nl\/fr\/category\/general-fr\/\" rel=\"tag\">G\u00e9n\u00e9ral<\/a><\/span><\/span><\/header><div class=\"entry-content\"  itemprop=\"text\" ><\/div><footer class=\"entry-footer\"><\/footer><div class='post_delimiter'><\/div><\/div><div class=\"post_author_timeline\"><\/div><span class='hidden'>\n\t\t\t\t<span class='av-structured-data'  itemprop=\"image\" itemscope=\"itemscope\" itemtype=\"https:\/\/schema.org\/ImageObject\" >\n\t\t\t\t\t\t<span itemprop='url'>https:\/\/vsv-ijmuiden.nl\/wp-content\/uploads\/2018\/04\/van-slooten-vis-logo-100.png<\/span>\n\t\t\t\t\t\t<span itemprop='height'>0<\/span>\n\t\t\t\t\t\t<span itemprop='width'>0<\/span>\n\t\t\t\t<\/span>\n\t\t\t\t<span class='av-structured-data'  itemprop=\"publisher\" itemtype=\"https:\/\/schema.org\/Organization\" itemscope=\"itemscope\" >\n\t\t\t\t\t\t<span itemprop='name'>VSV Van Slooten Vis<\/span>\n\t\t\t\t\t\t<span itemprop='logo' itemscope itemtype='https:\/\/schema.org\/ImageObject'>\n\t\t\t\t\t\t\t<span itemprop='url'>https:\/\/vsv-ijmuiden.nl\/wp-content\/uploads\/2018\/04\/van-slooten-vis-logo-100.png<\/span>\n\t\t\t\t\t\t<\/span>\n\t\t\t\t<\/span><span class='av-structured-data'  itemprop=\"author\" itemscope=\"itemscope\" itemtype=\"https:\/\/schema.org\/Person\" ><span itemprop='name'>VSV Van Slooten Vis<\/span><\/span><span class='av-structured-data'  itemprop=\"datePublished\" datetime=\"2015-11-05T09:30:30+01:00\" >2015-11-05 09:30:30<\/span><span class='av-structured-data'  itemprop=\"dateModified\" itemtype=\"https:\/\/schema.org\/dateModified\" >2018-04-09 09:40:09<\/span><span class='av-structured-data'  itemprop=\"mainEntityOfPage\" itemtype=\"https:\/\/schema.org\/mainEntityOfPage\" ><span itemprop='name'>VsV \u00e0 nouveau certifi\u00e9 par BRC, IFS Food et IFS Broker en 2015!<\/span><\/span><\/span><\/article><article class=\"post-entry post-entry-type-standard post-entry-1687 post-loop-5 post-parity-odd single-big  post-1687 post type-post status-publish format-standard has-post-thumbnail hentry category-general-fr\"  itemscope=\"itemscope\" itemtype=\"https:\/\/schema.org\/BlogPosting\" ><div class=\"blog-meta\"><\/div><div class='entry-content-wrapper clearfix standard-content'><header class=\"entry-content-header\" aria-label=\"Post: VsV \u00e0 nouveau certifi\u00e9 par BRC et IFS en 2014!\"><h2 class='post-title entry-title '  itemprop=\"headline\" ><a href=\"https:\/\/vsv-ijmuiden.nl\/fr\/vsv-nouveau-certifie-par-brc-et-ifs-en-2014\/\" rel=\"bookmark\" title=\"Lien permanent : VsV \u00e0 nouveau certifi\u00e9 par BRC et IFS en 2014!\">VsV \u00e0 nouveau certifi\u00e9 par BRC et IFS en 2014!<span class=\"post-format-icon minor-meta\"><\/span><\/a><\/h2><span class=\"post-meta-infos\"><time class=\"date-container minor-meta updated\"  itemprop=\"datePublished\" datetime=\"2014-04-04T12:20:26+02:00\" >4 April 2014<\/time><span class=\"text-sep\">\/<\/span><span class=\"blog-categories minor-meta\">dans <a href=\"https:\/\/vsv-ijmuiden.nl\/fr\/category\/general-fr\/\" rel=\"tag\">G\u00e9n\u00e9ral<\/a><\/span><\/span><\/header><div class=\"entry-content\"  itemprop=\"text\" ><p>Les certificats BRC et IFS prouvent la s\u00e9curit\u00e9 alimentaire des poissons que nous emballons. Un audit est effectu\u00e9 chaque ann\u00e9e pour v\u00e9rifier si les conditions sont toujours respect\u00e9es. Les certificats BRC de niveau A et Higher Level d\u2019IFS ont \u00e9t\u00e9 prolong\u00e9s le 1er avril 2014.<\/p>\n<p> <a href=\"https:\/\/vsv-ijmuiden.nl\/fr\/vsv-nouveau-certifie-par-brc-et-ifs-en-2014\/\" class=\"more-link\">Lire la suite<span class=\"more-link-arrow\"><\/span><\/a><\/p>\n<\/div><footer class=\"entry-footer\"><\/footer><div class='post_delimiter'><\/div><\/div><div class=\"post_author_timeline\"><\/div><span class='hidden'>\n\t\t\t\t<span class='av-structured-data'  itemprop=\"image\" itemscope=\"itemscope\" itemtype=\"https:\/\/schema.org\/ImageObject\" >\n\t\t\t\t\t\t<span itemprop='url'><\/span>\n\t\t\t\t\t\t<span itemprop='height'>0<\/span>\n\t\t\t\t\t\t<span itemprop='width'>0<\/span>\n\t\t\t\t<\/span>\n\t\t\t\t<span class='av-structured-data'  itemprop=\"publisher\" itemtype=\"https:\/\/schema.org\/Organization\" itemscope=\"itemscope\" >\n\t\t\t\t\t\t<span itemprop='name'>VSV Van Slooten Vis<\/span>\n\t\t\t\t\t\t<span itemprop='logo' itemscope itemtype='https:\/\/schema.org\/ImageObject'>\n\t\t\t\t\t\t\t<span itemprop='url'>https:\/\/vsv-ijmuiden.nl\/wp-content\/uploads\/2018\/04\/van-slooten-vis-logo-100.png<\/span>\n\t\t\t\t\t\t<\/span>\n\t\t\t\t<\/span><span class='av-structured-data'  itemprop=\"author\" itemscope=\"itemscope\" itemtype=\"https:\/\/schema.org\/Person\" ><span itemprop='name'>VSV Van Slooten Vis<\/span><\/span><span class='av-structured-data'  itemprop=\"datePublished\" datetime=\"2014-04-04T12:20:26+02:00\" >2014-04-04 12:20:26<\/span><span class='av-structured-data'  itemprop=\"dateModified\" itemtype=\"https:\/\/schema.org\/dateModified\" >2018-04-10 10:33:58<\/span><span class='av-structured-data'  itemprop=\"mainEntityOfPage\" itemtype=\"https:\/\/schema.org\/mainEntityOfPage\" ><span itemprop='name'>VsV \u00e0 nouveau certifi\u00e9 par BRC et IFS en 2014!<\/span><\/span><\/span><\/article><article class=\"post-entry post-entry-type-standard post-entry-1701 post-loop-6 post-parity-even post-entry-last single-big  post-1701 post type-post status-publish format-standard hentry category-general-fr\"  itemscope=\"itemscope\" itemtype=\"https:\/\/schema.org\/BlogPosting\" ><div class=\"blog-meta\"><\/div><div class='entry-content-wrapper clearfix standard-content'><header class=\"entry-content-header\" aria-label=\"Post: Parrainage\"><h2 class='post-title entry-title '  itemprop=\"headline\" ><a href=\"https:\/\/vsv-ijmuiden.nl\/fr\/parrainage\/\" rel=\"bookmark\" title=\"Lien permanent : Parrainage\">Parrainage<span class=\"post-format-icon minor-meta\"><\/span><\/a><\/h2><span class=\"post-meta-infos\"><time class=\"date-container minor-meta updated\"  itemprop=\"datePublished\" datetime=\"2014-04-01T12:34:37+02:00\" >1 April 2014<\/time><span class=\"text-sep\">\/<\/span><span class=\"blog-categories minor-meta\">dans <a href=\"https:\/\/vsv-ijmuiden.nl\/fr\/category\/general-fr\/\" rel=\"tag\">G\u00e9n\u00e9ral<\/a><\/span><\/span><\/header><div class=\"entry-content\"  itemprop=\"text\" ><p>Nous mettons un point d\u2019honneur \u00e0 soutenir des organisations et institutions socialement responsables. \u00ab Er is Geloof, Hoop en Liefde \u00bb en fait partie et nous y apportons donc volontiers notre soutien.<\/p>\n<p>Cette institution s\u2019emploie \u00e0 venir en aide aux personnes \u00e0 faibles revenus dans la commune de Langedijk.<\/p>\n<p><img loading=\"lazy\" decoding=\"async\" alt=\"hoop-en-liefde\" src=\"https:\/\/vsv-ijmuiden.nl\/wp-content\/uploads\/2014\/04\/hoop-en-liefde.png\" width=\"181\" height=\"209\" \/><\/p>\n<\/div><footer class=\"entry-footer\"><\/footer><div class='post_delimiter'><\/div><\/div><div class=\"post_author_timeline\"><\/div><span class='hidden'>\n\t\t\t\t<span class='av-structured-data'  itemprop=\"image\" itemscope=\"itemscope\" itemtype=\"https:\/\/schema.org\/ImageObject\" >\n\t\t\t\t\t\t<span itemprop='url'>https:\/\/vsv-ijmuiden.nl\/wp-content\/uploads\/2018\/04\/van-slooten-vis-logo-100.png<\/span>\n\t\t\t\t\t\t<span itemprop='height'>0<\/span>\n\t\t\t\t\t\t<span itemprop='width'>0<\/span>\n\t\t\t\t<\/span>\n\t\t\t\t<span class='av-structured-data'  itemprop=\"publisher\" itemtype=\"https:\/\/schema.org\/Organization\" itemscope=\"itemscope\" >\n\t\t\t\t\t\t<span itemprop='name'>VSV Van Slooten Vis<\/span>\n\t\t\t\t\t\t<span itemprop='logo' itemscope itemtype='https:\/\/schema.org\/ImageObject'>\n\t\t\t\t\t\t\t<span itemprop='url'>https:\/\/vsv-ijmuiden.nl\/wp-content\/uploads\/2018\/04\/van-slooten-vis-logo-100.png<\/span>\n\t\t\t\t\t\t<\/span>\n\t\t\t\t<\/span><span class='av-structured-data'  itemprop=\"author\" itemscope=\"itemscope\" itemtype=\"https:\/\/schema.org\/Person\" ><span itemprop='name'>VSV Van Slooten Vis<\/span><\/span><span class='av-structured-data'  itemprop=\"datePublished\" datetime=\"2014-04-01T12:34:37+02:00\" >2014-04-01 12:34:37<\/span><span class='av-structured-data'  itemprop=\"dateModified\" itemtype=\"https:\/\/schema.org\/dateModified\" >2018-04-09 09:40:20<\/span><span class='av-structured-data'  itemprop=\"mainEntityOfPage\" itemtype=\"https:\/\/schema.org\/mainEntityOfPage\" ><span itemprop='name'>Parrainage<\/span><\/span><\/span><\/article><div class='single-big'><\/div><\/div><\/div>\n<style type=\"text\/css\" data-created_by=\"avia_inline_auto\" id=\"style-css-av-av_one_third-c8fc129dc35fd1ae2a1e410224d39ea8\">\n.flex_column.av-av_one_third-c8fc129dc35fd1ae2a1e410224d39ea8{\nborder-radius:0px 0px 0px 0px;\npadding:0px 0px 0px 0px;\n}\n<\/style>\n<div  class='flex_column av-av_one_third-c8fc129dc35fd1ae2a1e410224d39ea8 av_one_third flex_column_div av-zero-column-padding  '     ><section  class='av_textblock_section av-av_textblock-2de302bf1aa3cf4c9157dbe6f50ac7eb '   itemscope=\"itemscope\" itemtype=\"https:\/\/schema.org\/BlogPosting\" itemprop=\"blogPost\" ><div class='avia_textblock'  itemprop=\"text\" ><h4 class=\"shortcode_h5\">Zeevisgroothandel V.S.V.<br \/>\nVan Slooten Vis IJmuiden B.V.<\/h4>\n<p>Vissershavenstraat 35<br \/>\n1976 DB IJmuiden<br \/>\nPays-Bas<\/p>\n<p><a href=\"mailto:vsv@vsv-ijmuiden.nl\">vsv@vsv-ijmuiden.nl<\/a><\/p>\n<p>Tel. +31 (0) 255 537 576<br \/>\nFax +31 (0) 255 513 729<\/p>\n<\/div><\/section><\/div><\/p>\n","protected":false},"excerpt":{"rendered":"","protected":false},"author":1,"featured_media":0,"parent":0,"menu_order":0,"comment_status":"closed","ping_status":"closed","template":"","meta":{"footnotes":""},"class_list":["post-261","page","type-page","status-publish","hentry"],"yoast_head":"<!-- This site is optimized with the Yoast SEO plugin v27.5 - https:\/\/yoast.com\/product\/yoast-seo-wordpress\/ -->\n<title>Nouveaut\u00e9s - Van Slooten Vis IJmuiden<\/title>\n<meta name=\"robots\" content=\"index, follow, max-snippet:-1, max-image-preview:large, max-video-preview:-1\" \/>\n<link rel=\"canonical\" href=\"https:\/\/vsv-ijmuiden.nl\/fr\/nouveautes\/\" \/>\n<meta property=\"og:locale\" content=\"fr_FR\" \/>\n<meta property=\"og:type\" content=\"article\" \/>\n<meta property=\"og:title\" content=\"Nouveaut\u00e9s - Van Slooten Vis IJmuiden\" \/>\n<meta property=\"og:url\" content=\"https:\/\/vsv-ijmuiden.nl\/fr\/nouveautes\/\" \/>\n<meta property=\"og:site_name\" content=\"Van Slooten Vis IJmuiden\" \/>\n<meta property=\"article:modified_time\" content=\"2018-04-09T09:45:27+00:00\" \/>\n<meta name=\"twitter:card\" content=\"summary_large_image\" \/>\n<meta name=\"twitter:label1\" content=\"Est. reading time\" \/>\n\t<meta name=\"twitter:data1\" content=\"1 minute\" \/>\n<script type=\"application\/ld+json\" class=\"yoast-schema-graph\">{\"@context\":\"https:\\\/\\\/schema.org\",\"@graph\":[{\"@type\":\"WebPage\",\"@id\":\"https:\\\/\\\/vsv-ijmuiden.nl\\\/fr\\\/nouveautes\\\/\",\"url\":\"https:\\\/\\\/vsv-ijmuiden.nl\\\/fr\\\/nouveautes\\\/\",\"name\":\"Nouveaut\u00e9s - Van Slooten Vis IJmuiden\",\"isPartOf\":{\"@id\":\"https:\\\/\\\/vsv-ijmuiden.nl\\\/#website\"},\"datePublished\":\"2018-04-05T18:59:48+00:00\",\"dateModified\":\"2018-04-09T09:45:27+00:00\",\"breadcrumb\":{\"@id\":\"https:\\\/\\\/vsv-ijmuiden.nl\\\/fr\\\/nouveautes\\\/#breadcrumb\"},\"inLanguage\":\"fr-FR\",\"potentialAction\":[{\"@type\":\"ReadAction\",\"target\":[\"https:\\\/\\\/vsv-ijmuiden.nl\\\/fr\\\/nouveautes\\\/\"]}]},{\"@type\":\"BreadcrumbList\",\"@id\":\"https:\\\/\\\/vsv-ijmuiden.nl\\\/fr\\\/nouveautes\\\/#breadcrumb\",\"itemListElement\":[{\"@type\":\"ListItem\",\"position\":1,\"name\":\"Home\",\"item\":\"https:\\\/\\\/vsv-ijmuiden.nl\\\/fr\\\/van-slooten-vis-ijmuiden\\\/\"},{\"@type\":\"ListItem\",\"position\":2,\"name\":\"Nouveaut\u00e9s\"}]},{\"@type\":\"WebSite\",\"@id\":\"https:\\\/\\\/vsv-ijmuiden.nl\\\/#website\",\"url\":\"https:\\\/\\\/vsv-ijmuiden.nl\\\/\",\"name\":\"Van Slooten Vis IJmuiden\",\"description\":\"\",\"potentialAction\":[{\"@type\":\"SearchAction\",\"target\":{\"@type\":\"EntryPoint\",\"urlTemplate\":\"https:\\\/\\\/vsv-ijmuiden.nl\\\/?s={search_term_string}\"},\"query-input\":{\"@type\":\"PropertyValueSpecification\",\"valueRequired\":true,\"valueName\":\"search_term_string\"}}],\"inLanguage\":\"fr-FR\"}]}<\/script>\n<!-- \/ Yoast SEO plugin. -->","yoast_head_json":{"title":"Nouveaut\u00e9s - Van Slooten Vis IJmuiden","robots":{"index":"index","follow":"follow","max-snippet":"max-snippet:-1","max-image-preview":"max-image-preview:large","max-video-preview":"max-video-preview:-1"},"canonical":"https:\/\/vsv-ijmuiden.nl\/fr\/nouveautes\/","og_locale":"fr_FR","og_type":"article","og_title":"Nouveaut\u00e9s - Van Slooten Vis IJmuiden","og_url":"https:\/\/vsv-ijmuiden.nl\/fr\/nouveautes\/","og_site_name":"Van Slooten Vis IJmuiden","article_modified_time":"2018-04-09T09:45:27+00:00","twitter_card":"summary_large_image","twitter_misc":{"Est. reading time":"1 minute"},"schema":{"@context":"https:\/\/schema.org","@graph":[{"@type":"WebPage","@id":"https:\/\/vsv-ijmuiden.nl\/fr\/nouveautes\/","url":"https:\/\/vsv-ijmuiden.nl\/fr\/nouveautes\/","name":"Nouveaut\u00e9s - Van Slooten Vis IJmuiden","isPartOf":{"@id":"https:\/\/vsv-ijmuiden.nl\/#website"},"datePublished":"2018-04-05T18:59:48+00:00","dateModified":"2018-04-09T09:45:27+00:00","breadcrumb":{"@id":"https:\/\/vsv-ijmuiden.nl\/fr\/nouveautes\/#breadcrumb"},"inLanguage":"fr-FR","potentialAction":[{"@type":"ReadAction","target":["https:\/\/vsv-ijmuiden.nl\/fr\/nouveautes\/"]}]},{"@type":"BreadcrumbList","@id":"https:\/\/vsv-ijmuiden.nl\/fr\/nouveautes\/#breadcrumb","itemListElement":[{"@type":"ListItem","position":1,"name":"Home","item":"https:\/\/vsv-ijmuiden.nl\/fr\/van-slooten-vis-ijmuiden\/"},{"@type":"ListItem","position":2,"name":"Nouveaut\u00e9s"}]},{"@type":"WebSite","@id":"https:\/\/vsv-ijmuiden.nl\/#website","url":"https:\/\/vsv-ijmuiden.nl\/","name":"Van Slooten Vis IJmuiden","description":"","potentialAction":[{"@type":"SearchAction","target":{"@type":"EntryPoint","urlTemplate":"https:\/\/vsv-ijmuiden.nl\/?s={search_term_string}"},"query-input":{"@type":"PropertyValueSpecification","valueRequired":true,"valueName":"search_term_string"}}],"inLanguage":"fr-FR"}]}},"_links":{"self":[{"href":"https:\/\/vsv-ijmuiden.nl\/fr\/wp-json\/wp\/v2\/pages\/261","targetHints":{"allow":["GET"]}}],"collection":[{"href":"https:\/\/vsv-ijmuiden.nl\/fr\/wp-json\/wp\/v2\/pages"}],"about":[{"href":"https:\/\/vsv-ijmuiden.nl\/fr\/wp-json\/wp\/v2\/types\/page"}],"author":[{"embeddable":true,"href":"https:\/\/vsv-ijmuiden.nl\/fr\/wp-json\/wp\/v2\/users\/1"}],"replies":[{"embeddable":true,"href":"https:\/\/vsv-ijmuiden.nl\/fr\/wp-json\/wp\/v2\/comments?post=261"}],"version-history":[{"count":4,"href":"https:\/\/vsv-ijmuiden.nl\/fr\/wp-json\/wp\/v2\/pages\/261\/revisions"}],"predecessor-version":[{"id":6270,"href":"https:\/\/vsv-ijmuiden.nl\/fr\/wp-json\/wp\/v2\/pages\/261\/revisions\/6270"}],"wp:attachment":[{"href":"https:\/\/vsv-ijmuiden.nl\/fr\/wp-json\/wp\/v2\/media?parent=261"}],"curies":[{"name":"wp","href":"https:\/\/api.w.org\/{rel}","templated":true}]}}