{"id":7141,"date":"2022-09-27T13:22:21","date_gmt":"2022-09-27T13:22:21","guid":{"rendered":"https:\/\/vsv-ijmuiden.nl\/duurzaamheid\/"},"modified":"2022-10-13T08:32:32","modified_gmt":"2022-10-13T08:32:32","slug":"durabilite","status":"publish","type":"page","link":"https:\/\/vsv-ijmuiden.nl\/fr\/durabilite\/","title":{"rendered":"Durabilit\u00e9"},"content":{"rendered":"<div id='layer_slider_1'  class='avia-layerslider main_color avia-shadow  avia-builder-el-0  el_before_av_two_third  avia-builder-el-first  container_wrap fullsize'  style='height: 231px; max-width: 1100px; margin: 0 auto;'  ><\/div><div id='after_layer_slider_1'  class='main_color av_default_container_wrap container_wrap fullsize'  ><div class='container av-section-cont-open' ><div class='template-page content  av-content-full alpha units'><div class='post-entry post-entry-type-page post-entry-7141'><div class='entry-content-wrapper clearfix'>\n\n<style type=\"text\/css\" data-created_by=\"avia_inline_auto\" id=\"style-css-av-6cfj55-43e54b3e4da419ee2c74423b6146f4d7\">\n.flex_column.av-6cfj55-43e54b3e4da419ee2c74423b6146f4d7{\nborder-radius:0px 0px 0px 0px;\npadding:0px 0px 0px 0px;\n}\n<\/style>\n<div  class='flex_column av-6cfj55-43e54b3e4da419ee2c74423b6146f4d7 av_two_third  avia-builder-el-1  el_after_av_layerslider  el_before_av_one_third  avia-builder-el-first  first flex_column_div av-zero-column-padding  '     ><section  class='av_textblock_section av-l8k8a3ub-eaf29a97cabdc7ed122a45de91062942 '   itemscope=\"itemscope\" itemtype=\"https:\/\/schema.org\/CreativeWork\" ><div class='avia_textblock'  itemprop=\"text\" ><h2>Durabilit\u00e9<\/h2>\n<p><strong><span style=\"color: #474747;\">Pour VSV en tant qu&#8217;entreprise familiale, le maintien de nos activit\u00e9s commerciales est directement li\u00e9 \u00e0 l&#8217;achat et \u00e0 la transformation durables de notre poisson.<\/span><\/strong><\/p>\n<p>En traitant avec soin le monde qui nous entoure, nous garantissons, pour nous-m\u00eames et pour la g\u00e9n\u00e9ration future, que les produits que nous aimons continueront d&#8217;exister.<br \/>\nPar cons\u00e9quent, le poisson que nous achetons n&#8217;est p\u00each\u00e9 que de mani\u00e8re durable. Nous le garantissons en collaborant au niveau mondial avec des partenaires fiables et certifi\u00e9s. De plus, nous garantissons une gestion prudente des stocks de poissons gr\u00e2ce \u00e0 des quotas et \u00e0 une p\u00eache saisonni\u00e8re.<\/p>\n<p>Une grande partie de nos poissons est certifi\u00e9e MSC. Les termes du MSC incluent la p\u00eache durable et limitent l&#8217;impact de la p\u00eache sur l&#8217;\u00e9cosyst\u00e8me.<\/p>\n<p><strong>Afin de rendre notre processus de production plus durable, nous proc\u00e9dons notamment comme suit :<\/strong><\/p>\n<ul>\n<li>Nos mat\u00e9riaux d&#8217;emballage EPS sont en partie fabriqu\u00e9s \u00e0 partir de mat\u00e9riaux recycl\u00e9s et sont recyclables \u00e0 cent pour cent. Afin de jeter le moins de PSE possible, nous avons notre propre broyeur qui d\u00e9chiquette les bo\u00eetes de PSE usag\u00e9es et les pr\u00e9pare pour le recyclage.<\/li>\n<li>Nous encourageons \u00e9galement l&#8217;utilisation de palettes consign\u00e9es. Lorsque des palettes en bois sont utilis\u00e9es, elles sont fabriqu\u00e9es \u00e0 partir de bois provenant de sources durables ; cela peut \u00eatre reconnu par le logo sp\u00e9cial sur les palettes. Nous r\u00e9parons m\u00eame les palettes cass\u00e9es en interne afin qu&#8217;elles puissent \u00eatre r\u00e9utilis\u00e9es.<\/li>\n<li>Nous avons r\u00e9duit notre consommation de papier en travaillant de plus en plus avec des solutions en ligne.<\/li>\n<li>Nous utilisons la substance durable propane pour le fonctionnement de la machine de refroidissement et de glace dans notre usine de production.<\/li>\n<li>En utilisant des portes rapides \u00e0 fermeture automatique, le refroidissement est mieux conserv\u00e9, limitant les pertes d&#8217;\u00e9nergie.<\/li>\n<\/ul>\n<\/div><\/section><\/div>\n<style type=\"text\/css\" data-created_by=\"avia_inline_auto\" id=\"style-css-av-hbfqx-785386a93c1c364856039916a3ca892d\">\n.flex_column.av-hbfqx-785386a93c1c364856039916a3ca892d{\nborder-radius:0px 0px 0px 0px;\npadding:0px 0px 0px 0px;\n}\n<\/style>\n<div  class='flex_column av-hbfqx-785386a93c1c364856039916a3ca892d av_one_third  avia-builder-el-3  el_after_av_two_third  avia-builder-el-last  flex_column_div av-zero-column-padding  '     ><section  class='av_textblock_section av-2zygvt-58b1b4210a790e4ca5b8121d6046f07e '   itemscope=\"itemscope\" itemtype=\"https:\/\/schema.org\/CreativeWork\" ><div class='avia_textblock'  itemprop=\"text\" ><h4 class=\"shortcode_h5\">Zeevisgroothandel V.S.V.<br \/>\nVan Slooten Vis IJmuiden B.V.<\/h4>\n<p>Vissershavenstraat 35<br \/>\n1976 DB IJmuiden<br \/>\nPays-Bas<\/p>\n<p><a href=\"mailto:vsv@vsv-ijmuiden.nl\">vsv@vsv-ijmuiden.nl<\/a><\/p>\n<p>Tel. +31 (0) 255 537 576<br \/>\nFax +31 (0) 255 513 729<\/p>\n<\/div><\/section><\/div><\/p>\n","protected":false},"excerpt":{"rendered":"","protected":false},"author":1,"featured_media":0,"parent":0,"menu_order":0,"comment_status":"closed","ping_status":"closed","template":"","meta":{"footnotes":""},"class_list":["post-7141","page","type-page","status-publish","hentry"],"yoast_head":"<!-- This site is optimized with the Yoast SEO plugin v27.4 - https:\/\/yoast.com\/product\/yoast-seo-wordpress\/ -->\n<title>Durabilit\u00e9 | VSV Van Slooten Vis IJmuiden<\/title>\n<meta name=\"description\" content=\"Pour VSV en tant qu&#039;entreprise familiale, le maintien de nos activit\u00e9s commerciales est directement li\u00e9 \u00e0 l&#039;achat et \u00e0 la transformation durables de notre poisson.\" \/>\n<meta name=\"robots\" content=\"index, follow, max-snippet:-1, max-image-preview:large, max-video-preview:-1\" \/>\n<link rel=\"canonical\" href=\"https:\/\/vsv-ijmuiden.nl\/fr\/durabilite\/\" \/>\n<meta property=\"og:locale\" content=\"fr_FR\" \/>\n<meta property=\"og:type\" content=\"article\" \/>\n<meta property=\"og:title\" content=\"Durabilit\u00e9 | VSV Van Slooten Vis IJmuiden\" \/>\n<meta property=\"og:description\" content=\"Pour VSV en tant qu&#039;entreprise familiale, le maintien de nos activit\u00e9s commerciales est directement li\u00e9 \u00e0 l&#039;achat et \u00e0 la transformation durables de notre poisson.\" \/>\n<meta property=\"og:url\" content=\"https:\/\/vsv-ijmuiden.nl\/fr\/durabilite\/\" \/>\n<meta property=\"og:site_name\" content=\"Van Slooten Vis IJmuiden\" \/>\n<meta property=\"article:modified_time\" content=\"2022-10-13T08:32:32+00:00\" \/>\n<meta name=\"twitter:card\" content=\"summary_large_image\" \/>\n<meta name=\"twitter:label1\" content=\"Est. reading time\" \/>\n\t<meta name=\"twitter:data1\" content=\"2 minutes\" \/>\n<script type=\"application\/ld+json\" class=\"yoast-schema-graph\">{\"@context\":\"https:\\\/\\\/schema.org\",\"@graph\":[{\"@type\":\"WebPage\",\"@id\":\"https:\\\/\\\/vsv-ijmuiden.nl\\\/fr\\\/durabilite\\\/\",\"url\":\"https:\\\/\\\/vsv-ijmuiden.nl\\\/fr\\\/durabilite\\\/\",\"name\":\"Durabilit\u00e9 | VSV Van Slooten Vis IJmuiden\",\"isPartOf\":{\"@id\":\"https:\\\/\\\/vsv-ijmuiden.nl\\\/#website\"},\"datePublished\":\"2022-09-27T13:22:21+00:00\",\"dateModified\":\"2022-10-13T08:32:32+00:00\",\"description\":\"Pour VSV en tant qu'entreprise familiale, le maintien de nos activit\u00e9s commerciales est directement li\u00e9 \u00e0 l'achat et \u00e0 la transformation durables de notre poisson.\",\"breadcrumb\":{\"@id\":\"https:\\\/\\\/vsv-ijmuiden.nl\\\/fr\\\/durabilite\\\/#breadcrumb\"},\"inLanguage\":\"fr-FR\",\"potentialAction\":[{\"@type\":\"ReadAction\",\"target\":[\"https:\\\/\\\/vsv-ijmuiden.nl\\\/fr\\\/durabilite\\\/\"]}]},{\"@type\":\"BreadcrumbList\",\"@id\":\"https:\\\/\\\/vsv-ijmuiden.nl\\\/fr\\\/durabilite\\\/#breadcrumb\",\"itemListElement\":[{\"@type\":\"ListItem\",\"position\":1,\"name\":\"Home\",\"item\":\"https:\\\/\\\/vsv-ijmuiden.nl\\\/fr\\\/van-slooten-vis-ijmuiden\\\/\"},{\"@type\":\"ListItem\",\"position\":2,\"name\":\"Durabilit\u00e9\"}]},{\"@type\":\"WebSite\",\"@id\":\"https:\\\/\\\/vsv-ijmuiden.nl\\\/#website\",\"url\":\"https:\\\/\\\/vsv-ijmuiden.nl\\\/\",\"name\":\"Van Slooten Vis IJmuiden\",\"description\":\"\",\"potentialAction\":[{\"@type\":\"SearchAction\",\"target\":{\"@type\":\"EntryPoint\",\"urlTemplate\":\"https:\\\/\\\/vsv-ijmuiden.nl\\\/?s={search_term_string}\"},\"query-input\":{\"@type\":\"PropertyValueSpecification\",\"valueRequired\":true,\"valueName\":\"search_term_string\"}}],\"inLanguage\":\"fr-FR\"}]}<\/script>\n<!-- \/ Yoast SEO plugin. -->","yoast_head_json":{"title":"Durabilit\u00e9 | VSV Van Slooten Vis IJmuiden","description":"Pour VSV en tant qu'entreprise familiale, le maintien de nos activit\u00e9s commerciales est directement li\u00e9 \u00e0 l'achat et \u00e0 la transformation durables de notre poisson.","robots":{"index":"index","follow":"follow","max-snippet":"max-snippet:-1","max-image-preview":"max-image-preview:large","max-video-preview":"max-video-preview:-1"},"canonical":"https:\/\/vsv-ijmuiden.nl\/fr\/durabilite\/","og_locale":"fr_FR","og_type":"article","og_title":"Durabilit\u00e9 | VSV Van Slooten Vis IJmuiden","og_description":"Pour VSV en tant qu'entreprise familiale, le maintien de nos activit\u00e9s commerciales est directement li\u00e9 \u00e0 l'achat et \u00e0 la transformation durables de notre poisson.","og_url":"https:\/\/vsv-ijmuiden.nl\/fr\/durabilite\/","og_site_name":"Van Slooten Vis IJmuiden","article_modified_time":"2022-10-13T08:32:32+00:00","twitter_card":"summary_large_image","twitter_misc":{"Est. reading time":"2 minutes"},"schema":{"@context":"https:\/\/schema.org","@graph":[{"@type":"WebPage","@id":"https:\/\/vsv-ijmuiden.nl\/fr\/durabilite\/","url":"https:\/\/vsv-ijmuiden.nl\/fr\/durabilite\/","name":"Durabilit\u00e9 | VSV Van Slooten Vis IJmuiden","isPartOf":{"@id":"https:\/\/vsv-ijmuiden.nl\/#website"},"datePublished":"2022-09-27T13:22:21+00:00","dateModified":"2022-10-13T08:32:32+00:00","description":"Pour VSV en tant qu'entreprise familiale, le maintien de nos activit\u00e9s commerciales est directement li\u00e9 \u00e0 l'achat et \u00e0 la transformation durables de notre poisson.","breadcrumb":{"@id":"https:\/\/vsv-ijmuiden.nl\/fr\/durabilite\/#breadcrumb"},"inLanguage":"fr-FR","potentialAction":[{"@type":"ReadAction","target":["https:\/\/vsv-ijmuiden.nl\/fr\/durabilite\/"]}]},{"@type":"BreadcrumbList","@id":"https:\/\/vsv-ijmuiden.nl\/fr\/durabilite\/#breadcrumb","itemListElement":[{"@type":"ListItem","position":1,"name":"Home","item":"https:\/\/vsv-ijmuiden.nl\/fr\/van-slooten-vis-ijmuiden\/"},{"@type":"ListItem","position":2,"name":"Durabilit\u00e9"}]},{"@type":"WebSite","@id":"https:\/\/vsv-ijmuiden.nl\/#website","url":"https:\/\/vsv-ijmuiden.nl\/","name":"Van Slooten Vis IJmuiden","description":"","potentialAction":[{"@type":"SearchAction","target":{"@type":"EntryPoint","urlTemplate":"https:\/\/vsv-ijmuiden.nl\/?s={search_term_string}"},"query-input":{"@type":"PropertyValueSpecification","valueRequired":true,"valueName":"search_term_string"}}],"inLanguage":"fr-FR"}]}},"_links":{"self":[{"href":"https:\/\/vsv-ijmuiden.nl\/fr\/wp-json\/wp\/v2\/pages\/7141","targetHints":{"allow":["GET"]}}],"collection":[{"href":"https:\/\/vsv-ijmuiden.nl\/fr\/wp-json\/wp\/v2\/pages"}],"about":[{"href":"https:\/\/vsv-ijmuiden.nl\/fr\/wp-json\/wp\/v2\/types\/page"}],"author":[{"embeddable":true,"href":"https:\/\/vsv-ijmuiden.nl\/fr\/wp-json\/wp\/v2\/users\/1"}],"replies":[{"embeddable":true,"href":"https:\/\/vsv-ijmuiden.nl\/fr\/wp-json\/wp\/v2\/comments?post=7141"}],"version-history":[{"count":3,"href":"https:\/\/vsv-ijmuiden.nl\/fr\/wp-json\/wp\/v2\/pages\/7141\/revisions"}],"predecessor-version":[{"id":7172,"href":"https:\/\/vsv-ijmuiden.nl\/fr\/wp-json\/wp\/v2\/pages\/7141\/revisions\/7172"}],"wp:attachment":[{"href":"https:\/\/vsv-ijmuiden.nl\/fr\/wp-json\/wp\/v2\/media?parent=7141"}],"curies":[{"name":"wp","href":"https:\/\/api.w.org\/{rel}","templated":true}]}}