{"id":164,"date":"2018-04-05T18:59:26","date_gmt":"2018-04-05T18:59:26","guid":{"rendered":"https:\/\/vsv-ijmuiden.nl\/kwaliteit\/"},"modified":"2026-03-26T16:43:19","modified_gmt":"2026-03-26T15:43:19","slug":"qualidade","status":"publish","type":"page","link":"https:\/\/vsv-ijmuiden.nl\/pt-pt\/qualidade\/","title":{"rendered":"Qualidade"},"content":{"rendered":"<div id='layer_slider_1'  class='avia-layerslider main_color avia-shadow  avia-builder-el-0  el_before_av_two_third  avia-builder-el-first  container_wrap fullsize'  style='height: 231px; max-width: 1100px; margin: 0 auto;'  ><\/div><div id='after_layer_slider_1'  class='main_color av_default_container_wrap container_wrap fullsize'  ><div class='container av-section-cont-open' ><div class='template-page content  av-content-full alpha units'><div class='post-entry post-entry-type-page post-entry-164'><div class='entry-content-wrapper clearfix'>\n\n<style type=\"text\/css\" data-created_by=\"avia_inline_auto\" id=\"style-css-av-10lv10-e83a81862262ba4622e42564e1ff8ad6\">\n.flex_column.av-10lv10-e83a81862262ba4622e42564e1ff8ad6{\nborder-radius:0px 0px 0px 0px;\npadding:0px 0px 0px 0px;\n}\n<\/style>\n<div  class='flex_column av-10lv10-e83a81862262ba4622e42564e1ff8ad6 av_two_third  avia-builder-el-1  el_after_av_layerslider  el_before_av_one_third  avia-builder-el-first  first flex_column_div av-zero-column-padding  '     ><section  class='av_textblock_section av-jsvnvrud-19d2a50f7a7ba10f5b189fd0e06e0289 '   itemscope=\"itemscope\" itemtype=\"https:\/\/schema.org\/CreativeWork\" ><div class='avia_textblock'  itemprop=\"text\" ><h2 class=\"shortcode_h2\">Qualidade<\/h2>\n<p>A VSV garante a qualidade da cadeia alimentar e a seguran\u00e7a alimentar. A VSV possui as seguintes certifica\u00e7\u00f5es: BRC, IFS, MSC e ASC. Todos os anos, estas certifica\u00e7\u00f5es s\u00e3o objeto de uma nova auditoria.<\/p>\n<p>Para a VSV, a higiene \u00e9 primordial. Nomeadamente, a t\u00edtulo de exemplo, todas as semanas s\u00e3o recolhidas amostras de diversos peixes. Estas amostras s\u00e3o objeto de uma an\u00e1lise microbiol\u00f3gica num laborat\u00f3rio externo qualificado. O peixe \u00e9 embalado segundo os desejos dos clientes. Sobretudo em embalagens em poliestireno. Desde recentemente, tamb\u00e9m embalamos em polipropileno 100% recicl\u00e1vel).<\/p>\n<\/div><\/section><br \/>\n\n<style type=\"text\/css\" data-created_by=\"avia_inline_auto\" id=\"style-css-av-zd024-9f400a09512f008128909c7b30aef9a1\">\n#top .hr.hr-invisible.av-zd024-9f400a09512f008128909c7b30aef9a1{\nheight:30px;\n}\n<\/style>\n<div  class='hr av-zd024-9f400a09512f008128909c7b30aef9a1 hr-invisible  avia-builder-el-3  el_after_av_textblock  el_before_av_textblock '><span class='hr-inner '><span class=\"hr-inner-style\"><\/span><\/span><\/div><br \/>\n<section  class='av_textblock_section av-sxcjw-a1707c3ae0cd03fd63e8f7c1e13936bd '   itemscope=\"itemscope\" itemtype=\"https:\/\/schema.org\/CreativeWork\" ><div class='avia_textblock'  itemprop=\"text\" ><h3>Certificados<\/h3>\n<\/div><\/section><br \/>\n\n<style type=\"text\/css\" data-created_by=\"avia_inline_auto\" id=\"style-css-av-mg7t0-30cff810d6ec967d7802ecae2148a75c\">\n#top .hr.hr-invisible.av-mg7t0-30cff810d6ec967d7802ecae2148a75c{\nheight:10px;\n}\n<\/style>\n<div  class='hr av-mg7t0-30cff810d6ec967d7802ecae2148a75c hr-invisible  avia-builder-el-5  el_after_av_textblock  el_before_av_textblock '><span class='hr-inner '><span class=\"hr-inner-style\"><\/span><\/span><\/div><br \/>\n<section  class='av_textblock_section av-bottg-68ad8f196756017d41a65c2c9ad86454 '   itemscope=\"itemscope\" itemtype=\"https:\/\/schema.org\/CreativeWork\" ><div class='avia_textblock'  itemprop=\"text\" ><p><img loading=\"lazy\" decoding=\"async\" class=\"alignnone wp-image-7390 \" src=\"https:\/\/vsv-ijmuiden.nl\/wp-content\/uploads\/2026\/03\/BRCGS_CERT_FOOD_LOGO_RGB-300x226.png\" alt=\"\" width=\"82\" height=\"62\" srcset=\"https:\/\/vsv-ijmuiden.nl\/wp-content\/uploads\/2026\/03\/BRCGS_CERT_FOOD_LOGO_RGB-300x226.png 300w, https:\/\/vsv-ijmuiden.nl\/wp-content\/uploads\/2026\/03\/BRCGS_CERT_FOOD_LOGO_RGB.png 690w\" sizes=\"auto, (max-width: 82px) 100vw, 82px\" \/>\u00a0\u00a0<img loading=\"lazy\" decoding=\"async\" class=\"alignnone size-full wp-image-112\" src=\"https:\/\/vsv-ijmuiden.nl\/wp-content\/uploads\/2018\/04\/msc-vsv-en-2.jpg\" alt=\"\" width=\"107\" height=\"60\" \/> <img loading=\"lazy\" decoding=\"async\" class=\"alignnone size-full wp-image-116\" src=\"https:\/\/vsv-ijmuiden.nl\/wp-content\/uploads\/2018\/04\/ifs-food-logo.jpg\" alt=\"\" width=\"107\" height=\"60\" \/>\u00a0<a href=\"https:\/\/www.ifs-certification.com\/index.php\/en\/\" target=\"_blank\" rel=\"noopener\"><img loading=\"lazy\" decoding=\"async\" class=\"alignnone size-full wp-image-113\" src=\"https:\/\/vsv-ijmuiden.nl\/wp-content\/uploads\/2018\/04\/ifs-broker-logo.jpg\" alt=\"\" width=\"107\" height=\"60\" \/><\/a><\/p>\n<\/div><\/section><\/p><\/div>\n<style type=\"text\/css\" data-created_by=\"avia_inline_auto\" id=\"style-css-av-f2dl8-f9f00b35247c0c61476d440bdcd9842f\">\n.flex_column.av-f2dl8-f9f00b35247c0c61476d440bdcd9842f{\nborder-radius:0px 0px 0px 0px;\npadding:0px 0px 0px 0px;\n}\n<\/style>\n<div  class='flex_column av-f2dl8-f9f00b35247c0c61476d440bdcd9842f av_one_third  avia-builder-el-7  el_after_av_two_third  avia-builder-el-last  flex_column_div av-zero-column-padding  '     ><section  class='av_textblock_section av-6wzv0-d884635b9d8ddf4c6453838b00d9b1bd '   itemscope=\"itemscope\" itemtype=\"https:\/\/schema.org\/CreativeWork\" ><div class='avia_textblock'  itemprop=\"text\" ><h4 class=\"shortcode_h5\">Zeevisgroothandel V.S.V.<br \/>\nVan Slooten Vis IJmuiden B.V.<\/h4>\n<p>Vissershavenstraat 35<br \/>\n1976 DB IJmuiden<br \/>\nHolanda<\/p>\n<p><a href=\"mailto:vsv@vsv-ijmuiden.nl\">vsv@vsv-ijmuiden.nl<\/a><\/p>\n<p>Tel. +31 (0) 255 537 576<br \/>\nFax +31 (0) 255 513 729<\/p>\n<\/div><\/section><\/div><\/p>\n","protected":false},"excerpt":{"rendered":"","protected":false},"author":1,"featured_media":166,"parent":0,"menu_order":0,"comment_status":"closed","ping_status":"closed","template":"","meta":{"footnotes":""},"class_list":["post-164","page","type-page","status-publish","has-post-thumbnail","hentry"],"yoast_head":"<!-- This site is optimized with the Yoast SEO plugin v27.5 - https:\/\/yoast.com\/product\/yoast-seo-wordpress\/ -->\n<title>Qualidade | Certificados | V.S.V. Van Slooten Vis IJmuiden<\/title>\n<meta name=\"description\" content=\"A VSV garante a qualidade da cadeia alimentar e a seguran\u00e7a alimentar. A VSV possui as seguintes certifica\u00e7\u00f5es: BRC, IFS, MSC, ASC e Naturland. Todos os anos, estas certifica\u00e7\u00f5es s\u00e3o objeto de uma nova auditoria.\" \/>\n<meta name=\"robots\" content=\"index, follow, max-snippet:-1, max-image-preview:large, max-video-preview:-1\" \/>\n<link rel=\"canonical\" href=\"https:\/\/vsv-ijmuiden.nl\/pt-pt\/qualidade\/\" \/>\n<meta property=\"og:locale\" content=\"pt_PT\" \/>\n<meta property=\"og:type\" content=\"article\" \/>\n<meta property=\"og:title\" content=\"Qualidade | Certificados | V.S.V. Van Slooten Vis IJmuiden\" \/>\n<meta property=\"og:description\" content=\"A VSV garante a qualidade da cadeia alimentar e a seguran\u00e7a alimentar. A VSV possui as seguintes certifica\u00e7\u00f5es: BRC, IFS, MSC, ASC e Naturland. Todos os anos, estas certifica\u00e7\u00f5es s\u00e3o objeto de uma nova auditoria.\" \/>\n<meta property=\"og:url\" content=\"https:\/\/vsv-ijmuiden.nl\/pt-pt\/qualidade\/\" \/>\n<meta property=\"og:site_name\" content=\"Van Slooten Vis IJmuiden\" \/>\n<meta property=\"article:modified_time\" content=\"2026-03-26T15:43:19+00:00\" \/>\n<meta property=\"og:image\" content=\"https:\/\/vsv-ijmuiden.nl\/wp-content\/uploads\/2018\/04\/rode-poon-kwaliteit-1100.jpg\" \/>\n\t<meta property=\"og:image:width\" content=\"1100\" \/>\n\t<meta property=\"og:image:height\" content=\"229\" \/>\n\t<meta property=\"og:image:type\" content=\"image\/jpeg\" \/>\n<meta name=\"twitter:card\" content=\"summary_large_image\" \/>\n<meta name=\"twitter:label1\" content=\"Est. reading time\" \/>\n\t<meta name=\"twitter:data1\" content=\"2 minutes\" \/>\n<script type=\"application\/ld+json\" class=\"yoast-schema-graph\">{\"@context\":\"https:\\\/\\\/schema.org\",\"@graph\":[{\"@type\":\"WebPage\",\"@id\":\"https:\\\/\\\/vsv-ijmuiden.nl\\\/pt-pt\\\/qualidade\\\/\",\"url\":\"https:\\\/\\\/vsv-ijmuiden.nl\\\/pt-pt\\\/qualidade\\\/\",\"name\":\"Qualidade | Certificados | V.S.V. Van Slooten Vis IJmuiden\",\"isPartOf\":{\"@id\":\"https:\\\/\\\/vsv-ijmuiden.nl\\\/#website\"},\"primaryImageOfPage\":{\"@id\":\"https:\\\/\\\/vsv-ijmuiden.nl\\\/pt-pt\\\/qualidade\\\/#primaryimage\"},\"image\":{\"@id\":\"https:\\\/\\\/vsv-ijmuiden.nl\\\/pt-pt\\\/qualidade\\\/#primaryimage\"},\"thumbnailUrl\":\"https:\\\/\\\/vsv-ijmuiden.nl\\\/wp-content\\\/uploads\\\/2018\\\/04\\\/rode-poon-kwaliteit-1100.jpg\",\"datePublished\":\"2018-04-05T18:59:26+00:00\",\"dateModified\":\"2026-03-26T15:43:19+00:00\",\"description\":\"A VSV garante a qualidade da cadeia alimentar e a seguran\u00e7a alimentar. A VSV possui as seguintes certifica\u00e7\u00f5es: BRC, IFS, MSC, ASC e Naturland. Todos os anos, estas certifica\u00e7\u00f5es s\u00e3o objeto de uma nova auditoria.\",\"breadcrumb\":{\"@id\":\"https:\\\/\\\/vsv-ijmuiden.nl\\\/pt-pt\\\/qualidade\\\/#breadcrumb\"},\"inLanguage\":\"pt-PT\",\"potentialAction\":[{\"@type\":\"ReadAction\",\"target\":[\"https:\\\/\\\/vsv-ijmuiden.nl\\\/pt-pt\\\/qualidade\\\/\"]}]},{\"@type\":\"ImageObject\",\"inLanguage\":\"pt-PT\",\"@id\":\"https:\\\/\\\/vsv-ijmuiden.nl\\\/pt-pt\\\/qualidade\\\/#primaryimage\",\"url\":\"https:\\\/\\\/vsv-ijmuiden.nl\\\/wp-content\\\/uploads\\\/2018\\\/04\\\/rode-poon-kwaliteit-1100.jpg\",\"contentUrl\":\"https:\\\/\\\/vsv-ijmuiden.nl\\\/wp-content\\\/uploads\\\/2018\\\/04\\\/rode-poon-kwaliteit-1100.jpg\",\"width\":1100,\"height\":229},{\"@type\":\"BreadcrumbList\",\"@id\":\"https:\\\/\\\/vsv-ijmuiden.nl\\\/pt-pt\\\/qualidade\\\/#breadcrumb\",\"itemListElement\":[{\"@type\":\"ListItem\",\"position\":1,\"name\":\"Home\",\"item\":\"https:\\\/\\\/vsv-ijmuiden.nl\\\/pt-pt\\\/van-slooten-vis-ijmuiden\\\/\"},{\"@type\":\"ListItem\",\"position\":2,\"name\":\"Qualidade\"}]},{\"@type\":\"WebSite\",\"@id\":\"https:\\\/\\\/vsv-ijmuiden.nl\\\/#website\",\"url\":\"https:\\\/\\\/vsv-ijmuiden.nl\\\/\",\"name\":\"Van Slooten Vis IJmuiden\",\"description\":\"\",\"potentialAction\":[{\"@type\":\"SearchAction\",\"target\":{\"@type\":\"EntryPoint\",\"urlTemplate\":\"https:\\\/\\\/vsv-ijmuiden.nl\\\/?s={search_term_string}\"},\"query-input\":{\"@type\":\"PropertyValueSpecification\",\"valueRequired\":true,\"valueName\":\"search_term_string\"}}],\"inLanguage\":\"pt-PT\"}]}<\/script>\n<!-- \/ Yoast SEO plugin. -->","yoast_head_json":{"title":"Qualidade | Certificados | V.S.V. Van Slooten Vis IJmuiden","description":"A VSV garante a qualidade da cadeia alimentar e a seguran\u00e7a alimentar. A VSV possui as seguintes certifica\u00e7\u00f5es: BRC, IFS, MSC, ASC e Naturland. Todos os anos, estas certifica\u00e7\u00f5es s\u00e3o objeto de uma nova auditoria.","robots":{"index":"index","follow":"follow","max-snippet":"max-snippet:-1","max-image-preview":"max-image-preview:large","max-video-preview":"max-video-preview:-1"},"canonical":"https:\/\/vsv-ijmuiden.nl\/pt-pt\/qualidade\/","og_locale":"pt_PT","og_type":"article","og_title":"Qualidade | Certificados | V.S.V. Van Slooten Vis IJmuiden","og_description":"A VSV garante a qualidade da cadeia alimentar e a seguran\u00e7a alimentar. A VSV possui as seguintes certifica\u00e7\u00f5es: BRC, IFS, MSC, ASC e Naturland. Todos os anos, estas certifica\u00e7\u00f5es s\u00e3o objeto de uma nova auditoria.","og_url":"https:\/\/vsv-ijmuiden.nl\/pt-pt\/qualidade\/","og_site_name":"Van Slooten Vis IJmuiden","article_modified_time":"2026-03-26T15:43:19+00:00","og_image":[{"width":1100,"height":229,"url":"https:\/\/vsv-ijmuiden.nl\/wp-content\/uploads\/2018\/04\/rode-poon-kwaliteit-1100.jpg","type":"image\/jpeg"}],"twitter_card":"summary_large_image","twitter_misc":{"Est. reading time":"2 minutes"},"schema":{"@context":"https:\/\/schema.org","@graph":[{"@type":"WebPage","@id":"https:\/\/vsv-ijmuiden.nl\/pt-pt\/qualidade\/","url":"https:\/\/vsv-ijmuiden.nl\/pt-pt\/qualidade\/","name":"Qualidade | Certificados | V.S.V. Van Slooten Vis IJmuiden","isPartOf":{"@id":"https:\/\/vsv-ijmuiden.nl\/#website"},"primaryImageOfPage":{"@id":"https:\/\/vsv-ijmuiden.nl\/pt-pt\/qualidade\/#primaryimage"},"image":{"@id":"https:\/\/vsv-ijmuiden.nl\/pt-pt\/qualidade\/#primaryimage"},"thumbnailUrl":"https:\/\/vsv-ijmuiden.nl\/wp-content\/uploads\/2018\/04\/rode-poon-kwaliteit-1100.jpg","datePublished":"2018-04-05T18:59:26+00:00","dateModified":"2026-03-26T15:43:19+00:00","description":"A VSV garante a qualidade da cadeia alimentar e a seguran\u00e7a alimentar. A VSV possui as seguintes certifica\u00e7\u00f5es: BRC, IFS, MSC, ASC e Naturland. Todos os anos, estas certifica\u00e7\u00f5es s\u00e3o objeto de uma nova auditoria.","breadcrumb":{"@id":"https:\/\/vsv-ijmuiden.nl\/pt-pt\/qualidade\/#breadcrumb"},"inLanguage":"pt-PT","potentialAction":[{"@type":"ReadAction","target":["https:\/\/vsv-ijmuiden.nl\/pt-pt\/qualidade\/"]}]},{"@type":"ImageObject","inLanguage":"pt-PT","@id":"https:\/\/vsv-ijmuiden.nl\/pt-pt\/qualidade\/#primaryimage","url":"https:\/\/vsv-ijmuiden.nl\/wp-content\/uploads\/2018\/04\/rode-poon-kwaliteit-1100.jpg","contentUrl":"https:\/\/vsv-ijmuiden.nl\/wp-content\/uploads\/2018\/04\/rode-poon-kwaliteit-1100.jpg","width":1100,"height":229},{"@type":"BreadcrumbList","@id":"https:\/\/vsv-ijmuiden.nl\/pt-pt\/qualidade\/#breadcrumb","itemListElement":[{"@type":"ListItem","position":1,"name":"Home","item":"https:\/\/vsv-ijmuiden.nl\/pt-pt\/van-slooten-vis-ijmuiden\/"},{"@type":"ListItem","position":2,"name":"Qualidade"}]},{"@type":"WebSite","@id":"https:\/\/vsv-ijmuiden.nl\/#website","url":"https:\/\/vsv-ijmuiden.nl\/","name":"Van Slooten Vis IJmuiden","description":"","potentialAction":[{"@type":"SearchAction","target":{"@type":"EntryPoint","urlTemplate":"https:\/\/vsv-ijmuiden.nl\/?s={search_term_string}"},"query-input":{"@type":"PropertyValueSpecification","valueRequired":true,"valueName":"search_term_string"}}],"inLanguage":"pt-PT"}]}},"_links":{"self":[{"href":"https:\/\/vsv-ijmuiden.nl\/pt-pt\/wp-json\/wp\/v2\/pages\/164","targetHints":{"allow":["GET"]}}],"collection":[{"href":"https:\/\/vsv-ijmuiden.nl\/pt-pt\/wp-json\/wp\/v2\/pages"}],"about":[{"href":"https:\/\/vsv-ijmuiden.nl\/pt-pt\/wp-json\/wp\/v2\/types\/page"}],"author":[{"embeddable":true,"href":"https:\/\/vsv-ijmuiden.nl\/pt-pt\/wp-json\/wp\/v2\/users\/1"}],"replies":[{"embeddable":true,"href":"https:\/\/vsv-ijmuiden.nl\/pt-pt\/wp-json\/wp\/v2\/comments?post=164"}],"version-history":[{"count":11,"href":"https:\/\/vsv-ijmuiden.nl\/pt-pt\/wp-json\/wp\/v2\/pages\/164\/revisions"}],"predecessor-version":[{"id":7408,"href":"https:\/\/vsv-ijmuiden.nl\/pt-pt\/wp-json\/wp\/v2\/pages\/164\/revisions\/7408"}],"wp:featuredmedia":[{"embeddable":true,"href":"https:\/\/vsv-ijmuiden.nl\/pt-pt\/wp-json\/wp\/v2\/media\/166"}],"wp:attachment":[{"href":"https:\/\/vsv-ijmuiden.nl\/pt-pt\/wp-json\/wp\/v2\/media?parent=164"}],"curies":[{"name":"wp","href":"https:\/\/api.w.org\/{rel}","templated":true}]}}