{"id":264,"date":"2018-04-05T18:59:48","date_gmt":"2018-04-05T18:59:48","guid":{"rendered":"https:\/\/vsv-ijmuiden.nl\/nieuws\/"},"modified":"2018-04-09T09:47:38","modified_gmt":"2018-04-09T09:47:38","slug":"noticias","status":"publish","type":"page","link":"https:\/\/vsv-ijmuiden.nl\/pt-pt\/noticias\/","title":{"rendered":"Not\u00edcias"},"content":{"rendered":"\n<style type=\"text\/css\" data-created_by=\"avia_inline_auto\" id=\"style-css-av-av_two_third-15d750bd1b332b34c6e70b077ebbccdf\">\n.flex_column.av-av_two_third-15d750bd1b332b34c6e70b077ebbccdf{\nborder-radius:0px 0px 0px 0px;\npadding:0px 0px 0px 0px;\n}\n<\/style>\n<div  class='flex_column av-av_two_third-15d750bd1b332b34c6e70b077ebbccdf av_two_third  avia-builder-el-0  el_before_av_one_third  avia-builder-el-first  first flex_column_div av-zero-column-padding  '     ><div  class='av-alb-blogposts template-blog  av-blog-meta-author-disabled av-blog-meta-comments-disabled av-blog-meta-html-info-disabled av-blog-meta-tag-disabled '  itemscope=\"itemscope\" itemtype=\"https:\/\/schema.org\/Blog\" ><article class=\"post-entry post-entry-type-standard post-entry-6597 post-loop-1 post-parity-odd single-big  post-6597 post type-post status-publish format-standard hentry category-geral\"  itemscope=\"itemscope\" itemtype=\"https:\/\/schema.org\/BlogPosting\" ><div class=\"blog-meta\"><\/div><div class='entry-content-wrapper clearfix standard-content'><header class=\"entry-content-header\" aria-label=\"Post: IFS audit 2018\"><h2 class='post-title entry-title '  itemprop=\"headline\" ><a href=\"https:\/\/vsv-ijmuiden.nl\/pt-pt\/ifs-audit-2018\/\" rel=\"bookmark\" title=\"Permanent Link: IFS audit 2018\">IFS audit 2018<span class=\"post-format-icon minor-meta\"><\/span><\/a><\/h2><span class=\"post-meta-infos\"><time class=\"date-container minor-meta updated\"  itemprop=\"datePublished\" datetime=\"2018-10-04T13:55:28+02:00\" >4 October 2018<\/time><span class=\"text-sep\">\/<\/span><span class=\"blog-categories minor-meta\">in <a href=\"https:\/\/vsv-ijmuiden.nl\/pt-pt\/category\/geral\/\" rel=\"tag\">Geral<\/a><\/span><\/span><\/header><div class=\"entry-content\"  itemprop=\"text\" ><p>VsV obt\u00e9m de novo em 2018 as certifica\u00e7\u00f5es IFS Broker Higher Level e IFS Food Higher Level.<\/p>\n<\/div><footer class=\"entry-footer\"><\/footer><div class='post_delimiter'><\/div><\/div><div class=\"post_author_timeline\"><\/div><span class='hidden'>\n\t\t\t\t<span class='av-structured-data'  itemprop=\"image\" itemscope=\"itemscope\" itemtype=\"https:\/\/schema.org\/ImageObject\" >\n\t\t\t\t\t\t<span itemprop='url'>https:\/\/vsv-ijmuiden.nl\/wp-content\/uploads\/2018\/04\/van-slooten-vis-logo-100.png<\/span>\n\t\t\t\t\t\t<span itemprop='height'>0<\/span>\n\t\t\t\t\t\t<span itemprop='width'>0<\/span>\n\t\t\t\t<\/span>\n\t\t\t\t<span class='av-structured-data'  itemprop=\"publisher\" itemtype=\"https:\/\/schema.org\/Organization\" itemscope=\"itemscope\" >\n\t\t\t\t\t\t<span itemprop='name'>VSV Van Slooten Vis<\/span>\n\t\t\t\t\t\t<span itemprop='logo' itemscope itemtype='https:\/\/schema.org\/ImageObject'>\n\t\t\t\t\t\t\t<span itemprop='url'>https:\/\/vsv-ijmuiden.nl\/wp-content\/uploads\/2018\/04\/van-slooten-vis-logo-100.png<\/span>\n\t\t\t\t\t\t<\/span>\n\t\t\t\t<\/span><span class='av-structured-data'  itemprop=\"author\" itemscope=\"itemscope\" itemtype=\"https:\/\/schema.org\/Person\" ><span itemprop='name'>VSV Van Slooten Vis<\/span><\/span><span class='av-structured-data'  itemprop=\"datePublished\" datetime=\"2018-10-04T13:55:28+02:00\" >2018-10-04 13:55:28<\/span><span class='av-structured-data'  itemprop=\"dateModified\" itemtype=\"https:\/\/schema.org\/dateModified\" >2018-10-04 13:55:28<\/span><span class='av-structured-data'  itemprop=\"mainEntityOfPage\" itemtype=\"https:\/\/schema.org\/mainEntityOfPage\" ><span itemprop='name'>IFS audit 2018<\/span><\/span><\/span><\/article><article class=\"post-entry post-entry-type-standard post-entry-6509 post-loop-2 post-parity-even single-big  post-6509 post type-post status-publish format-standard hentry category-geral\"  itemscope=\"itemscope\" itemtype=\"https:\/\/schema.org\/BlogPosting\" ><div class=\"blog-meta\"><\/div><div class='entry-content-wrapper clearfix standard-content'><header class=\"entry-content-header\" aria-label=\"Post: VsV obt\u00e9m de novo em 2017 as certifica\u00e7\u00f5es\"><h2 class='post-title entry-title '  itemprop=\"headline\" ><a href=\"https:\/\/vsv-ijmuiden.nl\/pt-pt\/vsv-obtem-de-novo-em-2017-as-certificacoes\/\" rel=\"bookmark\" title=\"Permanent Link: VsV obt\u00e9m de novo em 2017 as certifica\u00e7\u00f5es\">VsV obt\u00e9m de novo em 2017 as certifica\u00e7\u00f5es<span class=\"post-format-icon minor-meta\"><\/span><\/a><\/h2><span class=\"post-meta-infos\"><time class=\"date-container minor-meta updated\"  itemprop=\"datePublished\" datetime=\"2018-07-05T14:44:53+02:00\" >5 July 2018<\/time><span class=\"text-sep\">\/<\/span><span class=\"blog-categories minor-meta\">in <a href=\"https:\/\/vsv-ijmuiden.nl\/pt-pt\/category\/geral\/\" rel=\"tag\">Geral<\/a><\/span><\/span><\/header><div class=\"entry-content\"  itemprop=\"text\" ><p>VsV obt\u00e9m de novo em 2017 as certifica\u00e7\u00f5es BRC grade AA 2017, IFS Broker Higher Level, IFS Food Higher Level, MSC, Naturland e ASC.<\/p>\n<\/div><footer class=\"entry-footer\"><\/footer><div class='post_delimiter'><\/div><\/div><div class=\"post_author_timeline\"><\/div><span class='hidden'>\n\t\t\t\t<span class='av-structured-data'  itemprop=\"image\" itemscope=\"itemscope\" itemtype=\"https:\/\/schema.org\/ImageObject\" >\n\t\t\t\t\t\t<span itemprop='url'>https:\/\/vsv-ijmuiden.nl\/wp-content\/uploads\/2018\/04\/van-slooten-vis-logo-100.png<\/span>\n\t\t\t\t\t\t<span itemprop='height'>0<\/span>\n\t\t\t\t\t\t<span itemprop='width'>0<\/span>\n\t\t\t\t<\/span>\n\t\t\t\t<span class='av-structured-data'  itemprop=\"publisher\" itemtype=\"https:\/\/schema.org\/Organization\" itemscope=\"itemscope\" >\n\t\t\t\t\t\t<span itemprop='name'>VSV Van Slooten Vis<\/span>\n\t\t\t\t\t\t<span itemprop='logo' itemscope itemtype='https:\/\/schema.org\/ImageObject'>\n\t\t\t\t\t\t\t<span itemprop='url'>https:\/\/vsv-ijmuiden.nl\/wp-content\/uploads\/2018\/04\/van-slooten-vis-logo-100.png<\/span>\n\t\t\t\t\t\t<\/span>\n\t\t\t\t<\/span><span class='av-structured-data'  itemprop=\"author\" itemscope=\"itemscope\" itemtype=\"https:\/\/schema.org\/Person\" ><span itemprop='name'>VSV Van Slooten Vis<\/span><\/span><span class='av-structured-data'  itemprop=\"datePublished\" datetime=\"2018-07-05T14:44:53+02:00\" >2018-07-05 14:44:53<\/span><span class='av-structured-data'  itemprop=\"dateModified\" itemtype=\"https:\/\/schema.org\/dateModified\" >2018-07-05 14:45:17<\/span><span class='av-structured-data'  itemprop=\"mainEntityOfPage\" itemtype=\"https:\/\/schema.org\/mainEntityOfPage\" ><span itemprop='name'>VsV obt\u00e9m de novo em 2017 as certifica\u00e7\u00f5es<\/span><\/span><\/span><\/article><article class=\"post-entry post-entry-type-standard post-entry-6078 post-loop-3 post-parity-odd single-big  post-6078 post type-post status-publish format-standard hentry category-geral\"  itemscope=\"itemscope\" itemtype=\"https:\/\/schema.org\/BlogPosting\" ><div class=\"blog-meta\"><\/div><div class='entry-content-wrapper clearfix standard-content'><header class=\"entry-content-header\" aria-label=\"Post: VsV obt\u00e9m de novo em 2016 as certifica\u00e7\u00f5es BRC (grade A), IFS Food e IFS Broker (Higher Level)!\"><h2 class='post-title entry-title '  itemprop=\"headline\" ><a href=\"https:\/\/vsv-ijmuiden.nl\/pt-pt\/vsv-obtem-de-novo-em-2016-as-certificacoes-brc-grade-a-ifs-food-e-ifs-broker-higher-level\/\" rel=\"bookmark\" title=\"Permanent Link: VsV obt\u00e9m de novo em 2016 as certifica\u00e7\u00f5es BRC (grade A), IFS Food e IFS Broker (Higher Level)!\">VsV obt\u00e9m de novo em 2016 as certifica\u00e7\u00f5es BRC (grade A), IFS Food e IFS Broker (Higher Level)!<span class=\"post-format-icon minor-meta\"><\/span><\/a><\/h2><span class=\"post-meta-infos\"><time class=\"date-container minor-meta updated\"  itemprop=\"datePublished\" datetime=\"2016-11-24T10:43:00+01:00\" >24 November 2016<\/time><span class=\"text-sep\">\/<\/span><span class=\"blog-categories minor-meta\">in <a href=\"https:\/\/vsv-ijmuiden.nl\/pt-pt\/category\/geral\/\" rel=\"tag\">Geral<\/a><\/span><\/span><\/header><div class=\"entry-content\"  itemprop=\"text\" ><\/div><footer class=\"entry-footer\"><\/footer><div class='post_delimiter'><\/div><\/div><div class=\"post_author_timeline\"><\/div><span class='hidden'>\n\t\t\t\t<span class='av-structured-data'  itemprop=\"image\" itemscope=\"itemscope\" itemtype=\"https:\/\/schema.org\/ImageObject\" >\n\t\t\t\t\t\t<span itemprop='url'>https:\/\/vsv-ijmuiden.nl\/wp-content\/uploads\/2018\/04\/van-slooten-vis-logo-100.png<\/span>\n\t\t\t\t\t\t<span itemprop='height'>0<\/span>\n\t\t\t\t\t\t<span itemprop='width'>0<\/span>\n\t\t\t\t<\/span>\n\t\t\t\t<span class='av-structured-data'  itemprop=\"publisher\" itemtype=\"https:\/\/schema.org\/Organization\" itemscope=\"itemscope\" >\n\t\t\t\t\t\t<span itemprop='name'>VSV Van Slooten Vis<\/span>\n\t\t\t\t\t\t<span itemprop='logo' itemscope itemtype='https:\/\/schema.org\/ImageObject'>\n\t\t\t\t\t\t\t<span itemprop='url'>https:\/\/vsv-ijmuiden.nl\/wp-content\/uploads\/2018\/04\/van-slooten-vis-logo-100.png<\/span>\n\t\t\t\t\t\t<\/span>\n\t\t\t\t<\/span><span class='av-structured-data'  itemprop=\"author\" itemscope=\"itemscope\" itemtype=\"https:\/\/schema.org\/Person\" ><span itemprop='name'>VSV Van Slooten Vis<\/span><\/span><span class='av-structured-data'  itemprop=\"datePublished\" datetime=\"2016-11-24T10:43:00+01:00\" >2016-11-24 10:43:00<\/span><span class='av-structured-data'  itemprop=\"dateModified\" itemtype=\"https:\/\/schema.org\/dateModified\" >2018-04-09 09:42:07<\/span><span class='av-structured-data'  itemprop=\"mainEntityOfPage\" itemtype=\"https:\/\/schema.org\/mainEntityOfPage\" ><span itemprop='name'>VsV obt\u00e9m de novo em 2016 as certifica\u00e7\u00f5es BRC (grade A), IFS Food e IFS Broker (Higher Level)!<\/span><\/span><\/span><\/article><article class=\"post-entry post-entry-type-standard post-entry-1821 post-loop-4 post-parity-even single-big  post-1821 post type-post status-publish format-standard hentry category-geral\"  itemscope=\"itemscope\" itemtype=\"https:\/\/schema.org\/BlogPosting\" ><div class=\"blog-meta\"><\/div><div class='entry-content-wrapper clearfix standard-content'><header class=\"entry-content-header\" aria-label=\"Post: VsV obt\u00e9m de novo em 2015 as certifica\u00e7\u00f5es BRC, IFS Food e IFS Broker!\"><h2 class='post-title entry-title '  itemprop=\"headline\" ><a href=\"https:\/\/vsv-ijmuiden.nl\/pt-pt\/vsv-obtem-de-novo-em-2015-as-certificacoes-brc-ifs-food-e-ifs-brooker\/\" rel=\"bookmark\" title=\"Permanent Link: VsV obt\u00e9m de novo em 2015 as certifica\u00e7\u00f5es BRC, IFS Food e IFS Broker!\">VsV obt\u00e9m de novo em 2015 as certifica\u00e7\u00f5es BRC, IFS Food e IFS Broker!<span class=\"post-format-icon minor-meta\"><\/span><\/a><\/h2><span class=\"post-meta-infos\"><time class=\"date-container minor-meta updated\"  itemprop=\"datePublished\" datetime=\"2015-11-05T09:51:51+01:00\" >5 November 2015<\/time><span class=\"text-sep\">\/<\/span><span class=\"blog-categories minor-meta\">in <a href=\"https:\/\/vsv-ijmuiden.nl\/pt-pt\/category\/geral\/\" rel=\"tag\">Geral<\/a><\/span><\/span><\/header><div class=\"entry-content\"  itemprop=\"text\" ><\/div><footer class=\"entry-footer\"><\/footer><div class='post_delimiter'><\/div><\/div><div class=\"post_author_timeline\"><\/div><span class='hidden'>\n\t\t\t\t<span class='av-structured-data'  itemprop=\"image\" itemscope=\"itemscope\" itemtype=\"https:\/\/schema.org\/ImageObject\" >\n\t\t\t\t\t\t<span itemprop='url'>https:\/\/vsv-ijmuiden.nl\/wp-content\/uploads\/2018\/04\/van-slooten-vis-logo-100.png<\/span>\n\t\t\t\t\t\t<span itemprop='height'>0<\/span>\n\t\t\t\t\t\t<span itemprop='width'>0<\/span>\n\t\t\t\t<\/span>\n\t\t\t\t<span class='av-structured-data'  itemprop=\"publisher\" itemtype=\"https:\/\/schema.org\/Organization\" itemscope=\"itemscope\" >\n\t\t\t\t\t\t<span itemprop='name'>VSV Van Slooten Vis<\/span>\n\t\t\t\t\t\t<span itemprop='logo' itemscope itemtype='https:\/\/schema.org\/ImageObject'>\n\t\t\t\t\t\t\t<span itemprop='url'>https:\/\/vsv-ijmuiden.nl\/wp-content\/uploads\/2018\/04\/van-slooten-vis-logo-100.png<\/span>\n\t\t\t\t\t\t<\/span>\n\t\t\t\t<\/span><span class='av-structured-data'  itemprop=\"author\" itemscope=\"itemscope\" itemtype=\"https:\/\/schema.org\/Person\" ><span itemprop='name'>VSV Van Slooten Vis<\/span><\/span><span class='av-structured-data'  itemprop=\"datePublished\" datetime=\"2015-11-05T09:51:51+01:00\" >2015-11-05 09:51:51<\/span><span class='av-structured-data'  itemprop=\"dateModified\" itemtype=\"https:\/\/schema.org\/dateModified\" >2018-04-09 09:42:14<\/span><span class='av-structured-data'  itemprop=\"mainEntityOfPage\" itemtype=\"https:\/\/schema.org\/mainEntityOfPage\" ><span itemprop='name'>VsV obt\u00e9m de novo em 2015 as certifica\u00e7\u00f5es BRC, IFS Food e IFS Broker!<\/span><\/span><\/span><\/article><article class=\"post-entry post-entry-type-standard post-entry-1696 post-loop-5 post-parity-odd single-big  post-1696 post type-post status-publish format-standard has-post-thumbnail hentry category-geral\"  itemscope=\"itemscope\" itemtype=\"https:\/\/schema.org\/BlogPosting\" ><div class=\"blog-meta\"><\/div><div class='entry-content-wrapper clearfix standard-content'><header class=\"entry-content-header\" aria-label=\"Post: VsV obt\u00e9m de novo em 2014 as certifica\u00e7\u00f5es BRC e IFS!\"><h2 class='post-title entry-title '  itemprop=\"headline\" ><a href=\"https:\/\/vsv-ijmuiden.nl\/pt-pt\/vsv-obtem-de-novo-em-2014-certificacoes-brc-e-ifs\/\" rel=\"bookmark\" title=\"Permanent Link: VsV obt\u00e9m de novo em 2014 as certifica\u00e7\u00f5es BRC e IFS!\">VsV obt\u00e9m de novo em 2014 as certifica\u00e7\u00f5es BRC e IFS!<span class=\"post-format-icon minor-meta\"><\/span><\/a><\/h2><span class=\"post-meta-infos\"><time class=\"date-container minor-meta updated\"  itemprop=\"datePublished\" datetime=\"2014-04-04T12:23:27+02:00\" >4 April 2014<\/time><span class=\"text-sep\">\/<\/span><span class=\"blog-categories minor-meta\">in <a href=\"https:\/\/vsv-ijmuiden.nl\/pt-pt\/category\/geral\/\" rel=\"tag\">Geral<\/a><\/span><\/span><\/header><div class=\"entry-content\"  itemprop=\"text\" ><p>Para garantir a seguran\u00e7a alimentar do peixe que embala, a VsV \u00e9 titular das certifica\u00e7\u00f5es de seguran\u00e7a alimentar British Retail Consortium (BRC) e International Food Standard (IFS). No \u00e2mbito dessas certifica\u00e7\u00f5es realiza-se todos os anos uma auditoria para decidir novamente a atribui\u00e7\u00e3o dos certificados. No passado dia 1 de abril de 2014 foram prorrogadas a certifica\u00e7\u00e3o BRC de N\u00edvel A e a certifica\u00e7\u00e3o IFS de N\u00edvel Superior.<\/p>\n<p> <a href=\"https:\/\/vsv-ijmuiden.nl\/pt-pt\/vsv-obtem-de-novo-em-2014-certificacoes-brc-e-ifs\/\" class=\"more-link\">Read more<span class=\"more-link-arrow\"><\/span><\/a><\/p>\n<\/div><footer class=\"entry-footer\"><\/footer><div class='post_delimiter'><\/div><\/div><div class=\"post_author_timeline\"><\/div><span class='hidden'>\n\t\t\t\t<span class='av-structured-data'  itemprop=\"image\" itemscope=\"itemscope\" itemtype=\"https:\/\/schema.org\/ImageObject\" >\n\t\t\t\t\t\t<span itemprop='url'><\/span>\n\t\t\t\t\t\t<span itemprop='height'>0<\/span>\n\t\t\t\t\t\t<span itemprop='width'>0<\/span>\n\t\t\t\t<\/span>\n\t\t\t\t<span class='av-structured-data'  itemprop=\"publisher\" itemtype=\"https:\/\/schema.org\/Organization\" itemscope=\"itemscope\" >\n\t\t\t\t\t\t<span itemprop='name'>VSV Van Slooten Vis<\/span>\n\t\t\t\t\t\t<span itemprop='logo' itemscope itemtype='https:\/\/schema.org\/ImageObject'>\n\t\t\t\t\t\t\t<span itemprop='url'>https:\/\/vsv-ijmuiden.nl\/wp-content\/uploads\/2018\/04\/van-slooten-vis-logo-100.png<\/span>\n\t\t\t\t\t\t<\/span>\n\t\t\t\t<\/span><span class='av-structured-data'  itemprop=\"author\" itemscope=\"itemscope\" itemtype=\"https:\/\/schema.org\/Person\" ><span itemprop='name'>VSV Van Slooten Vis<\/span><\/span><span class='av-structured-data'  itemprop=\"datePublished\" datetime=\"2014-04-04T12:23:27+02:00\" >2014-04-04 12:23:27<\/span><span class='av-structured-data'  itemprop=\"dateModified\" itemtype=\"https:\/\/schema.org\/dateModified\" >2018-04-10 10:35:06<\/span><span class='av-structured-data'  itemprop=\"mainEntityOfPage\" itemtype=\"https:\/\/schema.org\/mainEntityOfPage\" ><span itemprop='name'>VsV obt\u00e9m de novo em 2014 as certifica\u00e7\u00f5es BRC e IFS!<\/span><\/span><\/span><\/article><article class=\"post-entry post-entry-type-standard post-entry-1712 post-loop-6 post-parity-even post-entry-last single-big  post-1712 post type-post status-publish format-standard hentry category-geral\"  itemscope=\"itemscope\" itemtype=\"https:\/\/schema.org\/BlogPosting\" ><div class=\"blog-meta\"><\/div><div class='entry-content-wrapper clearfix standard-content'><header class=\"entry-content-header\" aria-label=\"Post: Patroc\u00ednio\"><h2 class='post-title entry-title '  itemprop=\"headline\" ><a href=\"https:\/\/vsv-ijmuiden.nl\/pt-pt\/patrocinio-2\/\" rel=\"bookmark\" title=\"Permanent Link: Patroc\u00ednio\">Patroc\u00ednio<span class=\"post-format-icon minor-meta\"><\/span><\/a><\/h2><span class=\"post-meta-infos\"><time class=\"date-container minor-meta updated\"  itemprop=\"datePublished\" datetime=\"2014-04-01T12:39:30+02:00\" >1 April 2014<\/time><span class=\"text-sep\">\/<\/span><span class=\"blog-categories minor-meta\">in <a href=\"https:\/\/vsv-ijmuiden.nl\/pt-pt\/category\/geral\/\" rel=\"tag\">Geral<\/a><\/span><\/span><\/header><div class=\"entry-content\"  itemprop=\"text\" ><p>Gostamos de apoiar entidades e funda\u00e7\u00f5es socialmente respons\u00e1veis. Por isso temos o maior prazer em patrocinar a funda\u00e7\u00e3o \u201cEr is Geloof, Hoop en Liefde\u201d [Porque a f\u00e9, a esperan\u00e7a e o amor existem].<\/p>\n<p>Esta funda\u00e7\u00e3o dedica-se \u00e0s pessoas que vivem do rendimento m\u00ednimo no munic\u00edpio de Langedijk e presta-lhes aux\u00edlio em tempos dif\u00edceis. <\/p>\n<p><img loading=\"lazy\" decoding=\"async\" alt=\"hoop-en-liefde\" src=\"https:\/\/vsv-ijmuiden.nl\/wp-content\/uploads\/2014\/04\/hoop-en-liefde.png\" width=\"181\" height=\"209\" \/><\/p>\n<\/div><footer class=\"entry-footer\"><\/footer><div class='post_delimiter'><\/div><\/div><div class=\"post_author_timeline\"><\/div><span class='hidden'>\n\t\t\t\t<span class='av-structured-data'  itemprop=\"image\" itemscope=\"itemscope\" itemtype=\"https:\/\/schema.org\/ImageObject\" >\n\t\t\t\t\t\t<span itemprop='url'>https:\/\/vsv-ijmuiden.nl\/wp-content\/uploads\/2018\/04\/van-slooten-vis-logo-100.png<\/span>\n\t\t\t\t\t\t<span itemprop='height'>0<\/span>\n\t\t\t\t\t\t<span itemprop='width'>0<\/span>\n\t\t\t\t<\/span>\n\t\t\t\t<span class='av-structured-data'  itemprop=\"publisher\" itemtype=\"https:\/\/schema.org\/Organization\" itemscope=\"itemscope\" >\n\t\t\t\t\t\t<span itemprop='name'>VSV Van Slooten Vis<\/span>\n\t\t\t\t\t\t<span itemprop='logo' itemscope itemtype='https:\/\/schema.org\/ImageObject'>\n\t\t\t\t\t\t\t<span itemprop='url'>https:\/\/vsv-ijmuiden.nl\/wp-content\/uploads\/2018\/04\/van-slooten-vis-logo-100.png<\/span>\n\t\t\t\t\t\t<\/span>\n\t\t\t\t<\/span><span class='av-structured-data'  itemprop=\"author\" itemscope=\"itemscope\" itemtype=\"https:\/\/schema.org\/Person\" ><span itemprop='name'>VSV Van Slooten Vis<\/span><\/span><span class='av-structured-data'  itemprop=\"datePublished\" datetime=\"2014-04-01T12:39:30+02:00\" >2014-04-01 12:39:30<\/span><span class='av-structured-data'  itemprop=\"dateModified\" itemtype=\"https:\/\/schema.org\/dateModified\" >2018-04-09 09:42:27<\/span><span class='av-structured-data'  itemprop=\"mainEntityOfPage\" itemtype=\"https:\/\/schema.org\/mainEntityOfPage\" ><span itemprop='name'>Patroc\u00ednio<\/span><\/span><\/span><\/article><div class='single-big'><\/div><\/div><\/div>\n<style type=\"text\/css\" data-created_by=\"avia_inline_auto\" id=\"style-css-av-av_one_third-c8fc129dc35fd1ae2a1e410224d39ea8\">\n.flex_column.av-av_one_third-c8fc129dc35fd1ae2a1e410224d39ea8{\nborder-radius:0px 0px 0px 0px;\npadding:0px 0px 0px 0px;\n}\n<\/style>\n<div  class='flex_column av-av_one_third-c8fc129dc35fd1ae2a1e410224d39ea8 av_one_third flex_column_div av-zero-column-padding  '     ><section  class='av_textblock_section av-av_textblock-2de302bf1aa3cf4c9157dbe6f50ac7eb '   itemscope=\"itemscope\" itemtype=\"https:\/\/schema.org\/BlogPosting\" itemprop=\"blogPost\" ><div class='avia_textblock'  itemprop=\"text\" ><h4 class=\"shortcode_h5\">Zeevisgroothandel V.S.V.<br \/>\nVan Slooten Vis IJmuiden B.V.<\/h4>\n<p>Vissershavenstraat 35<br \/>\n1976 DB IJmuiden<br \/>\nHolanda<\/p>\n<p><a href=\"mailto:vsv@vsv-ijmuiden.nl\">vsv@vsv-ijmuiden.nl<\/a><\/p>\n<p>Tel. +31 (0) 255 537 576<br \/>\nFax +31 (0) 255 513 729<\/p>\n<\/div><\/section><\/div><\/p>\n","protected":false},"excerpt":{"rendered":"","protected":false},"author":1,"featured_media":0,"parent":0,"menu_order":0,"comment_status":"closed","ping_status":"closed","template":"","meta":{"footnotes":""},"class_list":["post-264","page","type-page","status-publish","hentry"],"yoast_head":"<!-- This site is optimized with the Yoast SEO plugin v27.4 - https:\/\/yoast.com\/product\/yoast-seo-wordpress\/ -->\n<title>Not\u00edcias - Van Slooten Vis IJmuiden<\/title>\n<meta name=\"robots\" content=\"index, follow, max-snippet:-1, max-image-preview:large, max-video-preview:-1\" \/>\n<link rel=\"canonical\" href=\"https:\/\/vsv-ijmuiden.nl\/pt-pt\/noticias\/\" \/>\n<meta property=\"og:locale\" content=\"pt_PT\" \/>\n<meta property=\"og:type\" content=\"article\" \/>\n<meta property=\"og:title\" content=\"Not\u00edcias - Van Slooten Vis IJmuiden\" \/>\n<meta property=\"og:url\" content=\"https:\/\/vsv-ijmuiden.nl\/pt-pt\/noticias\/\" \/>\n<meta property=\"og:site_name\" content=\"Van Slooten Vis IJmuiden\" \/>\n<meta property=\"article:modified_time\" content=\"2018-04-09T09:47:38+00:00\" \/>\n<meta name=\"twitter:card\" content=\"summary_large_image\" \/>\n<meta name=\"twitter:label1\" content=\"Est. reading time\" \/>\n\t<meta name=\"twitter:data1\" content=\"1 minute\" \/>\n<script type=\"application\/ld+json\" class=\"yoast-schema-graph\">{\"@context\":\"https:\\\/\\\/schema.org\",\"@graph\":[{\"@type\":\"WebPage\",\"@id\":\"https:\\\/\\\/vsv-ijmuiden.nl\\\/pt-pt\\\/noticias\\\/\",\"url\":\"https:\\\/\\\/vsv-ijmuiden.nl\\\/pt-pt\\\/noticias\\\/\",\"name\":\"Not\u00edcias - Van Slooten Vis IJmuiden\",\"isPartOf\":{\"@id\":\"https:\\\/\\\/vsv-ijmuiden.nl\\\/#website\"},\"datePublished\":\"2018-04-05T18:59:48+00:00\",\"dateModified\":\"2018-04-09T09:47:38+00:00\",\"breadcrumb\":{\"@id\":\"https:\\\/\\\/vsv-ijmuiden.nl\\\/pt-pt\\\/noticias\\\/#breadcrumb\"},\"inLanguage\":\"pt-PT\",\"potentialAction\":[{\"@type\":\"ReadAction\",\"target\":[\"https:\\\/\\\/vsv-ijmuiden.nl\\\/pt-pt\\\/noticias\\\/\"]}]},{\"@type\":\"BreadcrumbList\",\"@id\":\"https:\\\/\\\/vsv-ijmuiden.nl\\\/pt-pt\\\/noticias\\\/#breadcrumb\",\"itemListElement\":[{\"@type\":\"ListItem\",\"position\":1,\"name\":\"Home\",\"item\":\"https:\\\/\\\/vsv-ijmuiden.nl\\\/pt-pt\\\/van-slooten-vis-ijmuiden\\\/\"},{\"@type\":\"ListItem\",\"position\":2,\"name\":\"Not\u00edcias\"}]},{\"@type\":\"WebSite\",\"@id\":\"https:\\\/\\\/vsv-ijmuiden.nl\\\/#website\",\"url\":\"https:\\\/\\\/vsv-ijmuiden.nl\\\/\",\"name\":\"Van Slooten Vis IJmuiden\",\"description\":\"\",\"potentialAction\":[{\"@type\":\"SearchAction\",\"target\":{\"@type\":\"EntryPoint\",\"urlTemplate\":\"https:\\\/\\\/vsv-ijmuiden.nl\\\/?s={search_term_string}\"},\"query-input\":{\"@type\":\"PropertyValueSpecification\",\"valueRequired\":true,\"valueName\":\"search_term_string\"}}],\"inLanguage\":\"pt-PT\"}]}<\/script>\n<!-- \/ Yoast SEO plugin. -->","yoast_head_json":{"title":"Not\u00edcias - Van Slooten Vis IJmuiden","robots":{"index":"index","follow":"follow","max-snippet":"max-snippet:-1","max-image-preview":"max-image-preview:large","max-video-preview":"max-video-preview:-1"},"canonical":"https:\/\/vsv-ijmuiden.nl\/pt-pt\/noticias\/","og_locale":"pt_PT","og_type":"article","og_title":"Not\u00edcias - Van Slooten Vis IJmuiden","og_url":"https:\/\/vsv-ijmuiden.nl\/pt-pt\/noticias\/","og_site_name":"Van Slooten Vis IJmuiden","article_modified_time":"2018-04-09T09:47:38+00:00","twitter_card":"summary_large_image","twitter_misc":{"Est. reading time":"1 minute"},"schema":{"@context":"https:\/\/schema.org","@graph":[{"@type":"WebPage","@id":"https:\/\/vsv-ijmuiden.nl\/pt-pt\/noticias\/","url":"https:\/\/vsv-ijmuiden.nl\/pt-pt\/noticias\/","name":"Not\u00edcias - Van Slooten Vis IJmuiden","isPartOf":{"@id":"https:\/\/vsv-ijmuiden.nl\/#website"},"datePublished":"2018-04-05T18:59:48+00:00","dateModified":"2018-04-09T09:47:38+00:00","breadcrumb":{"@id":"https:\/\/vsv-ijmuiden.nl\/pt-pt\/noticias\/#breadcrumb"},"inLanguage":"pt-PT","potentialAction":[{"@type":"ReadAction","target":["https:\/\/vsv-ijmuiden.nl\/pt-pt\/noticias\/"]}]},{"@type":"BreadcrumbList","@id":"https:\/\/vsv-ijmuiden.nl\/pt-pt\/noticias\/#breadcrumb","itemListElement":[{"@type":"ListItem","position":1,"name":"Home","item":"https:\/\/vsv-ijmuiden.nl\/pt-pt\/van-slooten-vis-ijmuiden\/"},{"@type":"ListItem","position":2,"name":"Not\u00edcias"}]},{"@type":"WebSite","@id":"https:\/\/vsv-ijmuiden.nl\/#website","url":"https:\/\/vsv-ijmuiden.nl\/","name":"Van Slooten Vis IJmuiden","description":"","potentialAction":[{"@type":"SearchAction","target":{"@type":"EntryPoint","urlTemplate":"https:\/\/vsv-ijmuiden.nl\/?s={search_term_string}"},"query-input":{"@type":"PropertyValueSpecification","valueRequired":true,"valueName":"search_term_string"}}],"inLanguage":"pt-PT"}]}},"_links":{"self":[{"href":"https:\/\/vsv-ijmuiden.nl\/pt-pt\/wp-json\/wp\/v2\/pages\/264","targetHints":{"allow":["GET"]}}],"collection":[{"href":"https:\/\/vsv-ijmuiden.nl\/pt-pt\/wp-json\/wp\/v2\/pages"}],"about":[{"href":"https:\/\/vsv-ijmuiden.nl\/pt-pt\/wp-json\/wp\/v2\/types\/page"}],"author":[{"embeddable":true,"href":"https:\/\/vsv-ijmuiden.nl\/pt-pt\/wp-json\/wp\/v2\/users\/1"}],"replies":[{"embeddable":true,"href":"https:\/\/vsv-ijmuiden.nl\/pt-pt\/wp-json\/wp\/v2\/comments?post=264"}],"version-history":[{"count":4,"href":"https:\/\/vsv-ijmuiden.nl\/pt-pt\/wp-json\/wp\/v2\/pages\/264\/revisions"}],"predecessor-version":[{"id":285,"href":"https:\/\/vsv-ijmuiden.nl\/pt-pt\/wp-json\/wp\/v2\/pages\/264\/revisions\/285"}],"wp:attachment":[{"href":"https:\/\/vsv-ijmuiden.nl\/pt-pt\/wp-json\/wp\/v2\/media?parent=264"}],"curies":[{"name":"wp","href":"https:\/\/api.w.org\/{rel}","templated":true}]}}