{"id":7144,"date":"2022-09-27T13:22:21","date_gmt":"2022-09-27T13:22:21","guid":{"rendered":"https:\/\/vsv-ijmuiden.nl\/duurzaamheid\/"},"modified":"2022-10-13T08:38:50","modified_gmt":"2022-10-13T08:38:50","slug":"sustentabilidade","status":"publish","type":"page","link":"https:\/\/vsv-ijmuiden.nl\/pt-pt\/sustentabilidade\/","title":{"rendered":"Sustentabilidade"},"content":{"rendered":"<div id='layer_slider_1'  class='avia-layerslider main_color avia-shadow  avia-builder-el-0  el_before_av_two_third  avia-builder-el-first  container_wrap fullsize'  style='height: 231px; max-width: 1100px; margin: 0 auto;'  ><\/div><div id='after_layer_slider_1'  class='main_color av_default_container_wrap container_wrap fullsize'  ><div class='container av-section-cont-open' ><div class='template-page content  av-content-full alpha units'><div class='post-entry post-entry-type-page post-entry-7144'><div class='entry-content-wrapper clearfix'>\n\n<style type=\"text\/css\" data-created_by=\"avia_inline_auto\" id=\"style-css-av-6cfj55-43e54b3e4da419ee2c74423b6146f4d7\">\n.flex_column.av-6cfj55-43e54b3e4da419ee2c74423b6146f4d7{\nborder-radius:0px 0px 0px 0px;\npadding:0px 0px 0px 0px;\n}\n<\/style>\n<div  class='flex_column av-6cfj55-43e54b3e4da419ee2c74423b6146f4d7 av_two_third  avia-builder-el-1  el_after_av_layerslider  el_before_av_one_third  avia-builder-el-first  first flex_column_div av-zero-column-padding  '     ><section  class='av_textblock_section av-l8k8a3ub-eaf29a97cabdc7ed122a45de91062942 '   itemscope=\"itemscope\" itemtype=\"https:\/\/schema.org\/CreativeWork\" ><div class='avia_textblock'  itemprop=\"text\" ><h2>Sustentabilidade<\/h2>\n<p><strong><span style=\"color: #474747;\">Para a VSV como empresa familiar, a manuten\u00e7\u00e3o das nossas opera\u00e7\u00f5es comerciais est\u00e1 diretamente ligada \u00e0 compra e processamento sustent\u00e1vel do nosso peixe.<\/span><\/strong><\/p>\n<p>Ao lidar com cuidado com o mundo ao nosso redor, garantimos, para n\u00f3s e para a gera\u00e7\u00e3o futura, que os produtos que gostamos e com os quais convivemos continuar\u00e3o existindo.<br \/>\nO peixe que compramos, s\u00f3 \u00e9 portanto pescado de forma sustent\u00e1vel. Garantimos isso colaborando em n\u00edvel global com parceiros confi\u00e1veis \u200b\u200be certificados. Al\u00e9m disso, garantimos uma gest\u00e3o cuidadosa dos recursos hali\u00eauticos atrav\u00e9s de quotas e pesca sazonal.<\/p>\n<p>Muitos dos nossos peixes s\u00e3o certificados com MSC. Os termos de MSC incluem pesca sustent\u00e1vel e limitam o impacto da pesca no ecossistema.<\/p>\n<p><strong>Para tornar o nosso processo de produ\u00e7\u00e3o mais sustent\u00e1vel, fazemos, entre outras coisas, o seguinte:<\/strong><\/p>\n<ul>\n<li>Os ossos materiais de embalagem EPS s\u00e3o parcialmente feitos de mat\u00e9rias-primas recicladas e s\u00e3o 100% recicl\u00e1veis. Para evitar o m\u00ednimo desperdicio de EPS poss\u00edvel, temos uma trituradora para caixas de EPS desnecess\u00e1rias que as prepara para reciclagem.<\/li>\n<li>Tamb\u00e9m incentivamos o uso de paletes retorn\u00e1veis. Quando s\u00e3o usadas \u200b\u200bpaletes de madeira, s\u00e3o feitas de madeira de origem sustent\u00e1vel; isso pode ser reconhecido pelo logotipo especial nas paletes. Al\u00e9m disso reparamos internamente as paletes partidas para que possam ser reutilizadas.<\/li>\n<li>Reduzimos ao m\u00e1ximo o nosso consumo de papel trabalhando o mais poss\u00edvel online.<\/li>\n<li>Utilizamos a subst\u00e2ncia sustent\u00e1vel propano para o funcionamento da m\u00e1quina de refrigera\u00e7\u00e3o e gelo na nossa \u00e1rea de produ\u00e7\u00e3o.<\/li>\n<li>Ao utilizar portas r\u00e1pidas de fecho autom\u00e1tico, a refrigera\u00e7\u00e3o \u00e9 retida de melhor forma, limitando a perda de energia.<\/li>\n<\/ul>\n<\/div><\/section><\/div>\n<style type=\"text\/css\" data-created_by=\"avia_inline_auto\" id=\"style-css-av-hbfqx-785386a93c1c364856039916a3ca892d\">\n.flex_column.av-hbfqx-785386a93c1c364856039916a3ca892d{\nborder-radius:0px 0px 0px 0px;\npadding:0px 0px 0px 0px;\n}\n<\/style>\n<div  class='flex_column av-hbfqx-785386a93c1c364856039916a3ca892d av_one_third  avia-builder-el-3  el_after_av_two_third  avia-builder-el-last  flex_column_div av-zero-column-padding  '     ><section  class='av_textblock_section av-2zygvt-58b1b4210a790e4ca5b8121d6046f07e '   itemscope=\"itemscope\" itemtype=\"https:\/\/schema.org\/CreativeWork\" ><div class='avia_textblock'  itemprop=\"text\" ><h4 class=\"shortcode_h5\">Zeevisgroothandel V.S.V.<br \/>\nVan Slooten Vis IJmuiden B.V.<\/h4>\n<p>Vissershavenstraat 35<br \/>\n1976 DB IJmuiden<br \/>\nHolanda<\/p>\n<p><a href=\"mailto:vsv@vsv-ijmuiden.nl\">vsv@vsv-ijmuiden.nl<\/a><\/p>\n<p>Tel. +31 (0) 255 537 576<br \/>\nFax +31 (0) 255 513 729<\/p>\n<\/div><\/section><\/div><\/p>\n","protected":false},"excerpt":{"rendered":"","protected":false},"author":1,"featured_media":0,"parent":0,"menu_order":0,"comment_status":"closed","ping_status":"closed","template":"","meta":{"footnotes":""},"class_list":["post-7144","page","type-page","status-publish","hentry"],"yoast_head":"<!-- This site is optimized with the Yoast SEO plugin v27.4 - https:\/\/yoast.com\/product\/yoast-seo-wordpress\/ -->\n<title>Sustentabilidade | VSV Van Slooten Vis IJmuiden<\/title>\n<meta name=\"description\" content=\"Para a VSV como empresa familiar, a manuten\u00e7\u00e3o das nossas opera\u00e7\u00f5es comerciais est\u00e1 diretamente ligada \u00e0 compra e processamento sustent\u00e1vel do nosso peixe.\" \/>\n<meta name=\"robots\" content=\"index, follow, max-snippet:-1, max-image-preview:large, max-video-preview:-1\" \/>\n<link rel=\"canonical\" href=\"https:\/\/vsv-ijmuiden.nl\/pt-pt\/sustentabilidade\/\" \/>\n<meta property=\"og:locale\" content=\"pt_PT\" \/>\n<meta property=\"og:type\" content=\"article\" \/>\n<meta property=\"og:title\" content=\"Sustentabilidade | VSV Van Slooten Vis IJmuiden\" \/>\n<meta property=\"og:description\" content=\"Para a VSV como empresa familiar, a manuten\u00e7\u00e3o das nossas opera\u00e7\u00f5es comerciais est\u00e1 diretamente ligada \u00e0 compra e processamento sustent\u00e1vel do nosso peixe.\" \/>\n<meta property=\"og:url\" content=\"https:\/\/vsv-ijmuiden.nl\/pt-pt\/sustentabilidade\/\" \/>\n<meta property=\"og:site_name\" content=\"Van Slooten Vis IJmuiden\" \/>\n<meta property=\"article:modified_time\" content=\"2022-10-13T08:38:50+00:00\" \/>\n<meta name=\"twitter:card\" content=\"summary_large_image\" \/>\n<meta name=\"twitter:label1\" content=\"Est. reading time\" \/>\n\t<meta name=\"twitter:data1\" content=\"2 minutes\" \/>\n<script type=\"application\/ld+json\" class=\"yoast-schema-graph\">{\"@context\":\"https:\\\/\\\/schema.org\",\"@graph\":[{\"@type\":\"WebPage\",\"@id\":\"https:\\\/\\\/vsv-ijmuiden.nl\\\/pt-pt\\\/sustentabilidade\\\/\",\"url\":\"https:\\\/\\\/vsv-ijmuiden.nl\\\/pt-pt\\\/sustentabilidade\\\/\",\"name\":\"Sustentabilidade | VSV Van Slooten Vis IJmuiden\",\"isPartOf\":{\"@id\":\"https:\\\/\\\/vsv-ijmuiden.nl\\\/#website\"},\"datePublished\":\"2022-09-27T13:22:21+00:00\",\"dateModified\":\"2022-10-13T08:38:50+00:00\",\"description\":\"Para a VSV como empresa familiar, a manuten\u00e7\u00e3o das nossas opera\u00e7\u00f5es comerciais est\u00e1 diretamente ligada \u00e0 compra e processamento sustent\u00e1vel do nosso peixe.\",\"breadcrumb\":{\"@id\":\"https:\\\/\\\/vsv-ijmuiden.nl\\\/pt-pt\\\/sustentabilidade\\\/#breadcrumb\"},\"inLanguage\":\"pt-PT\",\"potentialAction\":[{\"@type\":\"ReadAction\",\"target\":[\"https:\\\/\\\/vsv-ijmuiden.nl\\\/pt-pt\\\/sustentabilidade\\\/\"]}]},{\"@type\":\"BreadcrumbList\",\"@id\":\"https:\\\/\\\/vsv-ijmuiden.nl\\\/pt-pt\\\/sustentabilidade\\\/#breadcrumb\",\"itemListElement\":[{\"@type\":\"ListItem\",\"position\":1,\"name\":\"Home\",\"item\":\"https:\\\/\\\/vsv-ijmuiden.nl\\\/pt-pt\\\/van-slooten-vis-ijmuiden\\\/\"},{\"@type\":\"ListItem\",\"position\":2,\"name\":\"Sustentabilidade\"}]},{\"@type\":\"WebSite\",\"@id\":\"https:\\\/\\\/vsv-ijmuiden.nl\\\/#website\",\"url\":\"https:\\\/\\\/vsv-ijmuiden.nl\\\/\",\"name\":\"Van Slooten Vis IJmuiden\",\"description\":\"\",\"potentialAction\":[{\"@type\":\"SearchAction\",\"target\":{\"@type\":\"EntryPoint\",\"urlTemplate\":\"https:\\\/\\\/vsv-ijmuiden.nl\\\/?s={search_term_string}\"},\"query-input\":{\"@type\":\"PropertyValueSpecification\",\"valueRequired\":true,\"valueName\":\"search_term_string\"}}],\"inLanguage\":\"pt-PT\"}]}<\/script>\n<!-- \/ Yoast SEO plugin. -->","yoast_head_json":{"title":"Sustentabilidade | VSV Van Slooten Vis IJmuiden","description":"Para a VSV como empresa familiar, a manuten\u00e7\u00e3o das nossas opera\u00e7\u00f5es comerciais est\u00e1 diretamente ligada \u00e0 compra e processamento sustent\u00e1vel do nosso peixe.","robots":{"index":"index","follow":"follow","max-snippet":"max-snippet:-1","max-image-preview":"max-image-preview:large","max-video-preview":"max-video-preview:-1"},"canonical":"https:\/\/vsv-ijmuiden.nl\/pt-pt\/sustentabilidade\/","og_locale":"pt_PT","og_type":"article","og_title":"Sustentabilidade | VSV Van Slooten Vis IJmuiden","og_description":"Para a VSV como empresa familiar, a manuten\u00e7\u00e3o das nossas opera\u00e7\u00f5es comerciais est\u00e1 diretamente ligada \u00e0 compra e processamento sustent\u00e1vel do nosso peixe.","og_url":"https:\/\/vsv-ijmuiden.nl\/pt-pt\/sustentabilidade\/","og_site_name":"Van Slooten Vis IJmuiden","article_modified_time":"2022-10-13T08:38:50+00:00","twitter_card":"summary_large_image","twitter_misc":{"Est. reading time":"2 minutes"},"schema":{"@context":"https:\/\/schema.org","@graph":[{"@type":"WebPage","@id":"https:\/\/vsv-ijmuiden.nl\/pt-pt\/sustentabilidade\/","url":"https:\/\/vsv-ijmuiden.nl\/pt-pt\/sustentabilidade\/","name":"Sustentabilidade | VSV Van Slooten Vis IJmuiden","isPartOf":{"@id":"https:\/\/vsv-ijmuiden.nl\/#website"},"datePublished":"2022-09-27T13:22:21+00:00","dateModified":"2022-10-13T08:38:50+00:00","description":"Para a VSV como empresa familiar, a manuten\u00e7\u00e3o das nossas opera\u00e7\u00f5es comerciais est\u00e1 diretamente ligada \u00e0 compra e processamento sustent\u00e1vel do nosso peixe.","breadcrumb":{"@id":"https:\/\/vsv-ijmuiden.nl\/pt-pt\/sustentabilidade\/#breadcrumb"},"inLanguage":"pt-PT","potentialAction":[{"@type":"ReadAction","target":["https:\/\/vsv-ijmuiden.nl\/pt-pt\/sustentabilidade\/"]}]},{"@type":"BreadcrumbList","@id":"https:\/\/vsv-ijmuiden.nl\/pt-pt\/sustentabilidade\/#breadcrumb","itemListElement":[{"@type":"ListItem","position":1,"name":"Home","item":"https:\/\/vsv-ijmuiden.nl\/pt-pt\/van-slooten-vis-ijmuiden\/"},{"@type":"ListItem","position":2,"name":"Sustentabilidade"}]},{"@type":"WebSite","@id":"https:\/\/vsv-ijmuiden.nl\/#website","url":"https:\/\/vsv-ijmuiden.nl\/","name":"Van Slooten Vis IJmuiden","description":"","potentialAction":[{"@type":"SearchAction","target":{"@type":"EntryPoint","urlTemplate":"https:\/\/vsv-ijmuiden.nl\/?s={search_term_string}"},"query-input":{"@type":"PropertyValueSpecification","valueRequired":true,"valueName":"search_term_string"}}],"inLanguage":"pt-PT"}]}},"_links":{"self":[{"href":"https:\/\/vsv-ijmuiden.nl\/pt-pt\/wp-json\/wp\/v2\/pages\/7144","targetHints":{"allow":["GET"]}}],"collection":[{"href":"https:\/\/vsv-ijmuiden.nl\/pt-pt\/wp-json\/wp\/v2\/pages"}],"about":[{"href":"https:\/\/vsv-ijmuiden.nl\/pt-pt\/wp-json\/wp\/v2\/types\/page"}],"author":[{"embeddable":true,"href":"https:\/\/vsv-ijmuiden.nl\/pt-pt\/wp-json\/wp\/v2\/users\/1"}],"replies":[{"embeddable":true,"href":"https:\/\/vsv-ijmuiden.nl\/pt-pt\/wp-json\/wp\/v2\/comments?post=7144"}],"version-history":[{"count":3,"href":"https:\/\/vsv-ijmuiden.nl\/pt-pt\/wp-json\/wp\/v2\/pages\/7144\/revisions"}],"predecessor-version":[{"id":7182,"href":"https:\/\/vsv-ijmuiden.nl\/pt-pt\/wp-json\/wp\/v2\/pages\/7144\/revisions\/7182"}],"wp:attachment":[{"href":"https:\/\/vsv-ijmuiden.nl\/pt-pt\/wp-json\/wp\/v2\/media?parent=7144"}],"curies":[{"name":"wp","href":"https:\/\/api.w.org\/{rel}","templated":true}]}}